{"id":42028,"date":"2025-04-10T12:12:05","date_gmt":"2025-04-10T10:12:05","guid":{"rendered":"https:\/\/myspainfood.com\/producto\/la-vieja-fabrica-dulceata-de-portocale-amare-280-g\/"},"modified":"2025-04-10T12:12:05","modified_gmt":"2025-04-10T10:12:05","slug":"la-vieja-fabrica-dulceata-de-portocale-amare-280-g","status":"publish","type":"product","link":"https:\/\/myspainfood.com\/ro\/producto\/la-vieja-fabrica-dulceata-de-portocale-amare-280-g\/","title":{"rendered":"La Vieja F\u00e1brica Dulcea\u021b\u0103 de portocale amare 280 g"},"content":{"rendered":"<p>Marmelada de portocale amare La Vieja F\u00e1brica este un produs spaniol tradi\u021bional care se remarc\u0103 prin gustul s\u0103u autentic \u0219i delicios. Realizat\u0103 cu cele mai bune portocale amare \u0219i dup\u0103 re\u021bete tradi\u021bionale, ofer\u0103 un echilibru perfect \u00eentre dulcea\u021b\u0103 \u0219i am\u0103r\u0103ciune. Ideal\u0103 pentru a \u00eenso\u021bi micul dejun, gust\u0103rile sau deserturile, aceast\u0103 marmelad\u0103 este un deliciu care aduce pe masa dvs. bog\u0103\u021bia aromelor tradi\u021bionale din Spania.  <\/p>\n<p>&nbsp;<\/p>\n<p><span class=\"info-key \"><strong>Denumirea produsului alimentar<\/strong>:<\/span> Marmelad\u0103 de portocale amare<\/p>\n<p><span class=\"info-key \"><strong>Denumirea operatorului<\/strong>:<\/span> \u00c1ngel Camacho Alimentaci\u00f3n, S.L.<\/p>\n<p><span class=\"info-key \"><strong>Adresa operatorului<\/strong>:<\/span> Avda. del Pilar, 6 - 41530 Mor\u00f3n de la Frontera (Sevilla)<\/p>\n<p><span class=\"info-key \"><strong>Locul de origine al produsului alimentar<\/strong>:<\/span> Produs din Spania<\/p>\n<p><span class=\"info-key \"><strong>Cantitate net\u0103<\/strong>:<\/span> 365 g<\/p>\n<p><span class=\"info-key \"><strong>Alte informa\u021bii obligatorii privind etichetarea<\/strong>:<\/span> Fabricat din 40 g de portocale la 100 g.<\/p>\n<p><strong>Con\u021binut total de zah\u0103r<\/strong> 65 g la 100 g.<\/p>\n","protected":false},"excerpt":{"rendered":"<p>Marmelada de portocale amare La Vieja F\u00e1brica este un produs spaniol tradi\u021bional care se remarc\u0103 prin gustul s\u0103u autentic \u0219i delicios. Realizat\u0103 cu cele mai bune portocale amare \u0219i dup\u0103 re\u021bete tradi\u021bionale, ofer\u0103 un echilibru perfect \u00eentre dulcea\u021b\u0103 \u0219i am\u0103r\u0103ciune. Ideal\u0103 pentru a \u00eenso\u021bi micul dejun, gust\u0103rile sau deserturile, aceast\u0103 marmelad\u0103 este un deliciu care [&hellip;]<\/p>\n","protected":false},"featured_media":14216,"template":"","meta":{"_et_pb_use_builder":"","_et_pb_old_content":"","_et_gb_content_width":""},"product_brand":[1460],"product_cat":[1975],"product_tag":[],"class_list":{"0":"post-42028","1":"product","2":"type-product","3":"status-publish","4":"has-post-thumbnail","6":"product_brand-la-vieja-fabrica","7":"product_cat-conserve-ro","9":"first","10":"outofstock","11":"taxable","12":"shipping-taxable","13":"product-type-variable"},"_links":{"self":[{"href":"https:\/\/myspainfood.com\/ro\/wp-json\/wp\/v2\/product\/42028","targetHints":{"allow":["GET"]}}],"collection":[{"href":"https:\/\/myspainfood.com\/ro\/wp-json\/wp\/v2\/product"}],"about":[{"href":"https:\/\/myspainfood.com\/ro\/wp-json\/wp\/v2\/types\/product"}],"wp:featuredmedia":[{"embeddable":true,"href":"https:\/\/myspainfood.com\/ro\/wp-json\/wp\/v2\/media\/14216"}],"wp:attachment":[{"href":"https:\/\/myspainfood.com\/ro\/wp-json\/wp\/v2\/media?parent=42028"}],"wp:term":[{"taxonomy":"product_brand","embeddable":true,"href":"https:\/\/myspainfood.com\/ro\/wp-json\/wp\/v2\/product_brand?post=42028"},{"taxonomy":"product_cat","embeddable":true,"href":"https:\/\/myspainfood.com\/ro\/wp-json\/wp\/v2\/product_cat?post=42028"},{"taxonomy":"product_tag","embeddable":true,"href":"https:\/\/myspainfood.com\/ro\/wp-json\/wp\/v2\/product_tag?post=42028"}],"curies":[{"name":"wp","href":"https:\/\/api.w.org\/{rel}","templated":true}]}}