{"id":42257,"date":"2025-04-10T12:11:14","date_gmt":"2025-04-10T10:11:14","guid":{"rendered":"https:\/\/myspainfood.com\/producto\/pico-nougat-de-migdale-200-grame-jijona\/"},"modified":"2025-04-10T12:11:14","modified_gmt":"2025-04-10T10:11:14","slug":"pico-nougat-de-migdale-200-grame-jijona","status":"publish","type":"product","link":"https:\/\/myspainfood.com\/ro\/producto\/pico-nougat-de-migdale-200-grame-jijona\/","title":{"rendered":"Pic\u00f3 Nougat de migdale 200 grame Jijona"},"content":{"rendered":"<p>Mierea \u0219i migdalele sunt cele dou\u0103 elemente esen\u021biale care alc\u0103tuiesc turta fabricat\u0103 \u00een Jijona, sub sigiliul Indica\u021biei Geografice Protejate acordat de Consiliul de reglementare. Pentru a-i descoperi originile, este necesar s\u0103 privim \u00een urm\u0103 \u0219i \u00een jos, spre p\u0103m\u00e2nt. Primii turroneros erau de fapt fermieri care cultivau migdali \u0219i colectau miere, dar iarna, c\u00e2nd ningea, trebuiau s\u0103 supravie\u021buiasc\u0103. De aceea, le-a venit ideea de a transforma materia prim\u0103 pe care o produceau \u00eentr-un produs alimentar pe care s\u0103-l poat\u0103 vinde la t\u00e2rgurile din acea vreme.   <\/p>\n<p>Condi\u021biile climatice \u0219i geologice din provincia Alicante sunt deosebit de potrivite pentru cultivarea migdalului, care cre\u0219te numai \u00een climatul mediteranean. O alt\u0103 particularitate a acestui arbore este c\u0103, pentru a se reproduce, trebuie s\u0103 fie polenizat, de unde necesitatea de a facilita albinelor \u00eendeplinirea func\u021biei lor \u0219i producerea de miere. Cu toate acestea, pentru ca turta s\u0103 nu fie doar un simplu amestec de zah\u0103r, migdale \u0219i miere, trebuie urmate procese riguroase \u0219i ancestrale de produc\u021bie \u0219i calitate.  <\/p>\n<p>Ingrediente Migdale pr\u0103jite 64%, zah\u0103r, miere, albu\u0219 de ou \u0219i emulgator e-471<\/p>\n<p><strong>DATA EXPIR\u0102RII 02\/2024<\/strong><\/p>\n","protected":false},"excerpt":{"rendered":"<p>Mierea \u0219i migdalele sunt cele dou\u0103 elemente esen\u021biale care alc\u0103tuiesc turta fabricat\u0103 \u00een Jijona, sub sigiliul Indica\u021biei Geografice Protejate acordat de Consiliul de reglementare. Pentru a-i descoperi originile, este necesar s\u0103 privim \u00een urm\u0103 \u0219i \u00een jos, spre p\u0103m\u00e2nt. Primii turroneros erau de fapt fermieri care cultivau migdali \u0219i colectau miere, dar iarna, c\u00e2nd ningea, [&hellip;]<\/p>\n","protected":false},"featured_media":13667,"template":"","meta":{"_et_pb_use_builder":"","_et_pb_old_content":"","_et_gb_content_width":""},"product_brand":[1414],"product_cat":[1975,7717],"product_tag":[],"class_list":{"0":"post-42257","1":"product","2":"type-product","3":"status-publish","4":"has-post-thumbnail","6":"product_brand-pico","7":"product_cat-conserve-ro","8":"product_cat-special-de-craciun","10":"first","11":"outofstock","12":"taxable","13":"shipping-taxable","14":"product-type-variable"},"_links":{"self":[{"href":"https:\/\/myspainfood.com\/ro\/wp-json\/wp\/v2\/product\/42257","targetHints":{"allow":["GET"]}}],"collection":[{"href":"https:\/\/myspainfood.com\/ro\/wp-json\/wp\/v2\/product"}],"about":[{"href":"https:\/\/myspainfood.com\/ro\/wp-json\/wp\/v2\/types\/product"}],"wp:featuredmedia":[{"embeddable":true,"href":"https:\/\/myspainfood.com\/ro\/wp-json\/wp\/v2\/media\/13667"}],"wp:attachment":[{"href":"https:\/\/myspainfood.com\/ro\/wp-json\/wp\/v2\/media?parent=42257"}],"wp:term":[{"taxonomy":"product_brand","embeddable":true,"href":"https:\/\/myspainfood.com\/ro\/wp-json\/wp\/v2\/product_brand?post=42257"},{"taxonomy":"product_cat","embeddable":true,"href":"https:\/\/myspainfood.com\/ro\/wp-json\/wp\/v2\/product_cat?post=42257"},{"taxonomy":"product_tag","embeddable":true,"href":"https:\/\/myspainfood.com\/ro\/wp-json\/wp\/v2\/product_tag?post=42257"}],"curies":[{"name":"wp","href":"https:\/\/api.w.org\/{rel}","templated":true}]}}