{"id":42930,"date":"2025-04-10T12:11:37","date_gmt":"2025-04-10T10:11:37","guid":{"rendered":"https:\/\/myspainfood.com\/producto\/ursuleti-de-plus-care-deseneaza-zambete-1-kg-damel\/"},"modified":"2025-04-10T12:11:37","modified_gmt":"2025-04-10T10:11:37","slug":"ursuleti-de-plus-care-deseneaza-zambete-1-kg-damel","status":"publish","type":"product","link":"https:\/\/myspainfood.com\/ro\/producto\/ursuleti-de-plus-care-deseneaza-zambete-1-kg-damel\/","title":{"rendered":"Ursule\u021bi de plu\u0219 care deseneaz\u0103 z\u00e2mbete 1 kg DAMEL"},"content":{"rendered":"","protected":false},"excerpt":{"rendered":"<p>Damel este o lume distractiv\u0103 care te face s\u0103 te sim\u021bi bine. De fiecare dat\u0103 c\u00e2nd deschizi o pung\u0103 de Damel, ai pe fa\u021b\u0103 un z\u00e2mbet de satisfac\u021bie \u0219i bucurie.<\/p>\n<p>La Damel pute\u021bi g\u0103si o gam\u0103 extins\u0103 de produse de \u00eenalt\u0103 calitate, pline de arome, culori \u0219i texturi. Concepute pentru tine \u00een orice moment \u0219i pentru orice ocazie: de la pungi mici, formate mari, arome mixte sau aroma pe care o iube\u0219ti cel mai mult! <\/p>\n","protected":false},"featured_media":13847,"template":"","meta":{"_et_pb_use_builder":"","_et_pb_old_content":"","_et_gb_content_width":""},"product_brand":[1435],"product_cat":[1975,7717],"product_tag":[],"class_list":{"0":"post-42930","1":"product","2":"type-product","3":"status-publish","4":"has-post-thumbnail","6":"product_brand-damel","7":"product_cat-conserve-ro","8":"product_cat-special-de-craciun","10":"first","11":"outofstock","12":"taxable","13":"shipping-taxable","14":"purchasable","15":"product-type-simple"},"_links":{"self":[{"href":"https:\/\/myspainfood.com\/ro\/wp-json\/wp\/v2\/product\/42930","targetHints":{"allow":["GET"]}}],"collection":[{"href":"https:\/\/myspainfood.com\/ro\/wp-json\/wp\/v2\/product"}],"about":[{"href":"https:\/\/myspainfood.com\/ro\/wp-json\/wp\/v2\/types\/product"}],"wp:featuredmedia":[{"embeddable":true,"href":"https:\/\/myspainfood.com\/ro\/wp-json\/wp\/v2\/media\/13847"}],"wp:attachment":[{"href":"https:\/\/myspainfood.com\/ro\/wp-json\/wp\/v2\/media?parent=42930"}],"wp:term":[{"taxonomy":"product_brand","embeddable":true,"href":"https:\/\/myspainfood.com\/ro\/wp-json\/wp\/v2\/product_brand?post=42930"},{"taxonomy":"product_cat","embeddable":true,"href":"https:\/\/myspainfood.com\/ro\/wp-json\/wp\/v2\/product_cat?post=42930"},{"taxonomy":"product_tag","embeddable":true,"href":"https:\/\/myspainfood.com\/ro\/wp-json\/wp\/v2\/product_tag?post=42930"}],"curies":[{"name":"wp","href":"https:\/\/api.w.org\/{rel}","templated":true}]}}