{"id":42986,"date":"2025-04-10T12:11:40","date_gmt":"2025-04-10T10:11:40","guid":{"rendered":"https:\/\/myspainfood.com\/producto\/nieva-cojonudos-sparanghel-alb-extra-13-16-foarte-gros\/"},"modified":"2025-04-10T12:11:40","modified_gmt":"2025-04-10T10:11:40","slug":"nieva-cojonudos-sparanghel-alb-extra-13-16-foarte-gros","status":"publish","type":"product","link":"https:\/\/myspainfood.com\/ro\/producto\/nieva-cojonudos-sparanghel-alb-extra-13-16-foarte-gros\/","title":{"rendered":"Nieva &#8221;Cojonudos&#8221; Sparanghel alb Extra 13\/16 foarte gros"},"content":{"rendered":"<p>Imersa\u021bi-v\u0103 \u00een rafinamentul sparanghelului alb foarte gros de Nieva \u0219i descoperi\u021bi o experien\u021b\u0103 culinar\u0103 unic\u0103! Fiecare sparanghel este atent selectat \u0219i cultivat pe cele mai fertile terenuri, garant\u00e2nd cea mai \u00eenalt\u0103 calitate \u0219i prospe\u021bime \u00een fiecare mu\u0219c\u0103tur\u0103. <\/p>\n<p>Sparanghelul alb marca Nieva se remarc\u0103 prin dimensiunea sa generoas\u0103 \u0219i textura ferm\u0103 \u0219i suculent\u0103. Cu un diametru excep\u021bional de mare, ace\u0219ti sparanghel sunt alegerea perfect\u0103 pentru cei care caut\u0103 o arom\u0103 intens\u0103 \u0219i o consisten\u021b\u0103 delicioas\u0103 \u00een fiecare por\u021bie. <\/p>\n<p>Provenit din cele mai atent cultivate c\u00e2mpuri \u0219i recoltat la maturitate optim\u0103, sparanghelul nostru alb este o comoar\u0103 a naturii care v\u0103 va \u00eenc\u00e2nta gustul \u0219i v\u0103 va ridica m\u00e2nc\u0103rurile la noi culmi gastronomice.<\/p>\n<p>Bucura\u021bi-v\u0103 de gustul lor bl\u00e2nd, u\u0219or amar \u0219i de textura fraged\u0103, dar rezistent\u0103. Fie c\u0103 \u00eei savura\u021bi ca garnitur\u0103 pentru m\u00e2nc\u0103rurile principale, \u00eei ad\u0103uga\u021bi la salate proaspete sau \u00eei \u00eencorpora\u021bi \u00een re\u021bete gourmet, sparanghelul alb foarte gros de la Nieva este alegerea perfect\u0103 pentru iubitorii de buc\u0103t\u0103rie rafinat\u0103. <\/p>\n<p>Surprinde\u021bi-v\u0103 oaspe\u021bii cu excelen\u021ba gastronomic\u0103 a sparanghelului nostru alb \u0219i transforma\u021bi fiecare mas\u0103 \u00eentr-o experien\u021b\u0103 de neuitat. Achizi\u021biona\u021bi-i acum \u0219i descoperi\u021bi de ce Nieva este sinonim cu o calitate excep\u021bional\u0103 \u0219i o arom\u0103 \u00een fiecare mu\u0219c\u0103tur\u0103! <\/p>\n","protected":false},"excerpt":{"rendered":"<p>Imersa\u021bi-v\u0103 \u00een rafinamentul sparanghelului alb foarte gros de Nieva \u0219i descoperi\u021bi o experien\u021b\u0103 culinar\u0103 unic\u0103! Fiecare sparanghel este atent selectat \u0219i cultivat pe cele mai fertile terenuri, garant\u00e2nd cea mai \u00eenalt\u0103 calitate \u0219i prospe\u021bime \u00een fiecare mu\u0219c\u0103tur\u0103. <\/p>\n","protected":false},"featured_media":14117,"template":"","meta":{"_et_pb_use_builder":"","_et_pb_old_content":"","_et_gb_content_width":""},"product_brand":[1458],"product_cat":[1975,6337],"product_tag":[],"class_list":{"0":"post-42986","1":"product","2":"type-product","3":"status-publish","4":"has-post-thumbnail","6":"product_brand-nieva-cojonudos","7":"product_cat-conserve-ro","8":"product_cat-sparanghel","10":"first","11":"outofstock","12":"taxable","13":"shipping-taxable","14":"product-type-variable"},"_links":{"self":[{"href":"https:\/\/myspainfood.com\/ro\/wp-json\/wp\/v2\/product\/42986","targetHints":{"allow":["GET"]}}],"collection":[{"href":"https:\/\/myspainfood.com\/ro\/wp-json\/wp\/v2\/product"}],"about":[{"href":"https:\/\/myspainfood.com\/ro\/wp-json\/wp\/v2\/types\/product"}],"wp:featuredmedia":[{"embeddable":true,"href":"https:\/\/myspainfood.com\/ro\/wp-json\/wp\/v2\/media\/14117"}],"wp:attachment":[{"href":"https:\/\/myspainfood.com\/ro\/wp-json\/wp\/v2\/media?parent=42986"}],"wp:term":[{"taxonomy":"product_brand","embeddable":true,"href":"https:\/\/myspainfood.com\/ro\/wp-json\/wp\/v2\/product_brand?post=42986"},{"taxonomy":"product_cat","embeddable":true,"href":"https:\/\/myspainfood.com\/ro\/wp-json\/wp\/v2\/product_cat?post=42986"},{"taxonomy":"product_tag","embeddable":true,"href":"https:\/\/myspainfood.com\/ro\/wp-json\/wp\/v2\/product_tag?post=42986"}],"curies":[{"name":"wp","href":"https:\/\/api.w.org\/{rel}","templated":true}]}}