{"id":43017,"date":"2025-04-10T12:12:29","date_gmt":"2025-04-10T10:12:29","guid":{"rendered":"https:\/\/myspainfood.com\/producto\/santos-sodupe-rioja-young-red-descuido\/"},"modified":"2026-01-29T12:40:58","modified_gmt":"2026-01-29T11:40:58","slug":"santos-sodupe-rioja-young-red-descuido","status":"publish","type":"product","link":"https:\/\/myspainfood.com\/ro\/producto\/santos-sodupe-rioja-young-red-descuido\/","title":{"rendered":"Santos Sodupe Rioja Young Red DESCUIDO"},"content":{"rendered":"<p>Macerare carbonic\u0103 tradi\u021bional\u0103<\/p>\n<p>Macerare la rece<\/p>\n<p>Presare la presiune joas\u0103, suc liber<\/p>\n<p>Cur\u0103\u021barea prin decantare (desludare)<\/p>\n<p>Fermentare la temperatur\u0103 controlat\u0103<\/p>\n<p>Recolt\u0103 selectat\u0103 pe vi\u021b\u0103 de vie<\/p>\n<p>Specifica\u021bii tehnice<\/p>\n<p>Ro\u0219u t\u00e2n\u0103r<\/p>\n<p>85% tempranillo, 10% viura, 5% graciano<\/p>\n<p>Bodegas Santos Sodupe<\/p>\n<p>San Asensio, La Rioja<\/p>\n<p>D.O.C. Rioja<\/p>\n<p>75cl \/ 12,5%vol.<\/p>\n<p>Con\u021bine sulfi\u021bi<\/p>\n","protected":false},"excerpt":{"rendered":"<p>Macerare carbonic\u0103 tradi\u021bional\u0103 Macerare la rece Presare la presiune joas\u0103, suc liber Cur\u0103\u021barea prin decantare (desludare) Fermentare la temperatur\u0103 controlat\u0103 Recolt\u0103 selectat\u0103 pe vi\u021b\u0103 de vie Specifica\u021bii tehnice Ro\u0219u t\u00e2n\u0103r 85% tempranillo, 10% viura, 5% graciano Bodegas Santos Sodupe San Asensio, La Rioja D.O.C. Rioja 75cl \/ 12,5%vol. Con\u021bine sulfi\u021bi<\/p>\n","protected":false},"featured_media":14315,"template":"","meta":{"_et_pb_use_builder":"","_et_pb_old_content":"","_et_gb_content_width":""},"product_brand":[1459],"product_cat":[4868,6263],"product_tag":[],"class_list":{"0":"post-43017","1":"product","2":"type-product","3":"status-publish","4":"has-post-thumbnail","6":"product_brand-santos-sodupe","7":"product_cat-bauturi","8":"product_cat-vin-ro-3","10":"first","11":"outofstock","12":"taxable","13":"shipping-taxable","14":"product-type-variable"},"_links":{"self":[{"href":"https:\/\/myspainfood.com\/ro\/wp-json\/wp\/v2\/product\/43017","targetHints":{"allow":["GET"]}}],"collection":[{"href":"https:\/\/myspainfood.com\/ro\/wp-json\/wp\/v2\/product"}],"about":[{"href":"https:\/\/myspainfood.com\/ro\/wp-json\/wp\/v2\/types\/product"}],"wp:featuredmedia":[{"embeddable":true,"href":"https:\/\/myspainfood.com\/ro\/wp-json\/wp\/v2\/media\/14315"}],"wp:attachment":[{"href":"https:\/\/myspainfood.com\/ro\/wp-json\/wp\/v2\/media?parent=43017"}],"wp:term":[{"taxonomy":"product_brand","embeddable":true,"href":"https:\/\/myspainfood.com\/ro\/wp-json\/wp\/v2\/product_brand?post=43017"},{"taxonomy":"product_cat","embeddable":true,"href":"https:\/\/myspainfood.com\/ro\/wp-json\/wp\/v2\/product_cat?post=43017"},{"taxonomy":"product_tag","embeddable":true,"href":"https:\/\/myspainfood.com\/ro\/wp-json\/wp\/v2\/product_tag?post=43017"}],"curies":[{"name":"wp","href":"https:\/\/api.w.org\/{rel}","templated":true}]}}