{"id":43207,"date":"2025-04-10T12:11:27","date_gmt":"2025-04-10T10:11:27","guid":{"rendered":"https:\/\/myspainfood.com\/producto\/paine-scurta-de-casa-500-grame-punga-la-ponderosa\/"},"modified":"2025-07-31T16:53:16","modified_gmt":"2025-07-31T14:53:16","slug":"paine-scurta-de-casa-500-grame-punga-la-ponderosa","status":"publish","type":"product","link":"https:\/\/myspainfood.com\/ro\/producto\/paine-scurta-de-casa-500-grame-punga-la-ponderosa\/","title":{"rendered":"P\u00e2ine scurt\u0103 de cas\u0103 500 grame pung\u0103 La Ponderosa"},"content":{"rendered":"<p>Ciocolat\u0103, l\u0103m\u00e2ie, scor\u021bi\u0219oar\u0103&#8230; Exist\u0103 multe arome de mantecados pe pia\u021b\u0103, dar dac\u0103 exist\u0103 unele care sunt obligatorii pe masa de Cr\u0103ciun, acestea sunt mantecados de cas\u0103. Amestecul de calitate, deoarece mantecados noastre de cas\u0103 sunt f\u0103cute cu cele mai bune ingrediente, cu me\u0219te\u0219ugul, tradi\u021bia unui produs care a fost comercializat de ani de zile \u00een \u021bara noastr\u0103, \u00eel fac unul dintre cele mai bine v\u00e2ndute produse \u00een r\u00e2ndul clien\u021bilor no\u0219tri. <\/p>\n<p>Ingrediente:<\/p>\n<p>F\u0103in\u0103 de gr\u00e2u, zah\u0103r, untur\u0103 iberic\u0103 (antioxidant: E-320), scor\u021bi\u0219oar\u0103 \u0219i semin\u021be de susan. Poate con\u021bine urme de nuci, alune \u0219i sulfi\u021bi. <\/p>\n<p>Alergeni<\/p>\n<p>Con\u021bine gluten \u0219i susan. Poate con\u021bine urme de nuci, alune \u0219i sulfi\u021bi. <\/p>\n","protected":false},"excerpt":{"rendered":"<p>Ciocolat\u0103, l\u0103m\u00e2ie, scor\u021bi\u0219oar\u0103&#8230; Exist\u0103 multe arome de mantecados pe pia\u021b\u0103, dar dac\u0103 exist\u0103 unele care sunt obligatorii pe masa de Cr\u0103ciun, acestea sunt mantecados de cas\u0103. Amestecul de calitate, deoarece mantecados noastre de cas\u0103 sunt f\u0103cute cu cele mai bune ingrediente, cu me\u0219te\u0219ugul, tradi\u021bia unui produs care a fost comercializat de ani de zile \u00een [&hellip;]<\/p>\n","protected":false},"featured_media":13775,"template":"","meta":{"_et_pb_use_builder":"","_et_pb_old_content":"","_et_gb_content_width":""},"product_brand":[1417],"product_cat":[1975,7717],"product_tag":[],"class_list":{"0":"post-43207","1":"product","2":"type-product","3":"status-publish","4":"has-post-thumbnail","6":"product_brand-la-ponderosa","7":"product_cat-conserve-ro","8":"product_cat-special-de-craciun","10":"first","11":"outofstock","12":"taxable","13":"shipping-taxable","14":"product-type-variable"},"_links":{"self":[{"href":"https:\/\/myspainfood.com\/ro\/wp-json\/wp\/v2\/product\/43207","targetHints":{"allow":["GET"]}}],"collection":[{"href":"https:\/\/myspainfood.com\/ro\/wp-json\/wp\/v2\/product"}],"about":[{"href":"https:\/\/myspainfood.com\/ro\/wp-json\/wp\/v2\/types\/product"}],"wp:featuredmedia":[{"embeddable":true,"href":"https:\/\/myspainfood.com\/ro\/wp-json\/wp\/v2\/media\/13775"}],"wp:attachment":[{"href":"https:\/\/myspainfood.com\/ro\/wp-json\/wp\/v2\/media?parent=43207"}],"wp:term":[{"taxonomy":"product_brand","embeddable":true,"href":"https:\/\/myspainfood.com\/ro\/wp-json\/wp\/v2\/product_brand?post=43207"},{"taxonomy":"product_cat","embeddable":true,"href":"https:\/\/myspainfood.com\/ro\/wp-json\/wp\/v2\/product_cat?post=43207"},{"taxonomy":"product_tag","embeddable":true,"href":"https:\/\/myspainfood.com\/ro\/wp-json\/wp\/v2\/product_tag?post=43207"}],"curies":[{"name":"wp","href":"https:\/\/api.w.org\/{rel}","templated":true}]}}