{"id":43634,"date":"2025-04-10T12:05:33","date_gmt":"2025-04-10T10:05:33","guid":{"rendered":"https:\/\/myspainfood.com\/producto\/olive-machacamoya\/"},"modified":"2025-05-12T23:24:06","modified_gmt":"2025-05-12T21:24:06","slug":"olive-machacamoya","status":"publish","type":"product","link":"https:\/\/myspainfood.com\/ro\/producto\/olive-machacamoya\/","title":{"rendered":"Olive Machacamoya"},"content":{"rendered":"<p>M\u0103slina Machacamoya se remarc\u0103 prin gustul s\u0103u amar tipic. Pentru palatele cele mai selecte, este o m\u0103slin\u0103 oval\u0103, condimentat\u0103 cu usturoi \u0219i paprika, ierburi aromatice \u0219i o\u021bet. Este o m\u0103slin\u0103 foarte popular\u0103 \u00een baruri. Perfect de combinat cu un vin spaniol sau un pahar de bere.   <\/p>\n","protected":false},"excerpt":{"rendered":"<p>M\u0103slina Machacamoya se remarc\u0103 prin gustul s\u0103u amar tipic. Pentru palatele cele mai selecte, este o m\u0103slin\u0103 oval\u0103, condimentat\u0103 cu usturoi \u0219i paprika, ierburi aromatice \u0219i o\u021bet. Este o m\u0103slin\u0103 foarte popular\u0103 \u00een baruri. Perfect de combinat cu un vin spaniol sau un pahar de bere.<\/p>\n","protected":false},"featured_media":7673,"template":"","meta":{"_et_pb_use_builder":"","_et_pb_old_content":"","_et_gb_content_width":""},"product_brand":[1057],"product_cat":[1600,1598],"product_tag":[8937],"class_list":{"0":"post-43634","1":"product","2":"type-product","3":"status-publish","4":"has-post-thumbnail","6":"product_brand-la-encajera","7":"product_cat-masline","8":"product_cat-muraturi","9":"product_tag-machacamoya-ro","11":"first","12":"outofstock","13":"taxable","14":"shipping-taxable","15":"product-type-variable"},"_links":{"self":[{"href":"https:\/\/myspainfood.com\/ro\/wp-json\/wp\/v2\/product\/43634","targetHints":{"allow":["GET"]}}],"collection":[{"href":"https:\/\/myspainfood.com\/ro\/wp-json\/wp\/v2\/product"}],"about":[{"href":"https:\/\/myspainfood.com\/ro\/wp-json\/wp\/v2\/types\/product"}],"wp:featuredmedia":[{"embeddable":true,"href":"https:\/\/myspainfood.com\/ro\/wp-json\/wp\/v2\/media\/7673"}],"wp:attachment":[{"href":"https:\/\/myspainfood.com\/ro\/wp-json\/wp\/v2\/media?parent=43634"}],"wp:term":[{"taxonomy":"product_brand","embeddable":true,"href":"https:\/\/myspainfood.com\/ro\/wp-json\/wp\/v2\/product_brand?post=43634"},{"taxonomy":"product_cat","embeddable":true,"href":"https:\/\/myspainfood.com\/ro\/wp-json\/wp\/v2\/product_cat?post=43634"},{"taxonomy":"product_tag","embeddable":true,"href":"https:\/\/myspainfood.com\/ro\/wp-json\/wp\/v2\/product_tag?post=43634"}],"curies":[{"name":"wp","href":"https:\/\/api.w.org\/{rel}","templated":true}]}}