{"id":43665,"date":"2025-04-10T12:05:33","date_gmt":"2025-04-10T10:05:33","guid":{"rendered":"https:\/\/myspainfood.com\/producto\/aubergine-aroma-de-masline\/"},"modified":"2025-09-02T10:36:47","modified_gmt":"2025-09-02T08:36:47","slug":"aubergine-aroma-de-masline","status":"publish","type":"product","link":"https:\/\/myspainfood.com\/ro\/producto\/aubergine-aroma-de-masline\/","title":{"rendered":"Aubergine arom\u0103 de m\u0103sline"},"content":{"rendered":"<p>Olive-ul cu arom\u0103 de vinete are o arom\u0103 foarte bl\u00e2nd\u0103, ceea ce \u00eel face un <a href=\"https:\/\/www.laencajera.es\/aceitunas\" target=\"_blank\" rel=\"noopener noreferrer nofollow\">aperitiv<\/a> \u00eendr\u0103zne\u021b care este \u00eentotdeauna apetisant.<\/p>\n<p>Pe l\u00e2ng\u0103 faptul c\u0103 sunt un acompaniament ideal pentru m\u00e2nc\u0103rurile cu lingur\u0103. Acestea pot fi savurate cu un pahar de vin. <\/p>\n<p>Ingrediente: M\u0103sline, ap\u0103, piper, sare, o\u021bet, condimente naturale (usturoi, chimen, paprika \u0219i ulei), poten\u021biator de arom\u0103 (E-631, E-627, E-621), acidifiant (E-330), conservan\u021bi (E-270, E-202, E-211), antioxidant (E-330) \u0219i arome naturale. Poate con\u021bine sulfi\u021bi. <\/p>\n<p>P\u0103stra\u021bi \u00eentr-un loc r\u0103coros \u0219i uscat, \u00eentre 3\u00baC \u0219i 10\u00baC. P\u0103stra\u021bi departe de lumina soarelui \u0219i de mirosurile puternice. <\/p>\n<p>M\u0103slinele cu arom\u0103 de vinete, odat\u0103 deschise, se p\u0103streaz\u0103 la frigider \u0219i se consum\u0103 \u00een termen de 30 de zile.<\/p>\n<p>Dac\u0103 dori\u021bi s\u0103 cump\u0103ra\u021bi m\u0103sline sau orice alt tip de <a href=\"https:\/\/latiendadesami.com\/categoria-producto\/encurtidos\/\" rel=\"noopener noreferrer nofollow\" target=\"_blank\">mur\u0103turi<\/a>, nu ezita\u021bi s\u0103 arunca\u021bi o privire la catalogul nostru online pentru a vedea varietatea larg\u0103 de <a href=\"https:\/\/latiendadesami.com\/categoria-producto\/encurtidos\/berenjenas\/\" target=\"_blank\" rel=\"noopener noreferrer nofollow\">vinete<\/a> pe care o avem.<\/p>\n<p>Marca este La Encajonera, o afacere de familie, fondat\u0103 \u00een 1990, situat\u0103 \u00een inima La Mancha, \u00een ora\u0219ul ALMAGRO, \u00een provincia Ciudad Real.<\/p>\n<p>Procesul de fabrica\u021bie a produselor sale \u00eencepe \u00een aceea\u0219i zon\u0103 de cre\u0219tere, select\u00e2nd produsul de cea mai bun\u0103 calitate.<\/p>\n<p>Fabrica este dotat\u0103 cu cea mai avansat\u0103 tehnologie, p\u0103str\u00e2nd \u00een acela\u0219i timp tradi\u021bia \u0219i know-how-ul lucr\u0103torilor s\u0103i artizani.<\/p>\n","protected":false},"excerpt":{"rendered":"<p>Olive-ul cu arom\u0103 de vinete are o arom\u0103 foarte bl\u00e2nd\u0103, ceea ce \u00eel face un aperitiv \u00eendr\u0103zne\u021b care este \u00eentotdeauna apetisant. Pe l\u00e2ng\u0103 faptul c\u0103 sunt un acompaniament ideal pentru m\u00e2nc\u0103rurile cu lingur\u0103. Acestea pot fi savurate cu un pahar de vin. Ingrediente: M\u0103sline, ap\u0103, piper, sare, o\u021bet, condimente naturale (usturoi, chimen, paprika \u0219i ulei), [&hellip;]<\/p>\n","protected":false},"featured_media":7621,"template":"","meta":{"_et_pb_use_builder":"","_et_pb_old_content":"","_et_gb_content_width":""},"product_brand":[1057],"product_cat":[1600,1598],"product_tag":[2182],"class_list":{"0":"post-43665","1":"product","2":"type-product","3":"status-publish","4":"has-post-thumbnail","6":"product_brand-la-encajera","7":"product_cat-masline","8":"product_cat-muraturi","9":"product_tag-aubergine-ro","11":"first","12":"outofstock","13":"taxable","14":"shipping-taxable","15":"product-type-variable"},"_links":{"self":[{"href":"https:\/\/myspainfood.com\/ro\/wp-json\/wp\/v2\/product\/43665","targetHints":{"allow":["GET"]}}],"collection":[{"href":"https:\/\/myspainfood.com\/ro\/wp-json\/wp\/v2\/product"}],"about":[{"href":"https:\/\/myspainfood.com\/ro\/wp-json\/wp\/v2\/types\/product"}],"wp:featuredmedia":[{"embeddable":true,"href":"https:\/\/myspainfood.com\/ro\/wp-json\/wp\/v2\/media\/7621"}],"wp:attachment":[{"href":"https:\/\/myspainfood.com\/ro\/wp-json\/wp\/v2\/media?parent=43665"}],"wp:term":[{"taxonomy":"product_brand","embeddable":true,"href":"https:\/\/myspainfood.com\/ro\/wp-json\/wp\/v2\/product_brand?post=43665"},{"taxonomy":"product_cat","embeddable":true,"href":"https:\/\/myspainfood.com\/ro\/wp-json\/wp\/v2\/product_cat?post=43665"},{"taxonomy":"product_tag","embeddable":true,"href":"https:\/\/myspainfood.com\/ro\/wp-json\/wp\/v2\/product_tag?post=43665"}],"curies":[{"name":"wp","href":"https:\/\/api.w.org\/{rel}","templated":true}]}}