{"id":43817,"date":"2025-04-10T12:10:38","date_gmt":"2025-04-10T10:10:38","guid":{"rendered":"https:\/\/myspainfood.com\/producto\/almagros-cogollos-de-alinada-de-almagro-inimi-de-salata\/"},"modified":"2025-04-10T12:10:38","modified_gmt":"2025-04-10T10:10:38","slug":"almagros-cogollos-de-alinada-de-almagro-inimi-de-salata","status":"publish","type":"product","link":"https:\/\/myspainfood.com\/ro\/producto\/almagros-cogollos-de-alinada-de-almagro-inimi-de-salata\/","title":{"rendered":"Almagro&#8217;s &#8222;Cogollos de Ali\u00f1ada de Almagro&#8221; (inimi de salat\u0103)"},"content":{"rendered":"<p>Vinetele cu sos Almagro sunt un produs tradi\u021bional din regiunea Campo de Calatrava, \u00een inima regiunii La <a href=\"https:\/\/www.laencajera.es\/berenjenas-de-almagro\" target=\"_blank\" rel=\"noopener noreferrer nofollow\">Mancha<\/a>.<\/p>\n<p>Un produs cu indica\u021bie geografic\u0103 protejat\u0103 care a devenit un punct de referin\u021b\u0103 gastronomic, fie ca aperitiv, fie \u00een m\u00e2nc\u0103ruri calde sau reci.<\/p>\n<p>Ingrediente: Sare, piper, ardei gras: Aubergine &#8222;De Almagro&#8221;, ap\u0103, sare, o\u021bet de vin, piper, fenicul, condimente naturale (usturoi, chimen, paprika, ulei de m\u0103sline), poten\u021biator de arom\u0103 (E-621), acidulan\u021bi (E-330), conservan\u021bi (E-270, E-211, E-202E-223), antioxidan\u021bi (E-300) \u0219i arome naturale.<\/p>\n<p>P\u0103stra\u021bi \u00eentr-un loc r\u0103coros \u0219i uscat, \u00eentre 3\u00baC \u0219i 10\u00baC.<\/p>\n<p>Proteja\u021bi de lumina soarelui \u0219i de mirosurile puternice.<\/p>\n<p>Aubergine din Almagro, odat\u0103 ambalajul deschis, se p\u0103streaz\u0103 la frigider \u0219i se consum\u0103 \u00een termen de 30 de zile.<\/p>\n<p>Dac\u0103 dori\u021bi s\u0103 cump\u0103ra\u021bi m\u0103sline sau orice alt tip de <a href=\"https:\/\/latiendadesami.com\/categoria-producto\/encurtidos\/\" rel=\"noopener noreferrer nofollow\" target=\"_blank\">mur\u0103turi<\/a>, nu ezita\u021bi s\u0103 arunca\u021bi o privire la catalogul nostru online pentru a vedea varietatea larg\u0103 de <a href=\"https:\/\/latiendadesami.com\/categoria-producto\/encurtidos\/berenjenas\/\" target=\"_blank\" rel=\"noopener noreferrer nofollow\">vinete<\/a> pe care o avem.<\/p>\n<p>Marca este La Encajonera, o afacere de familie, fondat\u0103 \u00een 1990, situat\u0103 \u00een inima La Mancha, \u00een ora\u0219ul ALMAGRO, \u00een provincia Ciudad Real.<\/p>\n<p>Procesul de fabrica\u021bie a produselor sale \u00eencepe \u00een aceea\u0219i zon\u0103 de cre\u0219tere, select\u00e2nd produsul de cea mai bun\u0103 calitate.<\/p>\n<p>Fabrica este dotat\u0103 cu cea mai avansat\u0103 tehnologie, p\u0103str\u00e2nd \u00een acela\u0219i timp tradi\u021bia \u0219i know-how-ul lucr\u0103torilor s\u0103i artizani.<\/p>\n","protected":false},"excerpt":{"rendered":"<p>Vinetele cu sos Almagro sunt un produs tradi\u021bional din regiunea Campo de Calatrava, \u00een inima regiunii La Mancha. Un produs cu indica\u021bie geografic\u0103 protejat\u0103 care a devenit un punct de referin\u021b\u0103 gastronomic, fie ca aperitiv, fie \u00een m\u00e2nc\u0103ruri calde sau reci. Ingrediente: Sare, piper, ardei gras: Aubergine &#8222;De Almagro&#8221;, ap\u0103, sare, o\u021bet de vin, piper, [&hellip;]<\/p>\n","protected":false},"featured_media":12992,"template":"","meta":{"_et_pb_use_builder":"","_et_pb_old_content":"","_et_gb_content_width":""},"product_brand":[],"product_cat":[2134,1598],"product_tag":[2136],"class_list":{"0":"post-43817","1":"product","2":"type-product","3":"status-publish","4":"has-post-thumbnail","6":"product_cat-aubergine","7":"product_cat-muraturi","8":"product_tag-alinada-ro","10":"first","11":"instock","12":"taxable","13":"shipping-taxable","14":"purchasable","15":"product-type-simple"},"_links":{"self":[{"href":"https:\/\/myspainfood.com\/ro\/wp-json\/wp\/v2\/product\/43817","targetHints":{"allow":["GET"]}}],"collection":[{"href":"https:\/\/myspainfood.com\/ro\/wp-json\/wp\/v2\/product"}],"about":[{"href":"https:\/\/myspainfood.com\/ro\/wp-json\/wp\/v2\/types\/product"}],"wp:featuredmedia":[{"embeddable":true,"href":"https:\/\/myspainfood.com\/ro\/wp-json\/wp\/v2\/media\/12992"}],"wp:attachment":[{"href":"https:\/\/myspainfood.com\/ro\/wp-json\/wp\/v2\/media?parent=43817"}],"wp:term":[{"taxonomy":"product_brand","embeddable":true,"href":"https:\/\/myspainfood.com\/ro\/wp-json\/wp\/v2\/product_brand?post=43817"},{"taxonomy":"product_cat","embeddable":true,"href":"https:\/\/myspainfood.com\/ro\/wp-json\/wp\/v2\/product_cat?post=43817"},{"taxonomy":"product_tag","embeddable":true,"href":"https:\/\/myspainfood.com\/ro\/wp-json\/wp\/v2\/product_tag?post=43817"}],"curies":[{"name":"wp","href":"https:\/\/api.w.org\/{rel}","templated":true}]}}