{"id":44464,"date":"2025-04-10T12:11:27","date_gmt":"2025-04-10T10:11:27","guid":{"rendered":"https:\/\/myspainfood.com\/producto\/roscos-de-vino-y-almenda-sac-300-grame-la-ponderosa\/"},"modified":"2025-04-10T12:11:27","modified_gmt":"2025-04-10T10:11:27","slug":"roscos-de-vino-y-almenda-sac-300-grame-la-ponderosa","status":"publish","type":"product","link":"https:\/\/myspainfood.com\/ro\/producto\/roscos-de-vino-y-almenda-sac-300-grame-la-ponderosa\/","title":{"rendered":"Roscos de vino y almenda sac 300 grame La Ponderosa"},"content":{"rendered":"<p>Gogo\u0219ile cu vin \u0219i migdale sunt un amestec al unui produs a c\u0103rui arom\u0103 \u0219i textur\u0103 fin\u0103 \u00eel fac un produs tradi\u021bional care mul\u021bume\u0219te chiar \u0219i cele mai exigente palate.<\/p>\n<p>Ingrediente<\/p>\n<p>F\u0103in\u0103 de gr\u00e2u, untur\u0103 iberic\u0103 (antioxidant: E-320), zah\u0103r, vin (con\u021bine sulfi\u021bi) (12%), migdale (5%), anason, scor\u021bi\u0219oar\u0103, semin\u021be de susan, arom\u0103 de anason \u0219i arom\u0103 de l\u0103m\u00e2ie. Poate con\u021bine urme de arahide. <\/p>\n<p>Alergeni<\/p>\n<p>Con\u021bine gluten, nuci, susan \u0219i sulfi\u021bi. Poate con\u021bine urme de arahide. <\/p>\n","protected":false},"excerpt":{"rendered":"<p>Gogo\u0219ile cu vin \u0219i migdale sunt un amestec al unui produs a c\u0103rui arom\u0103 \u0219i textur\u0103 fin\u0103 \u00eel fac un produs tradi\u021bional care mul\u021bume\u0219te chiar \u0219i cele mai exigente palate. Ingrediente F\u0103in\u0103 de gr\u00e2u, untur\u0103 iberic\u0103 (antioxidant: E-320), zah\u0103r, vin (con\u021bine sulfi\u021bi) (12%), migdale (5%), anason, scor\u021bi\u0219oar\u0103, semin\u021be de susan, arom\u0103 de anason \u0219i arom\u0103 [&hellip;]<\/p>\n","protected":false},"featured_media":13712,"template":"","meta":{"_et_pb_use_builder":"","_et_pb_old_content":"","_et_gb_content_width":""},"product_brand":[1417],"product_cat":[1975,7717],"product_tag":[],"class_list":{"0":"post-44464","1":"product","2":"type-product","3":"status-publish","4":"has-post-thumbnail","6":"product_brand-la-ponderosa","7":"product_cat-conserve-ro","8":"product_cat-special-de-craciun","10":"first","11":"outofstock","12":"taxable","13":"shipping-taxable","14":"product-type-variable"},"_links":{"self":[{"href":"https:\/\/myspainfood.com\/ro\/wp-json\/wp\/v2\/product\/44464","targetHints":{"allow":["GET"]}}],"collection":[{"href":"https:\/\/myspainfood.com\/ro\/wp-json\/wp\/v2\/product"}],"about":[{"href":"https:\/\/myspainfood.com\/ro\/wp-json\/wp\/v2\/types\/product"}],"wp:featuredmedia":[{"embeddable":true,"href":"https:\/\/myspainfood.com\/ro\/wp-json\/wp\/v2\/media\/13712"}],"wp:attachment":[{"href":"https:\/\/myspainfood.com\/ro\/wp-json\/wp\/v2\/media?parent=44464"}],"wp:term":[{"taxonomy":"product_brand","embeddable":true,"href":"https:\/\/myspainfood.com\/ro\/wp-json\/wp\/v2\/product_brand?post=44464"},{"taxonomy":"product_cat","embeddable":true,"href":"https:\/\/myspainfood.com\/ro\/wp-json\/wp\/v2\/product_cat?post=44464"},{"taxonomy":"product_tag","embeddable":true,"href":"https:\/\/myspainfood.com\/ro\/wp-json\/wp\/v2\/product_tag?post=44464"}],"curies":[{"name":"wp","href":"https:\/\/api.w.org\/{rel}","templated":true}]}}