{"id":44523,"date":"2025-04-10T12:11:39","date_gmt":"2025-04-10T10:11:39","guid":{"rendered":"https:\/\/myspainfood.com\/producto\/sanmer-masline-negre-perlate-cu-piatra-314-ml\/"},"modified":"2025-04-10T12:11:39","modified_gmt":"2025-04-10T10:11:39","slug":"sanmer-masline-negre-perlate-cu-piatra-314-ml","status":"publish","type":"product","link":"https:\/\/myspainfood.com\/ro\/producto\/sanmer-masline-negre-perlate-cu-piatra-314-ml\/","title":{"rendered":"Sanmer M\u0103sline negre perlate cu piatr\u0103 314 ml"},"content":{"rendered":"<p>Culoare neagr\u0103 intens\u0103, cu o str\u0103lucire puternic\u0103, pulp\u0103 suculent\u0103 \u0219i textur\u0103 pl\u0103cut\u0103. Un excelent acompaniament pentru salate proaspete \u0219i pizza, delicios cu orice fel de m\u00e2ncare u\u0219oar\u0103. <\/p>\n","protected":false},"excerpt":{"rendered":"<p>Culoare neagr\u0103 intens\u0103, cu o str\u0103lucire puternic\u0103, pulp\u0103 suculent\u0103 \u0219i textur\u0103 pl\u0103cut\u0103. Un excelent acompaniament pentru salate proaspete \u0219i pizza, delicios cu orice fel de m\u00e2ncare u\u0219oar\u0103.<\/p>\n","protected":false},"featured_media":13955,"template":"","meta":{"_et_pb_use_builder":"","_et_pb_old_content":"","_et_gb_content_width":""},"product_brand":[1069,1303],"product_cat":[1600,1598],"product_tag":[2056,8126],"class_list":{"0":"post-44523","1":"product","2":"type-product","3":"status-publish","4":"has-post-thumbnail","6":"product_brand-sangar","7":"product_brand-sanmer","8":"product_cat-masline","9":"product_cat-muraturi","10":"product_tag-musetel","11":"product_tag-negru","13":"first","14":"outofstock","15":"taxable","16":"shipping-taxable","17":"product-type-variable"},"_links":{"self":[{"href":"https:\/\/myspainfood.com\/ro\/wp-json\/wp\/v2\/product\/44523","targetHints":{"allow":["GET"]}}],"collection":[{"href":"https:\/\/myspainfood.com\/ro\/wp-json\/wp\/v2\/product"}],"about":[{"href":"https:\/\/myspainfood.com\/ro\/wp-json\/wp\/v2\/types\/product"}],"wp:featuredmedia":[{"embeddable":true,"href":"https:\/\/myspainfood.com\/ro\/wp-json\/wp\/v2\/media\/13955"}],"wp:attachment":[{"href":"https:\/\/myspainfood.com\/ro\/wp-json\/wp\/v2\/media?parent=44523"}],"wp:term":[{"taxonomy":"product_brand","embeddable":true,"href":"https:\/\/myspainfood.com\/ro\/wp-json\/wp\/v2\/product_brand?post=44523"},{"taxonomy":"product_cat","embeddable":true,"href":"https:\/\/myspainfood.com\/ro\/wp-json\/wp\/v2\/product_cat?post=44523"},{"taxonomy":"product_tag","embeddable":true,"href":"https:\/\/myspainfood.com\/ro\/wp-json\/wp\/v2\/product_tag?post=44523"}],"curies":[{"name":"wp","href":"https:\/\/api.w.org\/{rel}","templated":true}]}}