{"id":44610,"date":"2025-04-10T12:11:40","date_gmt":"2025-04-10T10:11:40","guid":{"rendered":"https:\/\/myspainfood.com\/producto\/sardine-in-ulei-de-floarea-soarelui-12-14-bucati-111-g\/"},"modified":"2025-04-10T12:11:40","modified_gmt":"2025-04-10T10:11:40","slug":"sardine-in-ulei-de-floarea-soarelui-12-14-bucati-111-g","status":"publish","type":"product","link":"https:\/\/myspainfood.com\/ro\/producto\/sardine-in-ulei-de-floarea-soarelui-12-14-bucati-111-g\/","title":{"rendered":"Sardine \u00een ulei de floarea soarelui 12\/14 buc\u0103\u021bi 111 g"},"content":{"rendered":"<p>Descoperi\u021bi gustul delicios al m\u0103rii cu sardinele noastre premium \u00een ulei de floarea-soarelui! Fiecare mu\u0219c\u0103tur\u0103 este o explozie de prospe\u021bime \u0219i calitate care v\u0103 va \u00eenc\u00e2nta palatul \u0219i v\u0103 va transporta pe cele mai exotice coaste. <\/p>\n<p>Sardinele noastre sunt pescuite cu grij\u0103 din cele mai pure ape \u0219i selectate pentru a garanta prospe\u021bimea \u0219i aroma lor incomparabile. \u00cenmuiate \u00een ulei de floarea-soarelui de calitate superioar\u0103, le p\u0103str\u0103m textura fraged\u0103 \u0219i aroma natural\u0103 pentru a face din fiecare \u00eembuc\u0103tur\u0103 o experien\u021b\u0103 de neuitat. <\/p>\n<p>Bogate \u00een acizi gra\u0219i omega-3, vitamine \u0219i minerale esen\u021biale, sardinele noastre \u00een ulei de floarea-soarelui nu sunt doar delicioase, ci \u0219i o alegere nutritiv\u0103 pentru dieta dumneavoastr\u0103 zilnic\u0103. Folosi\u021bi-le ca ingredient principal \u00een salate proaspete, gust\u0103ri gourmet sau pur \u0219i simplu savura\u021bi-le direct din cutie. <\/p>\n<p>Fie c\u0103 preg\u0103ti\u021bi o cin\u0103 sofisticat\u0103 sau c\u0103uta\u021bi o gustare s\u0103n\u0103toas\u0103 de luat la pachet, sardinele noastre \u00een ulei de floarea-soarelui sunt alegerea perfect\u0103. \u00cendr\u0103zni\u021bi s\u0103 le \u00eencerca\u021bi \u0219i descoperi\u021bi de ce sunt cel mai bine p\u0103strat secret al tuturor gurmanzilor! <\/p>\n<p>Ob\u021bine\u021bi ast\u0103zi cutia dvs. de sardine \u00een ulei de floarea-soarelui \u0219i ad\u0103uga\u021bi o not\u0103 de arom\u0103 de fructe de mare m\u00e2nc\u0103rurilor dvs. preferate!<\/p>\n","protected":false},"excerpt":{"rendered":"<p>Descoperi\u021bi gustul delicios al m\u0103rii cu sardinele noastre premium \u00een ulei de floarea-soarelui! Fiecare mu\u0219c\u0103tur\u0103 este o explozie de prospe\u021bime \u0219i calitate care v\u0103 va \u00eenc\u00e2nta palatul \u0219i v\u0103 va transporta pe cele mai exotice coaste. <\/p>\n","protected":false},"featured_media":14135,"template":"","meta":{"_et_pb_use_builder":"","_et_pb_old_content":"","_et_gb_content_width":""},"product_brand":[1358],"product_cat":[1975,3762],"product_tag":[],"class_list":{"0":"post-44610","1":"product","2":"type-product","3":"status-publish","4":"has-post-thumbnail","6":"product_brand-areoso","7":"product_cat-conserve-ro","8":"product_cat-sardinillas-ro","10":"first","11":"outofstock","12":"taxable","13":"shipping-taxable","14":"product-type-simple"},"_links":{"self":[{"href":"https:\/\/myspainfood.com\/ro\/wp-json\/wp\/v2\/product\/44610","targetHints":{"allow":["GET"]}}],"collection":[{"href":"https:\/\/myspainfood.com\/ro\/wp-json\/wp\/v2\/product"}],"about":[{"href":"https:\/\/myspainfood.com\/ro\/wp-json\/wp\/v2\/types\/product"}],"wp:featuredmedia":[{"embeddable":true,"href":"https:\/\/myspainfood.com\/ro\/wp-json\/wp\/v2\/media\/14135"}],"wp:attachment":[{"href":"https:\/\/myspainfood.com\/ro\/wp-json\/wp\/v2\/media?parent=44610"}],"wp:term":[{"taxonomy":"product_brand","embeddable":true,"href":"https:\/\/myspainfood.com\/ro\/wp-json\/wp\/v2\/product_brand?post=44610"},{"taxonomy":"product_cat","embeddable":true,"href":"https:\/\/myspainfood.com\/ro\/wp-json\/wp\/v2\/product_cat?post=44610"},{"taxonomy":"product_tag","embeddable":true,"href":"https:\/\/myspainfood.com\/ro\/wp-json\/wp\/v2\/product_tag?post=44610"}],"curies":[{"name":"wp","href":"https:\/\/api.w.org\/{rel}","templated":true}]}}