{"id":44628,"date":"2025-04-10T12:11:40","date_gmt":"2025-04-10T10:11:40","guid":{"rendered":"https:\/\/myspainfood.com\/producto\/salmorejo-cordobes-ulei-de-masline-extravirgin-arteoliva-1-litru\/"},"modified":"2026-01-29T12:00:11","modified_gmt":"2026-01-29T11:00:11","slug":"salmorejo-cordobes-ulei-de-masline-extravirgin-arteoliva-1-litru","status":"publish","type":"product","link":"https:\/\/myspainfood.com\/ro\/producto\/salmorejo-cordobes-ulei-de-masline-extravirgin-arteoliva-1-litru\/","title":{"rendered":"Salmorejo Cordob\u00e9s Ulei de m\u0103sline extravirgin ArteOliva 1 litru"},"content":{"rendered":"<p>Crem\u0103 rece tipic\u0103 din Cordoba, preparat\u0103 \u00een principal cu ro\u0219ii proaspete, selectate, ulei de m\u0103sline extravirgin, p\u00e2ine \u0219i usturoi.<\/p>\n","protected":false},"excerpt":{"rendered":"<p>Crem\u0103 rece tipic\u0103 din Cordoba, preparat\u0103 \u00een principal cu ro\u0219ii proaspete, selectate, ulei de m\u0103sline extravirgin, p\u00e2ine \u0219i usturoi.<\/p>\n","protected":false},"featured_media":14063,"template":"","meta":{"_et_pb_use_builder":"","_et_pb_old_content":"","_et_gb_content_width":""},"product_brand":[1457],"product_cat":[4868,1975,2199,1828],"product_tag":[],"class_list":{"0":"post-44628","1":"product","2":"type-product","3":"status-publish","4":"has-post-thumbnail","6":"product_brand-arteoliva","7":"product_cat-bauturi","8":"product_cat-conserve-ro","9":"product_cat-masline-extra-virgine","10":"product_cat-rece","11":"product_shipping_class-transport-la-rece","13":"first","14":"outofstock","15":"taxable","16":"shipping-taxable","17":"product-type-variable"},"_links":{"self":[{"href":"https:\/\/myspainfood.com\/ro\/wp-json\/wp\/v2\/product\/44628","targetHints":{"allow":["GET"]}}],"collection":[{"href":"https:\/\/myspainfood.com\/ro\/wp-json\/wp\/v2\/product"}],"about":[{"href":"https:\/\/myspainfood.com\/ro\/wp-json\/wp\/v2\/types\/product"}],"wp:featuredmedia":[{"embeddable":true,"href":"https:\/\/myspainfood.com\/ro\/wp-json\/wp\/v2\/media\/14063"}],"wp:attachment":[{"href":"https:\/\/myspainfood.com\/ro\/wp-json\/wp\/v2\/media?parent=44628"}],"wp:term":[{"taxonomy":"product_brand","embeddable":true,"href":"https:\/\/myspainfood.com\/ro\/wp-json\/wp\/v2\/product_brand?post=44628"},{"taxonomy":"product_cat","embeddable":true,"href":"https:\/\/myspainfood.com\/ro\/wp-json\/wp\/v2\/product_cat?post=44628"},{"taxonomy":"product_tag","embeddable":true,"href":"https:\/\/myspainfood.com\/ro\/wp-json\/wp\/v2\/product_tag?post=44628"}],"curies":[{"name":"wp","href":"https:\/\/api.w.org\/{rel}","templated":true}]}}