{"id":44650,"date":"2025-04-10T12:11:42","date_gmt":"2025-04-10T10:11:42","guid":{"rendered":"https:\/\/myspainfood.com\/producto\/nabeel-nafisah-sweets-dulce-damasc-baklava-siria-150-g\/"},"modified":"2025-04-10T12:11:42","modified_gmt":"2025-04-10T10:11:42","slug":"nabeel-nafisah-sweets-dulce-damasc-baklava-siria-150-g","status":"publish","type":"product","link":"https:\/\/myspainfood.com\/ro\/producto\/nabeel-nafisah-sweets-dulce-damasc-baklava-siria-150-g\/","title":{"rendered":"Nabeel Nafisah Sweets Dulce Damasc Baklava Siria 150 g"},"content":{"rendered":"","protected":false},"excerpt":{"rendered":"<p>Baklava, un aluat filos stratificat, umplut cu nuci tocate \u0219i acoperit cu ghee \u0219i sirop de zah\u0103r. Este o dulcea\u021b\u0103 crocant\u0103, cea mai popular\u0103 \u00een r\u00e2ndul popula\u021biei arabe \u0219i mediteraneene. Este o combina\u021bie de diferite variet\u0103\u021bi de Baklava aranjate \u0219i organizate \u00eentr-un design oriental special.  <\/p>\n","protected":false},"featured_media":13901,"template":"","meta":{"_et_pb_use_builder":"","_et_pb_old_content":"","_et_gb_content_width":""},"product_brand":[1453],"product_cat":[1975,7717],"product_tag":[],"class_list":{"0":"post-44650","1":"product","2":"type-product","3":"status-publish","4":"has-post-thumbnail","6":"product_brand-nabeel-nafisah","7":"product_cat-conserve-ro","8":"product_cat-special-de-craciun","10":"first","11":"outofstock","12":"taxable","13":"shipping-taxable","14":"purchasable","15":"product-type-simple"},"_links":{"self":[{"href":"https:\/\/myspainfood.com\/ro\/wp-json\/wp\/v2\/product\/44650","targetHints":{"allow":["GET"]}}],"collection":[{"href":"https:\/\/myspainfood.com\/ro\/wp-json\/wp\/v2\/product"}],"about":[{"href":"https:\/\/myspainfood.com\/ro\/wp-json\/wp\/v2\/types\/product"}],"wp:featuredmedia":[{"embeddable":true,"href":"https:\/\/myspainfood.com\/ro\/wp-json\/wp\/v2\/media\/13901"}],"wp:attachment":[{"href":"https:\/\/myspainfood.com\/ro\/wp-json\/wp\/v2\/media?parent=44650"}],"wp:term":[{"taxonomy":"product_brand","embeddable":true,"href":"https:\/\/myspainfood.com\/ro\/wp-json\/wp\/v2\/product_brand?post=44650"},{"taxonomy":"product_cat","embeddable":true,"href":"https:\/\/myspainfood.com\/ro\/wp-json\/wp\/v2\/product_cat?post=44650"},{"taxonomy":"product_tag","embeddable":true,"href":"https:\/\/myspainfood.com\/ro\/wp-json\/wp\/v2\/product_tag?post=44650"}],"curies":[{"name":"wp","href":"https:\/\/api.w.org\/{rel}","templated":true}]}}