{"id":44879,"date":"2025-04-10T12:12:05","date_gmt":"2025-04-10T10:12:05","guid":{"rendered":"https:\/\/myspainfood.com\/producto\/santos-sodupe-rioja-tanar-titis-rose\/"},"modified":"2026-01-29T13:01:29","modified_gmt":"2026-01-29T12:01:29","slug":"santos-sodupe-rioja-tanar-titis-rose","status":"publish","type":"product","link":"https:\/\/myspainfood.com\/ro\/producto\/santos-sodupe-rioja-tanar-titis-rose\/","title":{"rendered":"Santos Sodupe Rioja t\u00e2n\u0103r TITIS ROS\u00c9"},"content":{"rendered":"<p>Roz<\/p>\n<p>Macerare la rece<\/p>\n<p>Presare la presiune joas\u0103, suc liber<\/p>\n<p>Cur\u0103\u021barea prin flotare<\/p>\n<p>Fermentare la temperatur\u0103 controlat\u0103<\/p>\n<p>Specifica\u021bii tehnice<\/p>\n<p>  Ros\u00e9 t\u00e2n\u0103r<\/p>\n<p>  100% grenache ro\u0219u<\/p>\n<p>  Bodegas Santos Sodupe<\/p>\n<p>  San Asensio, La Rioja<\/p>\n<p>  D.O.C. Rioja<\/p>\n<p>  75cl \/ 12,5%vol.<\/p>\n<p>  Con\u021bine sulfi\u021bi<\/p>\n<p>degustare<\/p>\n<p>Roz pal curat, accente somon<\/p>\n<p>Envelopant \u0219i elegant, fructe albe \u0219i citrice<\/p>\n<p>Lung \u0219i moale, cu aciditate elegant\u0103 \u0219i persistent\u0103<\/p>\n","protected":false},"excerpt":{"rendered":"<p>Roz Macerare la rece Presare la presiune joas\u0103, suc liber Cur\u0103\u021barea prin flotare Fermentare la temperatur\u0103 controlat\u0103 Specifica\u021bii tehnice Ros\u00e9 t\u00e2n\u0103r 100% grenache ro\u0219u Bodegas Santos Sodupe San Asensio, La Rioja D.O.C. Rioja 75cl \/ 12,5%vol. Con\u021bine sulfi\u021bi degustare Roz pal curat, accente somon Envelopant \u0219i elegant, fructe albe \u0219i citrice Lung \u0219i moale, cu [&hellip;]<\/p>\n","protected":false},"featured_media":14288,"template":"","meta":{"_et_pb_use_builder":"","_et_pb_old_content":"","_et_gb_content_width":""},"product_brand":[1459],"product_cat":[4868,4870],"product_tag":[],"class_list":{"0":"post-44879","1":"product","2":"type-product","3":"status-publish","4":"has-post-thumbnail","6":"product_brand-santos-sodupe","7":"product_cat-bauturi","8":"product_cat-vin-ro","10":"first","11":"outofstock","12":"taxable","13":"shipping-taxable","14":"product-type-variable"},"_links":{"self":[{"href":"https:\/\/myspainfood.com\/ro\/wp-json\/wp\/v2\/product\/44879","targetHints":{"allow":["GET"]}}],"collection":[{"href":"https:\/\/myspainfood.com\/ro\/wp-json\/wp\/v2\/product"}],"about":[{"href":"https:\/\/myspainfood.com\/ro\/wp-json\/wp\/v2\/types\/product"}],"wp:featuredmedia":[{"embeddable":true,"href":"https:\/\/myspainfood.com\/ro\/wp-json\/wp\/v2\/media\/14288"}],"wp:attachment":[{"href":"https:\/\/myspainfood.com\/ro\/wp-json\/wp\/v2\/media?parent=44879"}],"wp:term":[{"taxonomy":"product_brand","embeddable":true,"href":"https:\/\/myspainfood.com\/ro\/wp-json\/wp\/v2\/product_brand?post=44879"},{"taxonomy":"product_cat","embeddable":true,"href":"https:\/\/myspainfood.com\/ro\/wp-json\/wp\/v2\/product_cat?post=44879"},{"taxonomy":"product_tag","embeddable":true,"href":"https:\/\/myspainfood.com\/ro\/wp-json\/wp\/v2\/product_tag?post=44879"}],"curies":[{"name":"wp","href":"https:\/\/api.w.org\/{rel}","templated":true}]}}