{"id":44943,"date":"2025-04-10T12:12:05","date_gmt":"2025-04-10T10:12:05","guid":{"rendered":"https:\/\/myspainfood.com\/producto\/senorio-de-nava-ribera-del-duero-2022-75-cl\/"},"modified":"2026-01-29T12:33:46","modified_gmt":"2026-01-29T11:33:46","slug":"senorio-de-nava-ribera-del-duero-2022-75-cl","status":"publish","type":"product","link":"https:\/\/myspainfood.com\/ro\/producto\/senorio-de-nava-ribera-del-duero-2022-75-cl\/","title":{"rendered":"Se\u00f1or\u00edo De Nava Ribera Del Duero 2022 75 cl"},"content":{"rendered":"<p>Descoperi\u021bi gustul autentic al Ribera del Duero cu Se\u00f1or\u00edo De Nava! Acest vin prestigios, cu Denominaci\u00f3n de Origen Ribera del Duero, surprinde \u00eens\u0103\u0219i esen\u021ba acestei renumite regiuni viticole spaniole. <\/p>\n<p>Se\u00f1or\u00edo De Nava Ribera Del Duero este rezultatul unei selec\u021bii atente a strugurilor Tempranillo, soiul emblematic al regiunii, crescu\u021bi \u00een podgorii privilegiate, sc\u0103ldate de soarele v\u0103ii r\u00e2ului Duero. Cu o fermentare controlat\u0103 \u0219i un proces meticulos de \u00eenvechire \u00een butoaie de stejar, acest vin se distinge prin caracterul s\u0103u complex \u0219i un echilibru excep\u021bional. <\/p>\n<p>\u00cen palat, acesta prezint\u0103 note intense de fructe coapte, note subtile de stejar \u0219i o structur\u0103 bine definit\u0103 care culmineaz\u0103 cu un final lung \u0219i satisf\u0103c\u0103tor. Se\u00f1or\u00edo De Nava Ribera Del Duero este \u00eenso\u021bitorul perfect pentru ocazii speciale, de la cine elegante la \u00eent\u00e2lniri informale cu prietenii. <\/p>\n<p>Las\u0103-te sedus de elegan\u021ba \u0219i tradi\u021bia din Ribera del Duero cu fiecare \u00eenghi\u021bitur\u0103 de Se\u00f1or\u00edo De Nava. Bucura\u021bi-v\u0103 de excelen\u021ba oenologic\u0103 a uneia dintre cele mai remarcabile regiuni viticole din Spania \u0219i face\u021bi orice ocazie memorabil\u0103 cu acest vin rafinat!  <\/p>\n","protected":false},"excerpt":{"rendered":"<p>Se\u00f1or\u00edo De Nava Ribera Del Duero este rezultatul unei selec\u021bii atente a strugurilor Tempranillo, soiul emblematic al regiunii, crescu\u021bi \u00een podgorii privilegiate, sc\u0103ldate de soarele v\u0103ii r\u00e2ului Duero. Cu o fermentare controlat\u0103 \u0219i un proces meticulos de \u00eenvechire \u00een butoaie de stejar, acest vin se distinge prin caracterul s\u0103u complex \u0219i un echilibru excep\u021bional. <\/p>\n","protected":false},"featured_media":14180,"template":"","meta":{"_et_pb_use_builder":"","_et_pb_old_content":"","_et_gb_content_width":""},"product_brand":[1224],"product_cat":[4868,4870],"product_tag":[],"class_list":{"0":"post-44943","1":"product","2":"type-product","3":"status-publish","4":"has-post-thumbnail","6":"product_brand-senorio-de-nava","7":"product_cat-bauturi","8":"product_cat-vin-ro","10":"first","11":"outofstock","12":"taxable","13":"shipping-taxable","14":"product-type-variable"},"_links":{"self":[{"href":"https:\/\/myspainfood.com\/ro\/wp-json\/wp\/v2\/product\/44943","targetHints":{"allow":["GET"]}}],"collection":[{"href":"https:\/\/myspainfood.com\/ro\/wp-json\/wp\/v2\/product"}],"about":[{"href":"https:\/\/myspainfood.com\/ro\/wp-json\/wp\/v2\/types\/product"}],"wp:featuredmedia":[{"embeddable":true,"href":"https:\/\/myspainfood.com\/ro\/wp-json\/wp\/v2\/media\/14180"}],"wp:attachment":[{"href":"https:\/\/myspainfood.com\/ro\/wp-json\/wp\/v2\/media?parent=44943"}],"wp:term":[{"taxonomy":"product_brand","embeddable":true,"href":"https:\/\/myspainfood.com\/ro\/wp-json\/wp\/v2\/product_brand?post=44943"},{"taxonomy":"product_cat","embeddable":true,"href":"https:\/\/myspainfood.com\/ro\/wp-json\/wp\/v2\/product_cat?post=44943"},{"taxonomy":"product_tag","embeddable":true,"href":"https:\/\/myspainfood.com\/ro\/wp-json\/wp\/v2\/product_tag?post=44943"}],"curies":[{"name":"wp","href":"https:\/\/api.w.org\/{rel}","templated":true}]}}