{"id":45294,"date":"2025-04-10T12:10:02","date_gmt":"2025-04-10T10:10:02","guid":{"rendered":"https:\/\/myspainfood.com\/producto\/masline-chicon-acadele-900-grame-pachet-6-unitati\/"},"modified":"2025-04-10T12:10:02","modified_gmt":"2025-04-10T10:10:02","slug":"masline-chicon-acadele-900-grame-pachet-6-unitati","status":"publish","type":"product","link":"https:\/\/myspainfood.com\/ro\/producto\/masline-chicon-acadele-900-grame-pachet-6-unitati\/","title":{"rendered":"M\u0103sline Chic\u00f3n acadele 900 grame pachet 6 unit\u0103\u021bi"},"content":{"rendered":"<h3>Beneficiile m\u0103slinelor <a href=\"https:\/\/aceitunaschiconlebron.com\/\" target=\"_blank\" rel=\"noopener noreferrer nofollow\">Chicon<\/a> Chupadedos Ali\u00f1o<\/h3>\n<p>Cuno\u0219tea\u021bi multiplele beneficii ale acestor m\u0103sline Chicon Ali\u00f1o Suckers? Acestea au o mare putere de a preveni bolile de inim\u0103 \u0219i bolile circulatorii \u00een general. <\/p>\n<p>Acest lucru se datoreaz\u0103 con\u021binutului s\u0103u ridicat de gr\u0103simi nesaturate. \u00cen plus, este un aliment care con\u021bine mult fier \u0219i fibre \u0219i este foarte s\u0103\u021bios, ceea ce \u00eel face o gustare perfect\u0103. <\/p>\n<p>Se recomand\u0103 p\u0103strarea acestor m\u0103sline \u00eentregi \u00eentr-un loc r\u0103coros, uscat, ferit de lumina soarelui.<\/p>\n<p>Dac\u0103 dori\u021bi s\u0103 cump\u0103ra\u021bi m\u0103sline sau orice alt tip de <a href=\"https:\/\/latiendadesami.com\/categoria-producto\/encurtidos\/\" rel=\"noopener noreferrer nofollow\" target=\"_blank\">m\u00e2ncare murat\u0103<\/a>, nu ezita\u021bi s\u0103 arunca\u021bi o privire la catalogul nostru online pentru a vedea varietatea larg\u0103 de <a href=\"https:\/\/latiendadesami.com\/categoria-producto\/encurtidos\/aceitunas\/\" target=\"_blank\" rel=\"noopener noreferrer nofollow\">m\u0103sline<\/a> pe care o avem.<\/p>\n","protected":false},"excerpt":{"rendered":"<p>Beneficiile m\u0103slinelor Chicon Chupadedos Ali\u00f1o Cuno\u0219tea\u021bi multiplele beneficii ale acestor m\u0103sline Chicon Ali\u00f1o Suckers? Acestea au o mare putere de a preveni bolile de inim\u0103 \u0219i bolile circulatorii \u00een general. Acest lucru se datoreaz\u0103 con\u021binutului s\u0103u ridicat de gr\u0103simi nesaturate. \u00cen plus, este un aliment care con\u021bine mult fier \u0219i fibre \u0219i este foarte s\u0103\u021bios, [&hellip;]<\/p>\n","protected":false},"featured_media":12353,"template":"","meta":{"_et_pb_use_builder":"","_et_pb_old_content":"","_et_gb_content_width":""},"product_brand":[1036],"product_cat":[2897,3101],"product_tag":[4087],"class_list":{"0":"post-45294","1":"product","2":"type-product","3":"status-publish","4":"has-post-thumbnail","6":"product_brand-chicon","7":"product_cat-comert-cu-ridicata","8":"product_cat-muraturi-ro","9":"product_tag-fraieri","11":"first","12":"instock","13":"taxable","14":"shipping-taxable","15":"purchasable","16":"product-type-variable"},"_links":{"self":[{"href":"https:\/\/myspainfood.com\/ro\/wp-json\/wp\/v2\/product\/45294","targetHints":{"allow":["GET"]}}],"collection":[{"href":"https:\/\/myspainfood.com\/ro\/wp-json\/wp\/v2\/product"}],"about":[{"href":"https:\/\/myspainfood.com\/ro\/wp-json\/wp\/v2\/types\/product"}],"wp:featuredmedia":[{"embeddable":true,"href":"https:\/\/myspainfood.com\/ro\/wp-json\/wp\/v2\/media\/12353"}],"wp:attachment":[{"href":"https:\/\/myspainfood.com\/ro\/wp-json\/wp\/v2\/media?parent=45294"}],"wp:term":[{"taxonomy":"product_brand","embeddable":true,"href":"https:\/\/myspainfood.com\/ro\/wp-json\/wp\/v2\/product_brand?post=45294"},{"taxonomy":"product_cat","embeddable":true,"href":"https:\/\/myspainfood.com\/ro\/wp-json\/wp\/v2\/product_cat?post=45294"},{"taxonomy":"product_tag","embeddable":true,"href":"https:\/\/myspainfood.com\/ro\/wp-json\/wp\/v2\/product_tag?post=45294"}],"curies":[{"name":"wp","href":"https:\/\/api.w.org\/{rel}","templated":true}]}}