{"id":45388,"date":"2025-04-10T12:10:12","date_gmt":"2025-04-10T10:10:12","guid":{"rendered":"https:\/\/myspainfood.com\/producto\/80-buc-cusumano-bonito-proaspat-de-coasta-18-kg\/"},"modified":"2026-01-13T13:48:37","modified_gmt":"2026-01-13T12:48:37","slug":"80-buc-cusumano-bonito-proaspat-de-coasta-18-kg","status":"publish","type":"product","link":"https:\/\/myspainfood.com\/ro\/producto\/80-buc-cusumano-bonito-proaspat-de-coasta-18-kg\/","title":{"rendered":"80 buc. Cusumano bonito proasp\u0103t de coast\u0103 1&#8217;8 kg"},"content":{"rendered":"<div id=\"product-description-short-5\" class=\"rte-content\">\n<p style=\"text-align: left;\">Ton proasp\u0103t de coast\u0103 Cusumano este un ton alb capturat unul c\u00e2te unul \u00een Marea Cantabric\u0103 \u0219i <a href=\"https:\/\/es.wikipedia.org\/wiki\/Thunnus\" target=\"_blank\" rel=\"noopener noreferrer nofollow\">prelucrat<\/a> FRESH.<\/p>\n<p>Aceast\u0103 m\u00e2ncare are un gust autentic \u0219i o textur\u0103 excep\u021bional\u0103.<\/p>\n<p>\u00cen cele din urm\u0103, pute\u021bi avea o conserv\u0103 tradi\u021bional\u0103 pe masa dvs.<\/p>\n<p>Fresco de Costera.<\/p>\n<p>Av\u00e2nd \u00een vedere c\u0103 este vorba de un pescuit sezonier care se desf\u0103\u0219oar\u0103 din iunie p\u00e2n\u0103 \u00een octombrie, Cusumano garanteaz\u0103 c\u0103 acest ton alb nu a fost supus niciunui proces de congelare de la capturare p\u00e2n\u0103 la produc\u021bie.<\/p>\n<p>Acest ton \u00ee\u0219i p\u0103streaz\u0103 intacte toate calit\u0103\u021bile organoleptice de culoare, arom\u0103 \u0219i textur\u0103.<\/p>\n<p>Conservas Cusumano are facilit\u0103\u021bi noi \u0219i moderne de aproape 6.000 m\u00b2 situate \u00een Mundaka.<\/p>\n<p>Conservas Cusumano este o companie care, timp de peste 60 de ani, a p\u0103strat dragostea pentru tradi\u021bie \u0219i know-how \u00een una dintre cele mai vechi \u0219i mai tradi\u021bionale meserii din lume: pescuitul \u0219i conservarea tonului alb proasp\u0103t de pe coast\u0103.<\/p>\n<p>\u00cen cadrul incomparabilei Rezerva\u021bii a Biosferei Urdaibai, care le permite s\u0103 aib\u0103 cel mai proasp\u0103t pe\u0219te datorit\u0103 loca\u021biei sale at\u00e2t de aproape de marea care p\u0103trunde \u00een esen\u021ba noastr\u0103.<\/p>\n<p>Dac\u0103 dori\u021bi s\u0103 cump\u0103ra\u021bi ton proasp\u0103t Cusumano Coastal sau orice alt tip de <a href=\"https:\/\/latiendadesami.com\/categoria-producto\/conservas\/\" rel=\"noopener noreferrer nofollow\" target=\"_blank\">conserv\u0103 de ton<\/a>, nu ezita\u021bi s\u0103 arunca\u021bi o privire la \u00eentregul nostru catalog online pentru a vedea varietatea larg\u0103 de <a href=\"https:\/\/latiendadesami.com\/categoria-producto\/conservas\/atun-y-bonito\/\" target=\"_blank\" rel=\"noopener noreferrer nofollow\">ton<\/a> pe care o avem.<\/p>\n<p>Scrie\u021bi-ne pentru mai multe informa\u021bii.<\/p>\n<p>&nbsp;<\/p>\n<\/div>\n","protected":false},"excerpt":{"rendered":"<p>Ton proasp\u0103t de coast\u0103 Cusumano este un ton alb capturat unul c\u00e2te unul \u00een Marea Cantabric\u0103 \u0219i prelucrat FRESH. Aceast\u0103 m\u00e2ncare are un gust autentic \u0219i o textur\u0103 excep\u021bional\u0103. \u00cen cele din urm\u0103, pute\u021bi avea o conserv\u0103 tradi\u021bional\u0103 pe masa dvs. Fresco de Costera. Av\u00e2nd \u00een vedere c\u0103 este vorba de un pescuit sezonier care [&hellip;]<\/p>\n","protected":false},"featured_media":12623,"template":"","meta":{"_et_pb_use_builder":"","_et_pb_old_content":"","_et_gb_content_width":""},"product_brand":[1272],"product_cat":[1975,4398],"product_tag":[],"class_list":{"0":"post-45388","1":"product","2":"type-product","3":"status-publish","4":"has-post-thumbnail","6":"product_brand-cusumano","7":"product_cat-conserve-ro","8":"product_cat-ton-si-bonito","10":"first","11":"outofstock","12":"taxable","13":"shipping-taxable","14":"purchasable","15":"product-type-simple"},"_links":{"self":[{"href":"https:\/\/myspainfood.com\/ro\/wp-json\/wp\/v2\/product\/45388","targetHints":{"allow":["GET"]}}],"collection":[{"href":"https:\/\/myspainfood.com\/ro\/wp-json\/wp\/v2\/product"}],"about":[{"href":"https:\/\/myspainfood.com\/ro\/wp-json\/wp\/v2\/types\/product"}],"wp:featuredmedia":[{"embeddable":true,"href":"https:\/\/myspainfood.com\/ro\/wp-json\/wp\/v2\/media\/12623"}],"wp:attachment":[{"href":"https:\/\/myspainfood.com\/ro\/wp-json\/wp\/v2\/media?parent=45388"}],"wp:term":[{"taxonomy":"product_brand","embeddable":true,"href":"https:\/\/myspainfood.com\/ro\/wp-json\/wp\/v2\/product_brand?post=45388"},{"taxonomy":"product_cat","embeddable":true,"href":"https:\/\/myspainfood.com\/ro\/wp-json\/wp\/v2\/product_cat?post=45388"},{"taxonomy":"product_tag","embeddable":true,"href":"https:\/\/myspainfood.com\/ro\/wp-json\/wp\/v2\/product_tag?post=45388"}],"curies":[{"name":"wp","href":"https:\/\/api.w.org\/{rel}","templated":true}]}}