{"id":45550,"date":"2025-04-10T12:10:50","date_gmt":"2025-04-10T10:10:50","guid":{"rendered":"https:\/\/myspainfood.com\/producto\/ansoa-afumata-si-anghinare-inabusita-35-unitati\/"},"modified":"2025-06-24T13:16:46","modified_gmt":"2025-06-24T11:16:46","slug":"ansoa-afumata-si-anghinare-inabusita-35-unitati","status":"publish","type":"product","link":"https:\/\/myspainfood.com\/ro\/producto\/ansoa-afumata-si-anghinare-inabusita-35-unitati\/","title":{"rendered":"An\u0219oa afumat\u0103 \u0219i anghinare \u00een\u0103bu\u0219it\u0103 35 unit\u0103\u021bi"},"content":{"rendered":"<p>Ulei (85% floarea soarelui, 15% m\u0103sline), anghinare \u00een\u0103bu\u0219it\u0103, hamsii afumate, m\u0103sline umplute cu hamsii \u0219i piper ro\u0219u.<\/p>\n","protected":false},"excerpt":{"rendered":"<p>Ulei (85% floarea soarelui, 15% m\u0103sline), anghinare \u00een\u0103bu\u0219it\u0103, hamsii afumate, m\u0103sline umplute cu hamsii \u0219i piper ro\u0219u.<\/p>\n","protected":false},"featured_media":13190,"template":"","meta":{"_et_pb_use_builder":"","_et_pb_old_content":"","_et_gb_content_width":""},"product_brand":[1277],"product_cat":[2809,1830,1600,1598,1832,1828],"product_tag":[],"class_list":{"0":"post-45550","1":"product","2":"type-product","3":"status-publish","4":"has-post-thumbnail","6":"product_brand-bokeo","7":"product_cat-ansoa-ro-2","8":"product_cat-ansoa","9":"product_cat-masline","10":"product_cat-muraturi","11":"product_cat-pintxos-ro","12":"product_cat-rece","13":"product_shipping_class-transport-la-rece","15":"first","16":"outofstock","17":"taxable","18":"shipping-taxable","19":"purchasable","20":"product-type-simple"},"_links":{"self":[{"href":"https:\/\/myspainfood.com\/ro\/wp-json\/wp\/v2\/product\/45550","targetHints":{"allow":["GET"]}}],"collection":[{"href":"https:\/\/myspainfood.com\/ro\/wp-json\/wp\/v2\/product"}],"about":[{"href":"https:\/\/myspainfood.com\/ro\/wp-json\/wp\/v2\/types\/product"}],"wp:featuredmedia":[{"embeddable":true,"href":"https:\/\/myspainfood.com\/ro\/wp-json\/wp\/v2\/media\/13190"}],"wp:attachment":[{"href":"https:\/\/myspainfood.com\/ro\/wp-json\/wp\/v2\/media?parent=45550"}],"wp:term":[{"taxonomy":"product_brand","embeddable":true,"href":"https:\/\/myspainfood.com\/ro\/wp-json\/wp\/v2\/product_brand?post=45550"},{"taxonomy":"product_cat","embeddable":true,"href":"https:\/\/myspainfood.com\/ro\/wp-json\/wp\/v2\/product_cat?post=45550"},{"taxonomy":"product_tag","embeddable":true,"href":"https:\/\/myspainfood.com\/ro\/wp-json\/wp\/v2\/product_tag?post=45550"}],"curies":[{"name":"wp","href":"https:\/\/api.w.org\/{rel}","templated":true}]}}