{"id":45766,"date":"2025-04-10T12:11:14","date_gmt":"2025-04-10T10:11:14","guid":{"rendered":"https:\/\/myspainfood.com\/producto\/vermut-cocktail-los-cantabros-025-lata-de-jairo-cuetao-imbuteliat-de-bodegas-igarmi\/"},"modified":"2026-01-29T12:55:30","modified_gmt":"2026-01-29T11:55:30","slug":"vermut-cocktail-los-cantabros-025-lata-de-jairo-cuetao-imbuteliat-de-bodegas-igarmi","status":"publish","type":"product","link":"https:\/\/myspainfood.com\/ro\/producto\/vermut-cocktail-los-cantabros-025-lata-de-jairo-cuetao-imbuteliat-de-bodegas-igarmi\/","title":{"rendered":"Vermut cocktail los C\u00e1ntabros 0,25 Lata de Jairo Cuetao \u00eembuteliat de bodegas Igarmi"},"content":{"rendered":"<p>Verm\u00fa los C\u00e1ntabros este un omagiu adus tuturor acelor b\u0103rba\u021bi \u0219i femei care au \u0219tiut cum s\u0103 p\u0103streze \u0219i s\u0103 r\u0103sp\u00e2ndeasc\u0103 cultura noastr\u0103.<\/p>\n<p>De asemenea, r\u0103d\u0103cinile \u0219i tradi\u021biile noastre, \u00eenso\u021bite de t\u00e2rguri, festivaluri, jocuri \u0219i gastronomie, de la mare la mun\u021bii din iubita noastr\u0103 Cantabria.<\/p>\n<p>Acest produs este \u00eembuteliat de Bodegas Igarmi.  <\/p>\n<p>Bodegas Igarmi este prezentul unei tradi\u021bii care, \u00eencep\u00e2nd din 1890, s-a caracterizat prin calitate \u0219i servicii pentru clien\u021bi.<\/p>\n<p>O afacere de familie a c\u0103rei pasiune \u0219i dedicare pentru vin i-a permis s\u0103 \u00eembutelieze \u0219i s\u0103 comercializeze vinuri cu un raport calitate-pre\u021b imbatabil, care sunt foarte apreciate pe pia\u021b\u0103 \u0219i de consumatori.<\/p>\n<p>Bodegas Igarmi dispune de 3 000 m\u00b2 de instala\u021bii \u00een ora\u0219ul Heras, cu o capacitate de depozitare de aproximativ un milion de litri.<\/p>\n<p>Este, de asemenea, cea mai mare fabric\u0103 de vinuri din Cantabria.<\/p>\n<p>Ei sunt o echip\u0103 minunat\u0103 de peste 30 de persoane care se angajeaz\u0103 s\u0103 ofere clientului cel mai bun produs \u0219i cele mai bune servicii pentru care ne distingem.<\/p>\n<p>Ei au o flot\u0103 de 20 de vehicule pentru livrarea \u0219i distribu\u021bia produselor \u00een Cantabria \u0219i \u00een comunit\u0103\u021bile \u00eenvecinate.<\/p>\n<p>Dac\u0103 dori\u021bi s\u0103 cump\u0103ra\u021bi Vermouth Los C\u00e1ntabros 5 litri Bag in Box sau orice alt tip de b\u0103uturi, nu ezita\u021bi s\u0103 arunca\u021bi o privire la catalogul nostru online pentru a vedea varietatea larg\u0103 de b\u0103uturi pe care o avem.<\/p>\n<p>Scrie\u021bi-ne pentru mai multe informa\u021bii.<\/p>\n","protected":false},"excerpt":{"rendered":"<p>Verm\u00fa los C\u00e1ntabros este un omagiu adus tuturor acelor b\u0103rba\u021bi \u0219i femei care au \u0219tiut cum s\u0103 p\u0103streze \u0219i s\u0103 r\u0103sp\u00e2ndeasc\u0103 cultura noastr\u0103. De asemenea, r\u0103d\u0103cinile \u0219i tradi\u021biile noastre, \u00eenso\u021bite de t\u00e2rguri, festivaluri, jocuri \u0219i gastronomie, de la mare la mun\u021bii din iubita noastr\u0103 Cantabria. Acest produs este \u00eembuteliat de Bodegas Igarmi. Bodegas Igarmi este [&hellip;]<\/p>\n","protected":false},"featured_media":13604,"template":"","meta":{"_et_pb_use_builder":"","_et_pb_old_content":"","_et_gb_content_width":""},"product_brand":[1244,1245],"product_cat":[4868,5785],"product_tag":[5786],"class_list":{"0":"post-45766","1":"product","2":"type-product","3":"status-publish","4":"has-post-thumbnail","6":"product_brand-igarmi","7":"product_brand-los-cantabros","8":"product_cat-bauturi","9":"product_cat-vermut-ro","10":"product_tag-igarmi-ro","12":"first","13":"outofstock","14":"featured","15":"taxable","16":"shipping-taxable","17":"product-type-variable"},"_links":{"self":[{"href":"https:\/\/myspainfood.com\/ro\/wp-json\/wp\/v2\/product\/45766","targetHints":{"allow":["GET"]}}],"collection":[{"href":"https:\/\/myspainfood.com\/ro\/wp-json\/wp\/v2\/product"}],"about":[{"href":"https:\/\/myspainfood.com\/ro\/wp-json\/wp\/v2\/types\/product"}],"wp:featuredmedia":[{"embeddable":true,"href":"https:\/\/myspainfood.com\/ro\/wp-json\/wp\/v2\/media\/13604"}],"wp:attachment":[{"href":"https:\/\/myspainfood.com\/ro\/wp-json\/wp\/v2\/media?parent=45766"}],"wp:term":[{"taxonomy":"product_brand","embeddable":true,"href":"https:\/\/myspainfood.com\/ro\/wp-json\/wp\/v2\/product_brand?post=45766"},{"taxonomy":"product_cat","embeddable":true,"href":"https:\/\/myspainfood.com\/ro\/wp-json\/wp\/v2\/product_cat?post=45766"},{"taxonomy":"product_tag","embeddable":true,"href":"https:\/\/myspainfood.com\/ro\/wp-json\/wp\/v2\/product_tag?post=45766"}],"curies":[{"name":"wp","href":"https:\/\/api.w.org\/{rel}","templated":true}]}}