{"id":45867,"date":"2025-04-10T12:11:27","date_gmt":"2025-04-10T10:11:27","guid":{"rendered":"https:\/\/myspainfood.com\/producto\/sortiment-de-don-bosco-polvorones-700-grame-cutie-la-ponderosa\/"},"modified":"2025-04-10T12:11:27","modified_gmt":"2025-04-10T10:11:27","slug":"sortiment-de-don-bosco-polvorones-700-grame-cutie-la-ponderosa","status":"publish","type":"product","link":"https:\/\/myspainfood.com\/ro\/producto\/sortiment-de-don-bosco-polvorones-700-grame-cutie-la-ponderosa\/","title":{"rendered":"Sortiment de Don Bosco polvorones 700 grame cutie La Ponderosa"},"content":{"rendered":"<p>Descriere<\/p>\n<p> \u00cen aceast\u0103 pung\u0103 mini sortiment 700 grs ve\u021bi g\u0103si cele mai tradi\u021bionale de Cr\u0103ciun.  <\/p>\n","protected":false},"excerpt":{"rendered":"<p>Descriere \u00cen aceast\u0103 pung\u0103 mini sortiment 700 grs ve\u021bi g\u0103si cele mai tradi\u021bionale de Cr\u0103ciun.<\/p>\n","protected":false},"featured_media":13802,"template":"","meta":{"_et_pb_use_builder":"","_et_pb_old_content":"","_et_gb_content_width":""},"product_brand":[1417],"product_cat":[1975,7717],"product_tag":[],"class_list":{"0":"post-45867","1":"product","2":"type-product","3":"status-publish","4":"has-post-thumbnail","6":"product_brand-la-ponderosa","7":"product_cat-conserve-ro","8":"product_cat-special-de-craciun","10":"first","11":"outofstock","12":"taxable","13":"shipping-taxable","14":"product-type-variable"},"_links":{"self":[{"href":"https:\/\/myspainfood.com\/ro\/wp-json\/wp\/v2\/product\/45867","targetHints":{"allow":["GET"]}}],"collection":[{"href":"https:\/\/myspainfood.com\/ro\/wp-json\/wp\/v2\/product"}],"about":[{"href":"https:\/\/myspainfood.com\/ro\/wp-json\/wp\/v2\/types\/product"}],"wp:featuredmedia":[{"embeddable":true,"href":"https:\/\/myspainfood.com\/ro\/wp-json\/wp\/v2\/media\/13802"}],"wp:attachment":[{"href":"https:\/\/myspainfood.com\/ro\/wp-json\/wp\/v2\/media?parent=45867"}],"wp:term":[{"taxonomy":"product_brand","embeddable":true,"href":"https:\/\/myspainfood.com\/ro\/wp-json\/wp\/v2\/product_brand?post=45867"},{"taxonomy":"product_cat","embeddable":true,"href":"https:\/\/myspainfood.com\/ro\/wp-json\/wp\/v2\/product_cat?post=45867"},{"taxonomy":"product_tag","embeddable":true,"href":"https:\/\/myspainfood.com\/ro\/wp-json\/wp\/v2\/product_tag?post=45867"}],"curies":[{"name":"wp","href":"https:\/\/api.w.org\/{rel}","templated":true}]}}