{"id":45902,"date":"2025-04-10T12:11:27","date_gmt":"2025-04-10T10:11:27","guid":{"rendered":"https:\/\/myspainfood.com\/producto\/punga-de-sortiment-400-grame-la-ponderosa\/"},"modified":"2025-04-10T12:11:27","modified_gmt":"2025-04-10T10:11:27","slug":"punga-de-sortiment-400-grame-la-ponderosa","status":"publish","type":"product","link":"https:\/\/myspainfood.com\/ro\/producto\/punga-de-sortiment-400-grame-la-ponderosa\/","title":{"rendered":"Pung\u0103 de sortiment 400 grame La Ponderosa"},"content":{"rendered":"<p>Descriere<\/p>\n<p>\u00cen acest sortiment minis bag 400 grs ve\u021bi g\u0103si cele mai tradi\u021bionale produse de Cr\u0103ciun. \u00centr-un singur produs ve\u021bi g\u0103si o selec\u021bie de: <\/p>\n<p>- Gogo\u0219i cu vin \u0219i migdale. Versiunea mini a rafinatei noastre gogo\u0219i cu vin. De form\u0103 rotund\u0103, cu o gaur\u0103 \u00een centru, f\u0103cute cu vin dulce, migdale, semin\u021be de susan \u0219i zah\u0103r pudr\u0103.  <\/p>\n<p>- Polvoroncitos de almendra. Ce ar fi Cr\u0103ciunul f\u0103r\u0103 tradi\u021bionalele polvoroncitos? De\u0219i sunt mai mici dec\u00e2t cele originale, polvoroncitos no\u0219tri p\u0103streaz\u0103 aroma caracteristic\u0103 de migdale.  <\/p>\n<p>- Turt\u0103 dulce cu scor\u021bi\u0219oar\u0103. Regele Cr\u0103ciunului \u00eempreun\u0103 cu polvoronul. Versiunea mini a mantecado-ului nostru este realizat\u0103 cu acelea\u0219i ingrediente: unt, f\u0103in\u0103, migdale m\u0103cinate, semin\u021be de susan \u0219i scor\u021bi\u0219oar\u0103.  <\/p>\n<p>Ingrediente<\/p>\n<p>Mini unt cu scor\u021bi\u0219oar\u0103: f\u0103in\u0103 de gr\u00e2u, zah\u0103r, untur\u0103 iberic\u0103 (antioxidant: E-320), scor\u021bi\u0219oar\u0103 (1%) \u0219i semin\u021be de susan. Poate con\u021bine urme de nuci, alune \u0219i sulfi\u021bi. <\/p>\n<p>Mini polvor\u00f3n cu migdale: f\u0103in\u0103 de gr\u00e2u, zah\u0103r, untur\u0103 iberic\u0103 (antioxidant: E-320), migdale (8%), scor\u021bi\u0219oar\u0103, cui\u0219oare \u0219i arom\u0103 de l\u0103m\u00e2ie. Poate con\u021bine urme de arahide, susan \u0219i sulfi\u021bi. <\/p>\n<p>Mini-gogoa\u0219\u0103 cu vin \u0219i migdale: f\u0103in\u0103 de gr\u00e2u, untur\u0103 iberic\u0103 (antioxidant: E-320), zah\u0103r, vin (con\u021bine sulfi\u021bi) (12%), migdale (5%), anason, scor\u021bi\u0219oar\u0103, semin\u021be de susan, arom\u0103 de anason \u0219i arom\u0103 de l\u0103m\u00e2ie. Poate con\u021bine urme de arahide. <\/p>\n<p>Alergeni<\/p>\n<p>Con\u021bine gluten, nuci, susan \u0219i sulfi\u021bi. Poate con\u021bine urme de arahide. <\/p>\n","protected":false},"excerpt":{"rendered":"<p>Descriere \u00cen acest sortiment minis bag 400 grs ve\u021bi g\u0103si cele mai tradi\u021bionale produse de Cr\u0103ciun. \u00centr-un singur produs ve\u021bi g\u0103si o selec\u021bie de: - Gogo\u0219i cu vin \u0219i migdale. Versiunea mini a rafinatei noastre gogo\u0219i cu vin. De form\u0103 rotund\u0103, cu o gaur\u0103 \u00een centru, f\u0103cute cu vin dulce, migdale, semin\u021be de susan \u0219i [&hellip;]<\/p>\n","protected":false},"featured_media":13793,"template":"","meta":{"_et_pb_use_builder":"","_et_pb_old_content":"","_et_gb_content_width":""},"product_brand":[1417],"product_cat":[1975,7717],"product_tag":[],"class_list":{"0":"post-45902","1":"product","2":"type-product","3":"status-publish","4":"has-post-thumbnail","6":"product_brand-la-ponderosa","7":"product_cat-conserve-ro","8":"product_cat-special-de-craciun","10":"first","11":"outofstock","12":"taxable","13":"shipping-taxable","14":"product-type-variable"},"_links":{"self":[{"href":"https:\/\/myspainfood.com\/ro\/wp-json\/wp\/v2\/product\/45902","targetHints":{"allow":["GET"]}}],"collection":[{"href":"https:\/\/myspainfood.com\/ro\/wp-json\/wp\/v2\/product"}],"about":[{"href":"https:\/\/myspainfood.com\/ro\/wp-json\/wp\/v2\/types\/product"}],"wp:featuredmedia":[{"embeddable":true,"href":"https:\/\/myspainfood.com\/ro\/wp-json\/wp\/v2\/media\/13793"}],"wp:attachment":[{"href":"https:\/\/myspainfood.com\/ro\/wp-json\/wp\/v2\/media?parent=45902"}],"wp:term":[{"taxonomy":"product_brand","embeddable":true,"href":"https:\/\/myspainfood.com\/ro\/wp-json\/wp\/v2\/product_brand?post=45902"},{"taxonomy":"product_cat","embeddable":true,"href":"https:\/\/myspainfood.com\/ro\/wp-json\/wp\/v2\/product_cat?post=45902"},{"taxonomy":"product_tag","embeddable":true,"href":"https:\/\/myspainfood.com\/ro\/wp-json\/wp\/v2\/product_tag?post=45902"}],"curies":[{"name":"wp","href":"https:\/\/api.w.org\/{rel}","templated":true}]}}