{"id":46186,"date":"2025-04-10T12:12:05","date_gmt":"2025-04-10T10:12:05","guid":{"rendered":"https:\/\/myspainfood.com\/producto\/santos-sodupe-rioja-semnatura-vin-rosu-graciano-rioja\/"},"modified":"2026-01-29T12:26:38","modified_gmt":"2026-01-29T11:26:38","slug":"santos-sodupe-rioja-semnatura-vin-rosu-graciano-rioja","status":"publish","type":"product","link":"https:\/\/myspainfood.com\/ro\/producto\/santos-sodupe-rioja-semnatura-vin-rosu-graciano-rioja\/","title":{"rendered":"Santos Sodupe Rioja semn\u0103tur\u0103 vin ro\u0219u GRACIANO Rioja"},"content":{"rendered":"<p>100% Graciano<\/p>\n<p>16 luni \u00een butoaie de stejar<\/p>\n<p>francez\u0103<\/p>\n<p>Vi\u021b\u0103 de vie veche<\/p>\n<p>Recolt\u0103 selectat\u0103 pe vi\u021b\u0103 de vie<\/p>\n<p>Medalia de aur Top Wine 2021<\/p>\n<p>Medalia de aur Civas Gold 2023<\/p>\n<p>Specifica\u021bii tehnice<\/p>\n<p>Vin ro\u0219u semn\u0103tur\u0103<\/p>\n<p>100% graciano<\/p>\n<p>Bodegas Santos Sodupe<\/p>\n<p>San Asensio, La Rioja<\/p>\n<p>D.O.C. Rioja<\/p>\n<p>75cl \/ 12,5%vol.<\/p>\n<p>Con\u021bine sulfi\u021bi<\/p>\n<p>degustare<\/p>\n<p>Ro\u0219u cire\u0219 cu tonuri de ocru<\/p>\n<p>Note picante \u0219i lemnoase cu fructe ro\u0219ii coapte<\/p>\n<p>Carnos \u0219i lung, tanin nobil, plin\u0103tate \u0219i structur\u0103.<\/p>\n","protected":false},"excerpt":{"rendered":"<p>100% Graciano 16 luni \u00een butoaie de stejar francez\u0103 Vi\u021b\u0103 de vie veche Recolt\u0103 selectat\u0103 pe vi\u021b\u0103 de vie Medalia de aur Top Wine 2021 Medalia de aur Civas Gold 2023 Specifica\u021bii tehnice Vin ro\u0219u semn\u0103tur\u0103 100% graciano Bodegas Santos Sodupe San Asensio, La Rioja D.O.C. Rioja 75cl \/ 12,5%vol. Con\u021bine sulfi\u021bi degustare Ro\u0219u cire\u0219 [&hellip;]<\/p>\n","protected":false},"featured_media":14243,"template":"","meta":{"_et_pb_use_builder":"","_et_pb_old_content":"","_et_gb_content_width":""},"product_brand":[1459],"product_cat":[4868,4870],"product_tag":[],"class_list":{"0":"post-46186","1":"product","2":"type-product","3":"status-publish","4":"has-post-thumbnail","6":"product_brand-santos-sodupe","7":"product_cat-bauturi","8":"product_cat-vin-ro","10":"first","11":"outofstock","12":"taxable","13":"shipping-taxable","14":"product-type-variable"},"_links":{"self":[{"href":"https:\/\/myspainfood.com\/ro\/wp-json\/wp\/v2\/product\/46186","targetHints":{"allow":["GET"]}}],"collection":[{"href":"https:\/\/myspainfood.com\/ro\/wp-json\/wp\/v2\/product"}],"about":[{"href":"https:\/\/myspainfood.com\/ro\/wp-json\/wp\/v2\/types\/product"}],"wp:featuredmedia":[{"embeddable":true,"href":"https:\/\/myspainfood.com\/ro\/wp-json\/wp\/v2\/media\/14243"}],"wp:attachment":[{"href":"https:\/\/myspainfood.com\/ro\/wp-json\/wp\/v2\/media?parent=46186"}],"wp:term":[{"taxonomy":"product_brand","embeddable":true,"href":"https:\/\/myspainfood.com\/ro\/wp-json\/wp\/v2\/product_brand?post=46186"},{"taxonomy":"product_cat","embeddable":true,"href":"https:\/\/myspainfood.com\/ro\/wp-json\/wp\/v2\/product_cat?post=46186"},{"taxonomy":"product_tag","embeddable":true,"href":"https:\/\/myspainfood.com\/ro\/wp-json\/wp\/v2\/product_tag?post=46186"}],"curies":[{"name":"wp","href":"https:\/\/api.w.org\/{rel}","templated":true}]}}