{"id":46310,"date":"2025-04-10T12:07:16","date_gmt":"2025-04-10T10:07:16","guid":{"rendered":"https:\/\/myspainfood.com\/producto\/file-de-ansoa-mateo-950-gr\/"},"modified":"2025-09-02T10:39:31","modified_gmt":"2025-09-02T08:39:31","slug":"file-de-ansoa-mateo-950-gr","status":"publish","type":"product","link":"https:\/\/myspainfood.com\/ro\/producto\/file-de-ansoa-mateo-950-gr\/","title":{"rendered":"File de an\u0219oa Mateo 950 gr"},"content":{"rendered":"<p>File de an\u0219oa Mateo 950 gr \u00een ulei de <a href=\"https:\/\/twitter.com\/mca_spain\" target=\"_blank\" rel=\"noopener noreferrer nofollow\">floarea-soarelui<\/a>.<\/p>\n<p>Ingrediente: An\u0219oa, ulei de floarea soarelui (32%) \u0219i sare.<\/p>\n<p>Odat\u0103 deschis, se p\u0103streaz\u0103 la frigider \u0219i se consum\u0103 de preferin\u021b\u0103 \u00een termen de 5 zile.<\/p>\n<p>La Viuda de Mateo este una dintre m\u0103rcile comerciale sub care grupul MCA Spania iese pe pia\u021b\u0103.<\/p>\n<p>MCA Spania \u00ee\u0219i are originea \u00een experien\u021ba lui Carlos Ripa, actualul s\u0103u director general, dup\u0103 un deceniu de lucru \u00eentr-o afacere de familie legat\u0103 de sectorul alimentar cu am\u0103nuntul.<\/p>\n<p>Cu toate acestea, la mijlocul anilor 1980, Ripa \u0219i-a lansat propriul proiect personal \u00een ora\u0219ul s\u0103u natal (Mendavia, Navarra): o companie de conserve, MCA Spania.<\/p>\n<p>Aceast\u0103 companie s-a pozi\u021bionat, din conservele de legume \u0219i conservele de pe\u0219te, \u00een prima divizie a sectorului agroalimentar spaniol.<\/p>\n<p>O dezvoltare spectaculoas\u0103 care nu ar fi fost posibil\u0103 f\u0103r\u0103 o echip\u0103 de prim\u0103 clas\u0103 \u0219i o voca\u021bie pentru serviciul clien\u021bi.<\/p>\n<p>Dac\u0103 dori\u021bi s\u0103 cump\u0103ra\u021bi Mateo file de an\u0219oa 950 gr sau orice alt tip de <a href=\"https:\/\/latiendadesami.com\/categoria-producto\/frio\/\" rel=\"noopener noreferrer nofollow\" target=\"_blank\">alimente reci<\/a>, nu ezita\u021bi s\u0103 arunca\u021bi o privire la \u00eentregul nostru catalog online.<\/p>\n<p>Avem cea mai bun\u0103 calitate la cel mai bun pre\u021b.<\/p>\n<p>Scrie\u021bi-ne pentru mai multe informa\u021bii sau dac\u0103 ave\u021bi \u00eentreb\u0103ri cu privire la acest produs sau la orice alt produs din catalogul nostru.<\/p>\n","protected":false},"excerpt":{"rendered":"<p>File de an\u0219oa Mateo 950 gr \u00een ulei de floarea-soarelui. Ingrediente: An\u0219oa, ulei de floarea soarelui (32%) \u0219i sare. Odat\u0103 deschis, se p\u0103streaz\u0103 la frigider \u0219i se consum\u0103 de preferin\u021b\u0103 \u00een termen de 5 zile. La Viuda de Mateo este una dintre m\u0103rcile comerciale sub care grupul MCA Spania iese pe pia\u021b\u0103. MCA Spania \u00ee\u0219i [&hellip;]<\/p>\n","protected":false},"featured_media":9752,"template":"","meta":{"_et_pb_use_builder":"","_et_pb_old_content":"","_et_gb_content_width":""},"product_brand":[1129],"product_cat":[1830,1828],"product_tag":[],"class_list":{"0":"post-46310","1":"product","2":"type-product","3":"status-publish","4":"has-post-thumbnail","6":"product_brand-mateo","7":"product_cat-ansoa","8":"product_cat-rece","9":"product_shipping_class-transport-la-rece","11":"first","12":"outofstock","13":"taxable","14":"shipping-taxable","15":"product-type-variable"},"_links":{"self":[{"href":"https:\/\/myspainfood.com\/ro\/wp-json\/wp\/v2\/product\/46310","targetHints":{"allow":["GET"]}}],"collection":[{"href":"https:\/\/myspainfood.com\/ro\/wp-json\/wp\/v2\/product"}],"about":[{"href":"https:\/\/myspainfood.com\/ro\/wp-json\/wp\/v2\/types\/product"}],"wp:featuredmedia":[{"embeddable":true,"href":"https:\/\/myspainfood.com\/ro\/wp-json\/wp\/v2\/media\/9752"}],"wp:attachment":[{"href":"https:\/\/myspainfood.com\/ro\/wp-json\/wp\/v2\/media?parent=46310"}],"wp:term":[{"taxonomy":"product_brand","embeddable":true,"href":"https:\/\/myspainfood.com\/ro\/wp-json\/wp\/v2\/product_brand?post=46310"},{"taxonomy":"product_cat","embeddable":true,"href":"https:\/\/myspainfood.com\/ro\/wp-json\/wp\/v2\/product_cat?post=46310"},{"taxonomy":"product_tag","embeddable":true,"href":"https:\/\/myspainfood.com\/ro\/wp-json\/wp\/v2\/product_tag?post=46310"}],"curies":[{"name":"wp","href":"https:\/\/api.w.org\/{rel}","templated":true}]}}