{"id":46523,"date":"2025-04-10T12:07:16","date_gmt":"2025-04-10T10:07:16","guid":{"rendered":"https:\/\/myspainfood.com\/producto\/miere-de-flori-1-kg-la-celda-real\/"},"modified":"2025-04-10T12:07:16","modified_gmt":"2025-04-10T10:07:16","slug":"miere-de-flori-1-kg-la-celda-real","status":"publish","type":"product","link":"https:\/\/myspainfood.com\/ro\/producto\/miere-de-flori-1-kg-la-celda-real\/","title":{"rendered":"Miere de flori 1 kg La Celda Real"},"content":{"rendered":"<p style=\"text-align: left\">Miel de Flores 1 kg este un produs fabricat datorit\u0103 facilit\u0103\u021bilor extinse echipate cu linii de <a href=\"https:\/\/es.wikipedia.org\/wiki\/Miel\" target=\"_blank\" rel=\"noopener noreferrer nofollow\">produc\u021bie<\/a> automatizate \u0219i un sistem de calitate integrat.<\/p>\n<p style=\"text-align: left\">Dup\u0103 ce este recoltat de apicultori experimenta\u021bi, produsul este ambalat printr-un proces care asigur\u0103 conservarea maxim\u0103 a propriet\u0103\u021bilor sale naturale.<\/p>\n<p style=\"text-align: left\">Acest produs evolueaz\u0103 datorit\u0103 experien\u021bei, cuno\u0219tin\u021belor \u0219i entuziasmului tuturor celor care \u00eel alc\u0103tuiesc, cu un angajament echilibrat fa\u021b\u0103 de cea mai bun\u0103 tradi\u021bie, p\u0103str\u00e2nd munca bun\u0103 de alt\u0103dat\u0103 \u0219i prin procese de produc\u021bie care asigur\u0103 <strong>calitatea produsului final.<\/strong><\/p>\n<p style=\"text-align: left\">Mierea este un aliment complet produs de albine din nectarul pe care \u00eel extrag din flori.<\/p>\n<p style=\"text-align: left\">Este un lichid auriu, v\u00e2scos, dulce \u0219i delicios pe care albinele \u00eel p\u0103streaz\u0103 pentru a se hr\u0103ni \u00een timpul sezonului estival.<\/p>\n<p style=\"text-align: left\">Are multe beneficii, cum ar fi:<\/p>\n<ul style=\"text-align: left\">\n<li>Este un \u00eenlocuitor al zah\u0103rului. Natural \u0219i delicios. <\/li>\n<li>\u00ce\u021bi \u00eent\u0103re\u0219te ap\u0103rarea. V\u0103 protejeaz\u0103 organic. <\/li>\n<li>Previne infec\u021biile. Are grij\u0103 de s\u0103n\u0103tatea dumneavoastr\u0103. <\/li>\n<li>\u00ce\u021bi ofer\u0103 zilnic un plus de energie.<\/li>\n<li>  Ajut\u0103 la promovarea digestiei<\/li>\n<\/ul>\n<p style=\"text-align: left\">Dac\u0103 dori\u021bi s\u0103 cump\u0103ra\u021bi Miel de Flores 1 kg sau orice alt tip de <a href=\"https:\/\/latiendadesami.com\/categoria-producto\/conservas\/\" rel=\"noopener noreferrer nofollow\" target=\"_blank\">conserv\u0103<\/a>, nu ezita\u021bi s\u0103 arunca\u021bi o privire la catalogul nostru online pentru a vedea varietatea larg\u0103 pe care o avem.<\/p>\n<p style=\"text-align: left\">Scrie\u021bi-ne pentru mai multe informa\u021bii.<\/p>\n","protected":false},"excerpt":{"rendered":"<p>Miere de flori 1 kg<\/p>\n","protected":false},"featured_media":9599,"template":"","meta":{"_et_pb_use_builder":"","_et_pb_old_content":"","_et_gb_content_width":""},"product_brand":[1210],"product_cat":[1975,2894],"product_tag":[],"class_list":{"0":"post-46523","1":"product","2":"type-product","3":"status-publish","4":"has-post-thumbnail","6":"product_brand-la-celda-real","7":"product_cat-conserve-ro","8":"product_cat-miere","10":"first","11":"instock","12":"taxable","13":"shipping-taxable","14":"purchasable","15":"product-type-variable"},"_links":{"self":[{"href":"https:\/\/myspainfood.com\/ro\/wp-json\/wp\/v2\/product\/46523","targetHints":{"allow":["GET"]}}],"collection":[{"href":"https:\/\/myspainfood.com\/ro\/wp-json\/wp\/v2\/product"}],"about":[{"href":"https:\/\/myspainfood.com\/ro\/wp-json\/wp\/v2\/types\/product"}],"wp:featuredmedia":[{"embeddable":true,"href":"https:\/\/myspainfood.com\/ro\/wp-json\/wp\/v2\/media\/9599"}],"wp:attachment":[{"href":"https:\/\/myspainfood.com\/ro\/wp-json\/wp\/v2\/media?parent=46523"}],"wp:term":[{"taxonomy":"product_brand","embeddable":true,"href":"https:\/\/myspainfood.com\/ro\/wp-json\/wp\/v2\/product_brand?post=46523"},{"taxonomy":"product_cat","embeddable":true,"href":"https:\/\/myspainfood.com\/ro\/wp-json\/wp\/v2\/product_cat?post=46523"},{"taxonomy":"product_tag","embeddable":true,"href":"https:\/\/myspainfood.com\/ro\/wp-json\/wp\/v2\/product_tag?post=46523"}],"curies":[{"name":"wp","href":"https:\/\/api.w.org\/{rel}","templated":true}]}}