{"id":46564,"date":"2025-04-10T12:07:40","date_gmt":"2025-04-10T10:07:40","guid":{"rendered":"https:\/\/myspainfood.com\/producto\/branza-mixta-maturata-las-gavillas-aprox-800-g\/"},"modified":"2025-06-24T14:11:09","modified_gmt":"2025-06-24T12:11:09","slug":"branza-mixta-maturata-las-gavillas-aprox-800-g","status":"publish","type":"product","link":"https:\/\/myspainfood.com\/ro\/producto\/branza-mixta-maturata-las-gavillas-aprox-800-g\/","title":{"rendered":"Br\u00e2nz\u0103 mixt\u0103 maturat\u0103 Las Gavillas aprox. 800 g"},"content":{"rendered":"<p>Br\u00e2nz\u0103 din lapte crud de vac\u0103, capr\u0103 \u0219i oaie<\/p>\n<p> Bucat\u0103 aproximativ\u0103 de 800 gr.<\/p>\n","protected":false},"excerpt":{"rendered":"<p>Br\u00e2nz\u0103 din lapte crud de vac\u0103, capr\u0103 \u0219i oaie Bucat\u0103 aproximativ\u0103 de 800 gr.<\/p>\n","protected":false},"featured_media":9977,"template":"","meta":{"_et_pb_use_builder":"","_et_pb_old_content":"","_et_gb_content_width":""},"product_brand":[1247],"product_cat":[2239,1828],"product_tag":[],"class_list":{"0":"post-46564","1":"product","2":"type-product","3":"status-publish","4":"has-post-thumbnail","6":"product_brand-gavillas","7":"product_cat-branza-si-carnati","8":"product_cat-rece","9":"product_shipping_class-transport-la-rece","11":"first","12":"outofstock","13":"featured","14":"taxable","15":"shipping-taxable","16":"purchasable","17":"product-type-simple"},"_links":{"self":[{"href":"https:\/\/myspainfood.com\/ro\/wp-json\/wp\/v2\/product\/46564","targetHints":{"allow":["GET"]}}],"collection":[{"href":"https:\/\/myspainfood.com\/ro\/wp-json\/wp\/v2\/product"}],"about":[{"href":"https:\/\/myspainfood.com\/ro\/wp-json\/wp\/v2\/types\/product"}],"wp:featuredmedia":[{"embeddable":true,"href":"https:\/\/myspainfood.com\/ro\/wp-json\/wp\/v2\/media\/9977"}],"wp:attachment":[{"href":"https:\/\/myspainfood.com\/ro\/wp-json\/wp\/v2\/media?parent=46564"}],"wp:term":[{"taxonomy":"product_brand","embeddable":true,"href":"https:\/\/myspainfood.com\/ro\/wp-json\/wp\/v2\/product_brand?post=46564"},{"taxonomy":"product_cat","embeddable":true,"href":"https:\/\/myspainfood.com\/ro\/wp-json\/wp\/v2\/product_cat?post=46564"},{"taxonomy":"product_tag","embeddable":true,"href":"https:\/\/myspainfood.com\/ro\/wp-json\/wp\/v2\/product_tag?post=46564"}],"curies":[{"name":"wp","href":"https:\/\/api.w.org\/{rel}","templated":true}]}}