{"id":47899,"date":"2025-04-10T12:06:14","date_gmt":"2025-04-10T10:06:14","guid":{"rendered":"https:\/\/myspainfood.com\/producto\/ansoa-cantabrica-120-gr\/"},"modified":"2025-06-24T10:55:32","modified_gmt":"2025-06-24T08:55:32","slug":"ansoa-cantabrica-120-gr","status":"publish","type":"product","link":"https:\/\/myspainfood.com\/ro\/producto\/ansoa-cantabrica-120-gr\/","title":{"rendered":"An\u0219oa Cantabric\u0103 120 gr"},"content":{"rendered":"<p>An\u0219oa Cantabric\u0103 este cea mai apreciat\u0103 \u0219i valoroas\u0103 pe pia\u021b\u0103, remarc\u00e2ndu-se prin textura fin\u0103 \u0219i gustul intens. An\u0219oa Arroyabe Cantabrian este de calitate superioar\u0103, fiind capturat\u0103 numai \u00een Marea Cantabric\u0103, din specia &#8222;Engraulis Encrasicholus&#8221;, \u0219i produs\u0103 prin metode tradi\u021bionale. <\/p>\n<p>Exist\u0103 dou\u0103 tipuri de hamsii semiconservate: fileuri de hamsii \u00een ulei \u0219i hamsii s\u0103rate. An\u0219oa s\u0103rate sunt ambalate \u00een conserve cu sare \u00een timpul sezonului de prim\u0103var\u0103 de coast\u0103 \u0219i apoi l\u0103sate la maturat timp de 9 luni. Acestea reprezint\u0103 cea mai bun\u0103 solu\u021bie pentru cei care doresc s\u0103 prepare hamsii dup\u0103 propriul gust \u0219i pute\u021bi cump\u0103ra hamsii s\u0103rate \u00een cutii de 2,5, 5 \u0219i 10 kg.  <\/p>\n<p>Fileurile de hamsii \u00een ulei de m\u0103sline au avantajul suplimentar c\u0103, dup\u0103 maturare, sunt cur\u0103\u021bate \u0219i filetate manual, \u00een conformitate cu tehnicile tradi\u021bionale de prelucrare a hamsiei.<\/p>\n","protected":false},"excerpt":{"rendered":"<p>An\u0219oa Cantabric\u0103 este cea mai apreciat\u0103 \u0219i valoroas\u0103 pe pia\u021b\u0103, remarc\u00e2ndu-se prin textura fin\u0103 \u0219i gustul intens. An\u0219oa Arroyabe Cantabrian este de calitate superioar\u0103, fiind capturat\u0103 numai \u00een Marea Cantabric\u0103, din specia &#8222;Engraulis Encrasicholus&#8221;, \u0219i produs\u0103 prin metode tradi\u021bionale. Exist\u0103 dou\u0103 tipuri de hamsii semiconservate: fileuri de hamsii \u00een ulei \u0219i hamsii s\u0103rate. An\u0219oa s\u0103rate [&hellip;]<\/p>\n","protected":false},"featured_media":8474,"template":"","meta":{"_et_pb_use_builder":"","_et_pb_old_content":"","_et_gb_content_width":""},"product_brand":[1127],"product_cat":[1830,1828],"product_tag":[],"class_list":{"0":"post-47899","1":"product","2":"type-product","3":"status-publish","4":"has-post-thumbnail","6":"product_brand-picarpicar","7":"product_cat-ansoa","8":"product_cat-rece","9":"product_shipping_class-transport-la-rece","11":"first","12":"instock","13":"featured","14":"taxable","15":"shipping-taxable","16":"purchasable","17":"product-type-variable"},"_links":{"self":[{"href":"https:\/\/myspainfood.com\/ro\/wp-json\/wp\/v2\/product\/47899","targetHints":{"allow":["GET"]}}],"collection":[{"href":"https:\/\/myspainfood.com\/ro\/wp-json\/wp\/v2\/product"}],"about":[{"href":"https:\/\/myspainfood.com\/ro\/wp-json\/wp\/v2\/types\/product"}],"wp:featuredmedia":[{"embeddable":true,"href":"https:\/\/myspainfood.com\/ro\/wp-json\/wp\/v2\/media\/8474"}],"wp:attachment":[{"href":"https:\/\/myspainfood.com\/ro\/wp-json\/wp\/v2\/media?parent=47899"}],"wp:term":[{"taxonomy":"product_brand","embeddable":true,"href":"https:\/\/myspainfood.com\/ro\/wp-json\/wp\/v2\/product_brand?post=47899"},{"taxonomy":"product_cat","embeddable":true,"href":"https:\/\/myspainfood.com\/ro\/wp-json\/wp\/v2\/product_cat?post=47899"},{"taxonomy":"product_tag","embeddable":true,"href":"https:\/\/myspainfood.com\/ro\/wp-json\/wp\/v2\/product_tag?post=47899"}],"curies":[{"name":"wp","href":"https:\/\/api.w.org\/{rel}","templated":true}]}}