{"id":47939,"date":"2025-04-10T12:06:14","date_gmt":"2025-04-10T10:06:14","guid":{"rendered":"https:\/\/myspainfood.com\/producto\/boqueron-picarpicar-200-gr\/"},"modified":"2026-01-29T11:54:13","modified_gmt":"2026-01-29T10:54:13","slug":"boqueron-picarpicar-200-gr","status":"publish","type":"product","link":"https:\/\/myspainfood.com\/ro\/producto\/boqueron-picarpicar-200-gr\/","title":{"rendered":"Anchoa Picar&amp;Picar 260 gr"},"content":{"rendered":"<p>Boquer\u00f3n Picar&amp;Picar 200 gr sunt hamsii cu usturoi \u0219i p\u0103trunjel \u0219i sunt prezentate \u00eentr-un pachet de 200 gr.<\/p>\n<p>Acest <a href=\"https:\/\/picaripicar.com\/presentacion\/\" target=\"_blank\" rel=\"noopener noreferrer nofollow\">produs<\/a> este conservat \u00een ulei de floarea soarelui, o\u021bet \u0219i usturoi.<\/p>\n<p>Tava trebuie p\u0103strat\u0103 \u00eentre 0 \u0219i 4\u00baC.<\/p>\n<p>Pentru prepararea sa folosim fileurile cur\u0103\u021bate de an\u0219oa, care au ini\u021bial o carne maronie.<\/p>\n<p>Ele eviden\u021biaz\u0103 reflexiile argintii ale pielii lor exterioare \u0219i sunt scufundate \u00eentr-o tav\u0103 (din sticl\u0103, niciodat\u0103 din metal, deoarece ar fi atacat\u0103 de acidul acetic din o\u021bet) cu sare, ap\u0103 \u0219i o\u021bet timp de 3 ore \u00een ap\u0103 \u0219i aproximativ 6 ore \u00een o\u021bet, \u00eentr-un loc r\u0103coros.<\/p>\n<p>Fileurile de an\u0219oa, care \u00eenainte erau maro, vor deveni albe pe m\u0103sur\u0103 ce o\u021betul \u00ee\u0219i face efectul.<\/p>\n<p>Dup\u0103 scurgerea lichidului, se orneaz\u0103 cu mult usturoi tocat, ulei de m\u0103sline \u0219i p\u0103trunjel.<\/p>\n<p>Acest aliment se consum\u0103 de obicei rece, cu o bere (vinul nu este recomandat, deoarece o\u021betul interac\u021bioneaz\u0103 r\u0103u cu vinul).<\/p>\n<p>Este un aperitiv foarte tipic \u00een Spania, \u00een special \u00een lunile calde.<\/p>\n<p>\u00cen Spania este tipic s\u0103 le vede\u021bi pe t\u0103vi pe tejghelele multor baruri \u0219i restaurante.<\/p>\n<p>Por\u021bia este adesea decorat\u0103 cu mur\u0103turi: capere sau m\u0103sline \u0219i servit\u0103 cu chipsuri pe o farfurie mare.<\/p>\n<p>\u00cen Spania, acest produs este v\u00e2ndut \u00een supermarketurile mari \u00een tuburi de plastic de diferite m\u0103rimi, la care trebuie ad\u0103ugate doar usturoiul \u0219i p\u0103trunjelul.<\/p>\n<p>Dac\u0103 dori\u021bi s\u0103 cump\u0103ra\u021bi Boquer\u00f3n Picar&amp;Picar 200 gr sau orice alt tip de <a href=\"https:\/\/latiendadesami.com\/categoria-producto\/frio\/\" rel=\"noopener noreferrer nofollow\" target=\"_blank\">alimente reci<\/a>, nu ezita\u021bi s\u0103 arunca\u021bi o privire la catalogul nostru online. Avem cea mai bun\u0103 calitate la cel mai bun pre\u021b.<\/p>\n<p>Scrie\u021bi-ne pentru mai multe informa\u021bii sau dac\u0103 ave\u021bi \u00eentreb\u0103ri despre acest produs sau despre orice alt produs.<\/p>\n","protected":false},"excerpt":{"rendered":"<p>Boquer\u00f3n Picar&amp;Picar 200 gr sunt hamsii cu usturoi \u0219i p\u0103trunjel \u0219i sunt prezentate \u00eentr-un pachet de 200 gr. Acest produs este conservat \u00een ulei de floarea soarelui, o\u021bet \u0219i usturoi. Tava trebuie p\u0103strat\u0103 \u00eentre 0 \u0219i 4\u00baC. Pentru prepararea sa folosim fileurile cur\u0103\u021bate de an\u0219oa, care au ini\u021bial o carne maronie. Ele eviden\u021biaz\u0103 reflexiile argintii [&hellip;]<\/p>\n","protected":false},"featured_media":8447,"template":"","meta":{"_et_pb_use_builder":"","_et_pb_old_content":"","_et_gb_content_width":""},"product_brand":[1127],"product_cat":[1907,1828],"product_tag":[],"class_list":{"0":"post-47939","1":"product","2":"type-product","3":"status-publish","4":"has-post-thumbnail","6":"product_brand-picarpicar","7":"product_cat-ansoa-ro","8":"product_cat-rece","9":"product_shipping_class-transport-la-rece","11":"first","12":"instock","13":"taxable","14":"shipping-taxable","15":"product-type-variable"},"_links":{"self":[{"href":"https:\/\/myspainfood.com\/ro\/wp-json\/wp\/v2\/product\/47939","targetHints":{"allow":["GET"]}}],"collection":[{"href":"https:\/\/myspainfood.com\/ro\/wp-json\/wp\/v2\/product"}],"about":[{"href":"https:\/\/myspainfood.com\/ro\/wp-json\/wp\/v2\/types\/product"}],"wp:featuredmedia":[{"embeddable":true,"href":"https:\/\/myspainfood.com\/ro\/wp-json\/wp\/v2\/media\/8447"}],"wp:attachment":[{"href":"https:\/\/myspainfood.com\/ro\/wp-json\/wp\/v2\/media?parent=47939"}],"wp:term":[{"taxonomy":"product_brand","embeddable":true,"href":"https:\/\/myspainfood.com\/ro\/wp-json\/wp\/v2\/product_brand?post=47939"},{"taxonomy":"product_cat","embeddable":true,"href":"https:\/\/myspainfood.com\/ro\/wp-json\/wp\/v2\/product_cat?post=47939"},{"taxonomy":"product_tag","embeddable":true,"href":"https:\/\/myspainfood.com\/ro\/wp-json\/wp\/v2\/product_tag?post=47939"}],"curies":[{"name":"wp","href":"https:\/\/api.w.org\/{rel}","templated":true}]}}