{"id":48293,"date":"2025-04-10T12:06:56","date_gmt":"2025-04-10T10:06:56","guid":{"rendered":"https:\/\/myspainfood.com\/producto\/gulas-arlequinitos\/"},"modified":"2025-08-20T15:01:24","modified_gmt":"2025-08-20T13:01:24","slug":"gulas-arlequinitos","status":"publish","type":"product","link":"https:\/\/myspainfood.com\/ro\/producto\/gulas-arlequinitos\/","title":{"rendered":"Arlequinitos Arlequin 230 grame"},"content":{"rendered":"<p>Arlequinitos de <a href=\"https:\/\/conservasarlequin.com\/arlequin\/\" target=\"_blank\" rel=\"noopener noreferrer nofollow\">Arlequ\u00edn<\/a> este un produs conservat manual.<\/p>\n<p><strong>Net \/ Extrudat Greutate: <\/strong>230g\/110g<\/p>\n<p><strong>Perioada de valabilitate:<\/strong> 5 ani<\/p>\n<p><strong>Conservare:<\/strong> Mediu<\/p>\n<p>Misiunea Conservas <a href=\"https:\/\/latiendadesami.com\/marca\/arlequin\/\" target=\"_blank\" rel=\"noopener noreferrer nofollow\">Arlequ\u00edn<\/a> este de a oferi un produs excelent, cele mai bune servicii \u0219i o gam\u0103 larg\u0103 de conserve de pe\u0219te la cel mai bun pre\u021b.<\/p>\n<p>De asemenea, sunt specializa\u021bi \u00een an\u0219oa, an\u0219oa, an\u0219oa, Bonito, ton cu aripioare galbene, midii, macrou, Gulas arlequinitos \u0219i Sardinillas.<\/p>\n<p>De exemplu, Comidista din ziarul El Pa\u00eds a spus despre ventresca: &#8222;Este at\u00e2t de fraged\u0103, aproape cremoas\u0103, \u00eenc\u00e2t te face s\u0103 vrei s\u0103 te c\u0103s\u0103tore\u0219ti cu ea \u0219i s\u0103 tr\u0103ie\u0219ti fericit p\u00e2n\u0103 te ia Domnul&#8221;.<\/p>\n<h4>Principalele beneficii ale alimentelor conservate<\/h4>\n<ol>\n<li>P\u0103streaz\u0103 toate propriet\u0103\u021bile nutritive ale alimentelor \u00een sine. Alimentele \u00ee\u0219i p\u0103streaz\u0103 prospe\u021bimea. <\/li>\n<li>Alimentele utilizate sunt s\u0103n\u0103toase \u0219i, prin urmare, potrivite pentru o diet\u0103 optim\u0103 datorit\u0103 con\u021binutului lor ridicat de vitamine \u0219i proteine.<\/li>\n<li>Aceste produse au o durat\u0103 de via\u021b\u0103 mai lung\u0103 (2-5 ani este tipic).<\/li>\n<li>Conservele sunt foarte u\u0219or de depozitat, deoarece ambalajul lor este u\u0219or de aplicat.<\/li>\n<\/ol>\n<p>Dac\u0103 dori\u021bi s\u0103 cump\u0103ra\u021bi ton sau orice alt tip de <a href=\"https:\/\/latiendadesami.com\/categoria-producto\/conservas\/\" rel=\"noopener noreferrer nofollow\" target=\"_blank\">conserv\u0103<\/a>, nu ezita\u021bi s\u0103 arunca\u021bi o privire la catalogul nostru online pentru a vedea varietatea larg\u0103 de <a href=\"https:\/\/latiendadesami.com\/categoria-producto\/conservas\/atun-y-bonito\/\" target=\"_blank\" rel=\"noopener noreferrer nofollow\">ton<\/a> pe care o avem.<\/p>\n<p>Scrie\u021bi-ne pentru mai multe informa\u021bii.<\/p>\n","protected":false},"excerpt":{"rendered":"<p>Arlequinitos de Arlequ\u00edn este un produs conservat manual. Net \/ Extrudat Greutate: 230g\/110g Perioada de valabilitate: 5 ani Conservare: Mediu Misiunea Conservas Arlequ\u00edn este de a oferi un produs excelent, cele mai bune servicii \u0219i o gam\u0103 larg\u0103 de conserve de pe\u0219te la cel mai bun pre\u021b. De asemenea, sunt specializa\u021bi \u00een an\u0219oa, an\u0219oa, an\u0219oa, [&hellip;]<\/p>\n","protected":false},"featured_media":9104,"template":"","meta":{"_et_pb_use_builder":"","_et_pb_old_content":"","_et_gb_content_width":""},"product_brand":[1162],"product_cat":[1975],"product_tag":[],"class_list":{"0":"post-48293","1":"product","2":"type-product","3":"status-publish","4":"has-post-thumbnail","6":"product_brand-arlequin","7":"product_cat-conserve-ro","9":"first","10":"outofstock","11":"taxable","12":"shipping-taxable","13":"purchasable","14":"product-type-variable"},"_links":{"self":[{"href":"https:\/\/myspainfood.com\/ro\/wp-json\/wp\/v2\/product\/48293","targetHints":{"allow":["GET"]}}],"collection":[{"href":"https:\/\/myspainfood.com\/ro\/wp-json\/wp\/v2\/product"}],"about":[{"href":"https:\/\/myspainfood.com\/ro\/wp-json\/wp\/v2\/types\/product"}],"wp:featuredmedia":[{"embeddable":true,"href":"https:\/\/myspainfood.com\/ro\/wp-json\/wp\/v2\/media\/9104"}],"wp:attachment":[{"href":"https:\/\/myspainfood.com\/ro\/wp-json\/wp\/v2\/media?parent=48293"}],"wp:term":[{"taxonomy":"product_brand","embeddable":true,"href":"https:\/\/myspainfood.com\/ro\/wp-json\/wp\/v2\/product_brand?post=48293"},{"taxonomy":"product_cat","embeddable":true,"href":"https:\/\/myspainfood.com\/ro\/wp-json\/wp\/v2\/product_cat?post=48293"},{"taxonomy":"product_tag","embeddable":true,"href":"https:\/\/myspainfood.com\/ro\/wp-json\/wp\/v2\/product_tag?post=48293"}],"curies":[{"name":"wp","href":"https:\/\/api.w.org\/{rel}","templated":true}]}}