{"id":48540,"date":"2025-04-10T12:10:00","date_gmt":"2025-04-10T10:10:00","guid":{"rendered":"https:\/\/myspainfood.com\/producto\/alino-de-mi-pueblo-masline-chicon-900-grame-pachet-6-unitati\/"},"modified":"2025-04-10T12:10:00","modified_gmt":"2025-04-10T10:10:00","slug":"alino-de-mi-pueblo-masline-chicon-900-grame-pachet-6-unitati","status":"publish","type":"product","link":"https:\/\/myspainfood.com\/ro\/producto\/alino-de-mi-pueblo-masline-chicon-900-grame-pachet-6-unitati\/","title":{"rendered":"Ali\u00f1o de mi pueblo M\u0103sline Chic\u00f3n 900 grame pachet 6 unit\u0103\u021bi"},"content":{"rendered":"<p><strong>M\u0103slinele<\/strong> manzanilla &#8222;Ali\u00f1o de mi Pueblo&#8221; sunt <a href=\"https:\/\/aceitunaschiconlebron.com\/catalogo-productos\/comprar-aceitunas\/deshuesadas\/\" target=\"_blank\" rel=\"noopener noreferrer nofollow\">m\u0103sline f\u0103r\u0103 s\u00e2mburi<\/a> condimentate cu cele mai bune ingrediente, folosind o re\u021bet\u0103 tradi\u021bional\u0103.<\/p>\n<p>Utilizarea condimentelor naturale \u0219i controlul temperaturii sunt secretul pentru ob\u021binerea aromei speciale a acestor m\u0103sline.<\/p>\n<p>M\u0103slinele Ali\u00f1o de mi pueblo sunt moi, iar pulpa suculent\u0103 le confer\u0103 o arom\u0103 inconfundabil\u0103.<\/p>\n<p>\u00cenmuiate \u00een saramur\u0103 \u0219i tratate pentru a le reduce aciditatea, m\u0103slinele <a href=\"https:\/\/latiendadesami.com\/categoria-producto\/encurtidos\/\" target=\"_blank\" rel=\"noopener noreferrer nofollow\">murate<\/a> \u00een cas\u0103 sunt o priveli\u0219te obi\u0219nuit\u0103 pe multe terase \u0219i \u00een restaurante.<\/p>\n<h3>Beneficiile m\u0103slinelor Ali\u00f1o de mi Pueblo<\/h3>\n<p>\u0218tia\u021bi care sunt multiplele beneficii ale acestor <strong>m\u0103sline<\/strong>? Ele sunt foarte eficiente \u00een prevenirea bolilor de inim\u0103 \u0219i a celor circulatorii \u00een general. <\/p>\n<p>Acest lucru se datoreaz\u0103 con\u021binutului s\u0103u ridicat de gr\u0103simi nesaturate. \u00cen plus, este un aliment care con\u021bine mult fier \u0219i fibre \u0219i este foarte s\u0103\u021bios, ceea ce \u00eel face o gustare perfect\u0103. <\/p>\n<p>Dac\u0103 dori\u021bi s\u0103 cump\u0103ra\u021bi m\u0103sline sau orice alt tip de <a href=\"https:\/\/latiendadesami.com\/categoria-producto\/encurtidos\/\" rel=\"noopener noreferrer nofollow\" target=\"_blank\">m\u00e2ncare murat\u0103<\/a>, nu ezita\u021bi s\u0103 arunca\u021bi o privire la catalogul nostru online pentru a vedea varietatea larg\u0103 de <a href=\"https:\/\/latiendadesami.com\/categoria-producto\/encurtidos\/aceitunas\/\" target=\"_blank\" rel=\"noopener noreferrer nofollow\">m\u0103sline<\/a> pe care o avem.<\/p>\n","protected":false},"excerpt":{"rendered":"<p>M\u0103slinele manzanilla &#8222;Ali\u00f1o de mi Pueblo&#8221; sunt m\u0103sline f\u0103r\u0103 s\u00e2mburi condimentate cu cele mai bune ingrediente, folosind o re\u021bet\u0103 tradi\u021bional\u0103. Utilizarea condimentelor naturale \u0219i controlul temperaturii sunt secretul pentru ob\u021binerea aromei speciale a acestor m\u0103sline. M\u0103slinele Ali\u00f1o de mi pueblo sunt moi, iar pulpa suculent\u0103 le confer\u0103 o arom\u0103 inconfundabil\u0103. \u00cenmuiate \u00een saramur\u0103 \u0219i tratate [&hellip;]<\/p>\n","protected":false},"featured_media":12317,"template":"","meta":{"_et_pb_use_builder":"","_et_pb_old_content":"","_et_gb_content_width":""},"product_brand":[1036],"product_cat":[2897,3101],"product_tag":[9865],"class_list":{"0":"post-48540","1":"product","2":"type-product","3":"status-publish","4":"has-post-thumbnail","6":"product_brand-chicon","7":"product_cat-comert-cu-ridicata","8":"product_cat-muraturi-ro","9":"product_tag-sat","11":"first","12":"instock","13":"taxable","14":"shipping-taxable","15":"purchasable","16":"product-type-variable"},"_links":{"self":[{"href":"https:\/\/myspainfood.com\/ro\/wp-json\/wp\/v2\/product\/48540","targetHints":{"allow":["GET"]}}],"collection":[{"href":"https:\/\/myspainfood.com\/ro\/wp-json\/wp\/v2\/product"}],"about":[{"href":"https:\/\/myspainfood.com\/ro\/wp-json\/wp\/v2\/types\/product"}],"wp:featuredmedia":[{"embeddable":true,"href":"https:\/\/myspainfood.com\/ro\/wp-json\/wp\/v2\/media\/12317"}],"wp:attachment":[{"href":"https:\/\/myspainfood.com\/ro\/wp-json\/wp\/v2\/media?parent=48540"}],"wp:term":[{"taxonomy":"product_brand","embeddable":true,"href":"https:\/\/myspainfood.com\/ro\/wp-json\/wp\/v2\/product_brand?post=48540"},{"taxonomy":"product_cat","embeddable":true,"href":"https:\/\/myspainfood.com\/ro\/wp-json\/wp\/v2\/product_cat?post=48540"},{"taxonomy":"product_tag","embeddable":true,"href":"https:\/\/myspainfood.com\/ro\/wp-json\/wp\/v2\/product_tag?post=48540"}],"curies":[{"name":"wp","href":"https:\/\/api.w.org\/{rel}","templated":true}]}}