{"id":49262,"date":"2025-04-10T12:07:46","date_gmt":"2025-04-10T10:07:46","guid":{"rendered":"https:\/\/myspainfood.com\/producto\/manzanilla-4-kg-calibru-180-200\/"},"modified":"2025-04-10T12:07:46","modified_gmt":"2025-04-10T10:07:46","slug":"manzanilla-4-kg-calibru-180-200","status":"publish","type":"product","link":"https:\/\/myspainfood.com\/ro\/producto\/manzanilla-4-kg-calibru-180-200\/","title":{"rendered":"Manzanilla 4 kg calibru 180\/200"},"content":{"rendered":"<p>M\u0103slinele Manzanilla 180\/200 calibru 4kg \u00ee\u0219i p\u0103streaz\u0103 forma <a href=\"https:\/\/www.google.com\/search?q=aceituna+manzanilla+calibre&amp;tbm=isch&amp;ved=2ahUKEwjzs-WOhPD1AhWHh1wKHXXjAgAQ2-cCegQIABAA&amp;oq=aceituna+manzanilla+calibre&amp;gs_lcp=CgNpbWcQA1CzBli4GGC8GWgAcAB4AIABbYgBzQySAQQxNy4ymAEAoAEBqgELZ3dzLXdpei1pbWfAAQE&amp;sclient=img&amp;ei=6FcCYvOfBoeP8gL1xgs&amp;bih=780&amp;biw=1577\" target=\"_blank\" rel=\"noopener noreferrer nofollow\">original\u0103<\/a>, p\u0103str\u00e2ndu-\u0219i s\u00e2mburele \u00een interiorul fructului.<\/p>\n<p>Diferite soiuri de m\u0103slin (Olea europaea) sunt cunoscute sub denumirea de mu\u0219e\u021bel.<\/p>\n<p>Acest nume este dat \u0219i fructului sau m\u0103slinului pe care \u00eel produc.<\/p>\n<p>Principalele soiuri sunt manzanilla sevillana, manzanilla cacere\u00f1a \u0219i manzanilla alore\u00f1a.<\/p>\n<p>Se recomand\u0103 p\u0103strarea acestor m\u0103sline \u00eentregi \u00eentr-un loc r\u0103coros, uscat, ferit de lumina soarelui.<\/p>\n<h3>Beneficiile mu\u0219e\u021belului 180\/200 calibru 4kg<\/h3>\n<p>\u0218tia\u021bi care sunt multiplele beneficii ale acestor m\u0103sline? Ele sunt foarte eficiente \u00een prevenirea bolilor de inim\u0103 \u0219i a celor circulatorii \u00een general. <\/p>\n<p>Acest lucru se datoreaz\u0103 con\u021binutului s\u0103u ridicat de gr\u0103simi nesaturate. \u00cen plus, este un aliment care con\u021bine mult fier \u0219i fibre \u0219i este foarte s\u0103\u021bios, ceea ce \u00eel face o gustare perfect\u0103. <\/p>\n<p>Dac\u0103 dori\u021bi s\u0103 cump\u0103ra\u021bi m\u0103sline sau orice alt tip de <a href=\"https:\/\/latiendadesami.com\/categoria-producto\/encurtidos\/\" rel=\"noopener noreferrer nofollow\" target=\"_blank\">m\u00e2ncare murat\u0103<\/a>, nu ezita\u021bi s\u0103 arunca\u021bi o privire la catalogul nostru online pentru a vedea varietatea larg\u0103 de <a href=\"https:\/\/latiendadesami.com\/categoria-producto\/encurtidos\/aceitunas\/\" target=\"_blank\" rel=\"noopener noreferrer nofollow\">m\u0103sline<\/a> pe care o avem.<\/p>\n","protected":false},"excerpt":{"rendered":"<p>M\u0103slinele Manzanilla 180\/200 calibru 4kg \u00ee\u0219i p\u0103streaz\u0103 forma original\u0103, p\u0103str\u00e2ndu-\u0219i s\u00e2mburele \u00een interiorul fructului. Diferite soiuri de m\u0103slin (Olea europaea) sunt cunoscute sub denumirea de mu\u0219e\u021bel. Acest nume este dat \u0219i fructului sau m\u0103slinului pe care \u00eel produc. Principalele soiuri sunt manzanilla sevillana, manzanilla cacere\u00f1a \u0219i manzanilla alore\u00f1a. Se recomand\u0103 p\u0103strarea acestor m\u0103sline \u00eentregi \u00eentr-un [&hellip;]<\/p>\n","protected":false},"featured_media":10130,"template":"","meta":{"_et_pb_use_builder":"","_et_pb_old_content":"","_et_gb_content_width":""},"product_brand":[1069],"product_cat":[1600,1598],"product_tag":[2056],"class_list":{"0":"post-49262","1":"product","2":"type-product","3":"status-publish","4":"has-post-thumbnail","6":"product_brand-sangar","7":"product_cat-masline","8":"product_cat-muraturi","9":"product_tag-musetel","11":"first","12":"outofstock","13":"taxable","14":"shipping-taxable","15":"purchasable","16":"product-type-simple"},"_links":{"self":[{"href":"https:\/\/myspainfood.com\/ro\/wp-json\/wp\/v2\/product\/49262","targetHints":{"allow":["GET"]}}],"collection":[{"href":"https:\/\/myspainfood.com\/ro\/wp-json\/wp\/v2\/product"}],"about":[{"href":"https:\/\/myspainfood.com\/ro\/wp-json\/wp\/v2\/types\/product"}],"wp:featuredmedia":[{"embeddable":true,"href":"https:\/\/myspainfood.com\/ro\/wp-json\/wp\/v2\/media\/10130"}],"wp:attachment":[{"href":"https:\/\/myspainfood.com\/ro\/wp-json\/wp\/v2\/media?parent=49262"}],"wp:term":[{"taxonomy":"product_brand","embeddable":true,"href":"https:\/\/myspainfood.com\/ro\/wp-json\/wp\/v2\/product_brand?post=49262"},{"taxonomy":"product_cat","embeddable":true,"href":"https:\/\/myspainfood.com\/ro\/wp-json\/wp\/v2\/product_cat?post=49262"},{"taxonomy":"product_tag","embeddable":true,"href":"https:\/\/myspainfood.com\/ro\/wp-json\/wp\/v2\/product_tag?post=49262"}],"curies":[{"name":"wp","href":"https:\/\/api.w.org\/{rel}","templated":true}]}}