{"id":49298,"date":"2025-04-10T12:07:48","date_gmt":"2025-04-10T10:07:48","guid":{"rendered":"https:\/\/myspainfood.com\/producto\/rioja-antonio-escribano-crianza-12-butelii\/"},"modified":"2025-04-10T12:07:48","modified_gmt":"2025-04-10T10:07:48","slug":"rioja-antonio-escribano-crianza-12-butelii","status":"publish","type":"product","link":"https:\/\/myspainfood.com\/ro\/producto\/rioja-antonio-escribano-crianza-12-butelii\/","title":{"rendered":"Rioja. Antonio Escribano Crianza 12 Butelii"},"content":{"rendered":"<p>Educa\u021bie<\/p>\n<p>Corespunde vinurilor aflate cel pu\u021bin \u00een al treilea an \u0219i care au stat cel pu\u021bin un an \u00een butoaie de stejar.<\/p>\n<p>Culoare rubinie, cu o arom\u0103 intens\u0103 de fructe coapte, bine combinate cu accente pr\u0103jite \u0219i note de vanilie. Amplu \u0219i echilibrat \u00een gur\u0103, cu o armonie perfect\u0103 \u00eentre taninurile subtile. Gustos \u0219i corpolent, p\u0103str\u00e2ndu-\u0219i \u00een acela\u0219i timp fine\u021bea \u0219i elegan\u021ba.  <\/p>\n","protected":false},"excerpt":{"rendered":"<p>Educa\u021bie Corespunde vinurilor aflate cel pu\u021bin \u00een al treilea an \u0219i care au stat cel pu\u021bin un an \u00een butoaie de stejar. Culoare rubinie, cu o arom\u0103 intens\u0103 de fructe coapte, bine combinate cu accente pr\u0103jite \u0219i note de vanilie. Amplu \u0219i echilibrat \u00een gur\u0103, cu o armonie perfect\u0103 \u00eentre taninurile subtile. Gustos \u0219i corpolent, [&hellip;]<\/p>\n","protected":false},"featured_media":8600,"template":"","meta":{"_et_pb_use_builder":"","_et_pb_old_content":"","_et_gb_content_width":""},"product_brand":[1141],"product_cat":[4868,5250],"product_tag":[4873,5251],"class_list":{"0":"post-49298","1":"product","2":"type-product","3":"status-publish","4":"has-post-thumbnail","6":"product_brand-vinamada","7":"product_cat-bauturi","8":"product_cat-vin-ro-2","9":"product_tag-antonio-escribano-ro","10":"product_tag-educatie","12":"first","13":"outofstock","14":"sale","15":"taxable","16":"shipping-taxable","17":"purchasable","18":"product-type-simple"},"_links":{"self":[{"href":"https:\/\/myspainfood.com\/ro\/wp-json\/wp\/v2\/product\/49298","targetHints":{"allow":["GET"]}}],"collection":[{"href":"https:\/\/myspainfood.com\/ro\/wp-json\/wp\/v2\/product"}],"about":[{"href":"https:\/\/myspainfood.com\/ro\/wp-json\/wp\/v2\/types\/product"}],"wp:featuredmedia":[{"embeddable":true,"href":"https:\/\/myspainfood.com\/ro\/wp-json\/wp\/v2\/media\/8600"}],"wp:attachment":[{"href":"https:\/\/myspainfood.com\/ro\/wp-json\/wp\/v2\/media?parent=49298"}],"wp:term":[{"taxonomy":"product_brand","embeddable":true,"href":"https:\/\/myspainfood.com\/ro\/wp-json\/wp\/v2\/product_brand?post=49298"},{"taxonomy":"product_cat","embeddable":true,"href":"https:\/\/myspainfood.com\/ro\/wp-json\/wp\/v2\/product_cat?post=49298"},{"taxonomy":"product_tag","embeddable":true,"href":"https:\/\/myspainfood.com\/ro\/wp-json\/wp\/v2\/product_tag?post=49298"}],"curies":[{"name":"wp","href":"https:\/\/api.w.org\/{rel}","templated":true}]}}