{"id":49328,"date":"2025-04-10T12:07:50","date_gmt":"2025-04-10T10:07:50","guid":{"rendered":"https:\/\/myspainfood.com\/producto\/piersici-in-sirop-oti-530-gr-12-unitati\/"},"modified":"2025-04-10T12:07:50","modified_gmt":"2025-04-10T10:07:50","slug":"piersici-in-sirop-oti-530-gr-12-unitati","status":"publish","type":"product","link":"https:\/\/myspainfood.com\/ro\/producto\/piersici-in-sirop-oti-530-gr-12-unitati\/","title":{"rendered":"Piersici \u00een sirop Oti 530 gr 12 UNIT\u0102\u021aI"},"content":{"rendered":"<p>Fructele \u00een sirop sunt un tip de gem1 care se ob\u021bine din buc\u0103\u021bi de fructe (buc\u0103\u021bile pot fi p\u0103trate, jum\u0103t\u0103\u021bi, sferturi, felii, julienne), care sunt fierte \u00eentr-un sirop sau sirop p\u00e2n\u0103 c\u00e2nd acesta se \u00eengroa\u0219\u0103. \u00cen acest proces are loc un schimb sau o deplasare a apei din mediul hipotonic (\u00een care exist\u0103 o cantitate mai mic\u0103 de substan\u021be solubile) \u00een mediul hipertonic (\u00een care exist\u0103 o cantitate mai mare de substan\u021be solubile), care este \u00eenlocuit\u0103 de substan\u021be solubile (solide solubile s.s.) care se g\u0103sesc \u00een mediul hipertonic, adic\u0103 apa con\u021binut\u0103 \u00een frunzele de fructe \u0219i zaharurile din sirop sau sirop intr\u0103 \u00een acesta. Acest procedeu este utilizat pentru conservarea fructelor pentru a fi consumate dup\u0103 o perioad\u0103 lung\u0103 de timp.    <\/p>\n","protected":false},"excerpt":{"rendered":"<p>Fructele \u00een sirop sunt un tip de gem1 care se ob\u021bine din buc\u0103\u021bi de fructe (buc\u0103\u021bile pot fi p\u0103trate, jum\u0103t\u0103\u021bi, sferturi, felii, julienne), care sunt fierte \u00eentr-un sirop sau sirop p\u00e2n\u0103 c\u00e2nd acesta se \u00eengroa\u0219\u0103. \u00cen acest proces are loc un schimb sau o deplasare a apei din mediul hipotonic (\u00een care exist\u0103 o cantitate [&hellip;]<\/p>\n","protected":false},"featured_media":8330,"template":"","meta":{"_et_pb_use_builder":"","_et_pb_old_content":"","_et_gb_content_width":""},"product_brand":[1075],"product_cat":[1975,4983],"product_tag":[3185],"class_list":{"0":"post-49328","1":"product","2":"type-product","3":"status-publish","4":"has-post-thumbnail","6":"product_brand-oti","7":"product_cat-conserve-ro","8":"product_cat-piersica","9":"product_tag-sirop","11":"first","12":"outofstock","13":"sale","14":"taxable","15":"shipping-taxable","16":"purchasable","17":"product-type-simple"},"_links":{"self":[{"href":"https:\/\/myspainfood.com\/ro\/wp-json\/wp\/v2\/product\/49328","targetHints":{"allow":["GET"]}}],"collection":[{"href":"https:\/\/myspainfood.com\/ro\/wp-json\/wp\/v2\/product"}],"about":[{"href":"https:\/\/myspainfood.com\/ro\/wp-json\/wp\/v2\/types\/product"}],"wp:featuredmedia":[{"embeddable":true,"href":"https:\/\/myspainfood.com\/ro\/wp-json\/wp\/v2\/media\/8330"}],"wp:attachment":[{"href":"https:\/\/myspainfood.com\/ro\/wp-json\/wp\/v2\/media?parent=49328"}],"wp:term":[{"taxonomy":"product_brand","embeddable":true,"href":"https:\/\/myspainfood.com\/ro\/wp-json\/wp\/v2\/product_brand?post=49328"},{"taxonomy":"product_cat","embeddable":true,"href":"https:\/\/myspainfood.com\/ro\/wp-json\/wp\/v2\/product_cat?post=49328"},{"taxonomy":"product_tag","embeddable":true,"href":"https:\/\/myspainfood.com\/ro\/wp-json\/wp\/v2\/product_tag?post=49328"}],"curies":[{"name":"wp","href":"https:\/\/api.w.org\/{rel}","templated":true}]}}