{"id":49519,"date":"2025-04-10T12:08:45","date_gmt":"2025-04-10T10:08:45","guid":{"rendered":"https:\/\/myspainfood.com\/producto\/branza-riojana-75-unitati\/"},"modified":"2025-07-28T10:35:16","modified_gmt":"2025-07-28T08:35:16","slug":"branza-riojana-75-unitati","status":"publish","type":"product","link":"https:\/\/myspainfood.com\/ro\/producto\/branza-riojana-75-unitati\/","title":{"rendered":"Br\u00e2nz\u0103 Riojana 75 unit\u0103\u021bi"},"content":{"rendered":"<p>Ulei (85% floarea soarelui, 15% m\u0103sline), m\u0103sline umplute cu <strong>an\u0219oa<\/strong>, file de<strong> an\u0219oa<\/strong>, br\u00e2nz\u0103 moale picant\u0103 \u0219i piper ro\u0219u.<\/p>\n","protected":false},"excerpt":{"rendered":"<p>Ulei (85% floarea soarelui, 15% m\u0103sline), m\u0103sline umplute cu an\u0219oa, file de an\u0219oa, br\u00e2nz\u0103 moale picant\u0103 \u0219i piper ro\u0219u.<\/p>\n","protected":false},"featured_media":11318,"template":"","meta":{"_et_pb_use_builder":"","_et_pb_old_content":"","_et_gb_content_width":""},"product_brand":[1277],"product_cat":[1830,2307,2239,1600,1598,1832,1828],"product_tag":[],"class_list":{"0":"post-49519","1":"product","2":"type-product","3":"status-publish","4":"has-post-thumbnail","6":"product_brand-bokeo","7":"product_cat-ansoa","8":"product_cat-ardei","9":"product_cat-branza-si-carnati","10":"product_cat-masline","11":"product_cat-muraturi","12":"product_cat-pintxos-ro","13":"product_cat-rece","14":"product_shipping_class-transport-la-rece","16":"first","17":"outofstock","18":"taxable","19":"shipping-taxable","20":"purchasable","21":"product-type-simple"},"_links":{"self":[{"href":"https:\/\/myspainfood.com\/ro\/wp-json\/wp\/v2\/product\/49519","targetHints":{"allow":["GET"]}}],"collection":[{"href":"https:\/\/myspainfood.com\/ro\/wp-json\/wp\/v2\/product"}],"about":[{"href":"https:\/\/myspainfood.com\/ro\/wp-json\/wp\/v2\/types\/product"}],"wp:featuredmedia":[{"embeddable":true,"href":"https:\/\/myspainfood.com\/ro\/wp-json\/wp\/v2\/media\/11318"}],"wp:attachment":[{"href":"https:\/\/myspainfood.com\/ro\/wp-json\/wp\/v2\/media?parent=49519"}],"wp:term":[{"taxonomy":"product_brand","embeddable":true,"href":"https:\/\/myspainfood.com\/ro\/wp-json\/wp\/v2\/product_brand?post=49519"},{"taxonomy":"product_cat","embeddable":true,"href":"https:\/\/myspainfood.com\/ro\/wp-json\/wp\/v2\/product_cat?post=49519"},{"taxonomy":"product_tag","embeddable":true,"href":"https:\/\/myspainfood.com\/ro\/wp-json\/wp\/v2\/product_tag?post=49519"}],"curies":[{"name":"wp","href":"https:\/\/api.w.org\/{rel}","templated":true}]}}