{"id":50575,"date":"2025-05-21T08:44:03","date_gmt":"2025-05-21T06:44:03","guid":{"rendered":"https:\/\/myspainfood.com\/producto\/manzanilla-chamomile-cu-samburi-900-gr-chicon\/"},"modified":"2026-01-29T12:59:05","modified_gmt":"2026-01-29T11:59:05","slug":"manzanilla-chamomile-cu-samburi-900-gr-chicon","status":"publish","type":"product","link":"https:\/\/myspainfood.com\/ro\/producto\/manzanilla-chamomile-cu-samburi-900-gr-chicon\/","title":{"rendered":"Manzanilla Chamomile cu s\u00e2mburi 900 gr Chic\u00f3n"},"content":{"rendered":"<p>\u00cen ciuda \u00eendep\u0103rt\u0103rii s\u00e2mburelui, m\u0103slinele Manzanilla cu s\u00e2mbure \u00ee\u0219i p\u0103streaz\u0103 practic forma ini\u021bial\u0103.<\/p>\n<h3>Beneficiile m\u0103slinelor Manzanilla cu s\u00e2mburi <a href=\"https:\/\/aceitunaschiconlebron.com\/catalogo-productos\/comprar-aceitunas\/deshuesadas\/\" target=\"_blank\" rel=\"noopener noreferrer nofollow\">Chic\u00f3n<\/a><\/h3>\n<p>\u0218tia\u021bi care sunt multiplele beneficii ale acestor m\u0103sline? Ele sunt foarte eficiente \u00een prevenirea bolilor de inim\u0103 \u0219i a celor circulatorii \u00een general. <\/p>\n<p>Acest lucru se datoreaz\u0103 con\u021binutului s\u0103u ridicat de gr\u0103simi nesaturate. \u00cen plus, este un aliment care con\u021bine mult fier \u0219i fibre \u0219i este foarte s\u0103\u021bios, ceea ce \u00eel face o gustare perfect\u0103. <\/p>\n<p>Dac\u0103 dori\u021bi s\u0103 cump\u0103ra\u021bi m\u0103sline sau orice alt tip de <a href=\"https:\/\/latiendadesami.com\/categoria-producto\/encurtidos\/\" rel=\"noopener noreferrer nofollow\" target=\"_blank\">mur\u0103turi<\/a>, nu ezita\u021bi s\u0103 arunca\u021bi o privire la catalogul nostru online pentru a vedea varietatea larg\u0103 de <a href=\"https:\/\/latiendadesami.com\/categoria-producto\/encurtidos\/aceitunas\/\" target=\"_blank\" rel=\"noopener noreferrer nofollow\">m\u0103sline<\/a> pe care o avem.<\/p>\n","protected":false},"excerpt":{"rendered":"<p>\u00cen ciuda \u00eendep\u0103rt\u0103rii s\u00e2mburelui, m\u0103slinele Manzanilla cu s\u00e2mbure \u00ee\u0219i p\u0103streaz\u0103 practic forma ini\u021bial\u0103. Beneficiile m\u0103slinelor Manzanilla cu s\u00e2mburi Chic\u00f3n \u0218tia\u021bi care sunt multiplele beneficii ale acestor m\u0103sline? Ele sunt foarte eficiente \u00een prevenirea bolilor de inim\u0103 \u0219i a celor circulatorii \u00een general. Acest lucru se datoreaz\u0103 con\u021binutului s\u0103u ridicat de gr\u0103simi nesaturate. \u00cen plus, este [&hellip;]<\/p>\n","protected":false},"featured_media":50280,"template":"","meta":{"_et_pb_use_builder":"","_et_pb_old_content":"","_et_gb_content_width":""},"product_brand":[1036],"product_cat":[1600,1598],"product_tag":[10015,2056],"class_list":{"0":"post-50575","1":"product","2":"type-product","3":"status-publish","4":"has-post-thumbnail","6":"product_brand-chicon","7":"product_cat-masline","8":"product_cat-muraturi","9":"product_tag-fara-oase-ro","10":"product_tag-musetel","12":"first","13":"instock","14":"taxable","15":"shipping-taxable","16":"purchasable","17":"product-type-variable"},"_links":{"self":[{"href":"https:\/\/myspainfood.com\/ro\/wp-json\/wp\/v2\/product\/50575","targetHints":{"allow":["GET"]}}],"collection":[{"href":"https:\/\/myspainfood.com\/ro\/wp-json\/wp\/v2\/product"}],"about":[{"href":"https:\/\/myspainfood.com\/ro\/wp-json\/wp\/v2\/types\/product"}],"wp:featuredmedia":[{"embeddable":true,"href":"https:\/\/myspainfood.com\/ro\/wp-json\/wp\/v2\/media\/50280"}],"wp:attachment":[{"href":"https:\/\/myspainfood.com\/ro\/wp-json\/wp\/v2\/media?parent=50575"}],"wp:term":[{"taxonomy":"product_brand","embeddable":true,"href":"https:\/\/myspainfood.com\/ro\/wp-json\/wp\/v2\/product_brand?post=50575"},{"taxonomy":"product_cat","embeddable":true,"href":"https:\/\/myspainfood.com\/ro\/wp-json\/wp\/v2\/product_cat?post=50575"},{"taxonomy":"product_tag","embeddable":true,"href":"https:\/\/myspainfood.com\/ro\/wp-json\/wp\/v2\/product_tag?post=50575"}],"curies":[{"name":"wp","href":"https:\/\/api.w.org\/{rel}","templated":true}]}}