{"id":51041,"date":"2025-05-21T09:40:50","date_gmt":"2025-05-21T07:40:50","guid":{"rendered":"https:\/\/myspainfood.com\/producto\/kimbitos-masline-si-castraveti-900-gr-chicon\/"},"modified":"2026-01-29T13:05:44","modified_gmt":"2026-01-29T12:05:44","slug":"kimbitos-masline-si-castraveti-900-gr-chicon","status":"publish","type":"product","link":"https:\/\/myspainfood.com\/ro\/producto\/kimbitos-masline-si-castraveti-900-gr-chicon\/","title":{"rendered":"Kimbitos - m\u0103sline \u0219i castrave\u021bi 900 gr Chic\u00f3n"},"content":{"rendered":"<p><a href=\"https:\/\/aceitunaschiconlebron.com\/catalogo\/manzanilla-rellena-de-pepinillo\/\" target=\"_blank\" rel=\"noopener noreferrer nofollow\">Kimbitos de m\u0103sline \u0219i castrave\u021bi<\/a>, cu un gust u\u0219or dulce-acri\u0219or.<\/p>\n<h3>Propriet\u0103\u021bi ale m\u0103slinelor Manzanilla sau Kimbitos<\/h3>\n<p>M\u0103slinele Manzanilla, originare din Spania, ofer\u0103 mari beneficii, printre care se remarc\u0103 urm\u0103toarele:<\/p>\n<p>Acestea furnizeaz\u0103 cantit\u0103\u021bi mari de antioxidan\u021bi.<\/p>\n<p>Acestea scad tensiunea arterial\u0103 \u0219i colesterolul.<\/p>\n<p>previne unele tipuri de cancer.<\/p>\n<p>Acestea ac\u021bioneaz\u0103 ca un probiotic natural.<\/p>\n<p>\u00cembun\u0103t\u0103\u021birea s\u0103n\u0103t\u0103\u021bii inimii.<\/p>\n<p>Acestea ajut\u0103 la combaterea infec\u021biilor.<\/p>\n<p>Acestea previn osteoporoza.<\/p>\n<p>Cuno\u0219tea\u021bi multiplele beneficii ale acestor m\u0103sline Kimbitos? Acestea au o putere ridicat\u0103 \u00een ceea ce prive\u0219te prevenirea bolilor de inim\u0103 \u0219i circulatorii \u00een general. <\/p>\n<p>Dac\u0103 dori\u021bi s\u0103 cump\u0103ra\u021bi m\u0103sline sau orice alt tip de <a href=\"https:\/\/latiendadesami.com\/categoria-producto\/encurtidos\/\" rel=\"noopener noreferrer nofollow\" target=\"_blank\">mur\u0103turi<\/a>, nu ezita\u021bi s\u0103 arunca\u021bi o privire la catalogul nostru online pentru a vedea varietatea larg\u0103 de <a href=\"https:\/\/latiendadesami.com\/categoria-producto\/encurtidos\/aceitunas\/\" target=\"_blank\" rel=\"noopener noreferrer nofollow\">m\u0103sline<\/a> pe care o avem.<\/p>\n","protected":false},"excerpt":{"rendered":"<p>Kimbitos de m\u0103sline \u0219i castrave\u021bi, cu un gust u\u0219or dulce-acri\u0219or. Propriet\u0103\u021bi ale m\u0103slinelor Manzanilla sau Kimbitos M\u0103slinele Manzanilla, originare din Spania, ofer\u0103 mari beneficii, printre care se remarc\u0103 urm\u0103toarele: Acestea furnizeaz\u0103 cantit\u0103\u021bi mari de antioxidan\u021bi. Acestea scad tensiunea arterial\u0103 \u0219i colesterolul. previne unele tipuri de cancer. Acestea ac\u021bioneaz\u0103 ca un probiotic natural. \u00cembun\u0103t\u0103\u021birea s\u0103n\u0103t\u0103\u021bii inimii. [&hellip;]<\/p>\n","protected":false},"featured_media":7133,"template":"","meta":{"_et_pb_use_builder":"","_et_pb_old_content":"","_et_gb_content_width":""},"product_brand":[1036],"product_cat":[2004,1600,1598],"product_tag":[2033,1604,2056],"class_list":{"0":"post-51041","1":"product","2":"type-product","3":"status-publish","4":"has-post-thumbnail","6":"product_brand-chicon","7":"product_cat-castraveti","8":"product_cat-masline","9":"product_cat-muraturi","10":"product_tag-gherkin-ro","11":"product_tag-kimbo-ro","12":"product_tag-musetel","14":"first","15":"instock","16":"taxable","17":"shipping-taxable","18":"purchasable","19":"product-type-variable"},"_links":{"self":[{"href":"https:\/\/myspainfood.com\/ro\/wp-json\/wp\/v2\/product\/51041","targetHints":{"allow":["GET"]}}],"collection":[{"href":"https:\/\/myspainfood.com\/ro\/wp-json\/wp\/v2\/product"}],"about":[{"href":"https:\/\/myspainfood.com\/ro\/wp-json\/wp\/v2\/types\/product"}],"wp:featuredmedia":[{"embeddable":true,"href":"https:\/\/myspainfood.com\/ro\/wp-json\/wp\/v2\/media\/7133"}],"wp:attachment":[{"href":"https:\/\/myspainfood.com\/ro\/wp-json\/wp\/v2\/media?parent=51041"}],"wp:term":[{"taxonomy":"product_brand","embeddable":true,"href":"https:\/\/myspainfood.com\/ro\/wp-json\/wp\/v2\/product_brand?post=51041"},{"taxonomy":"product_cat","embeddable":true,"href":"https:\/\/myspainfood.com\/ro\/wp-json\/wp\/v2\/product_cat?post=51041"},{"taxonomy":"product_tag","embeddable":true,"href":"https:\/\/myspainfood.com\/ro\/wp-json\/wp\/v2\/product_tag?post=51041"}],"curies":[{"name":"wp","href":"https:\/\/api.w.org\/{rel}","templated":true}]}}