{"id":51143,"date":"2025-05-21T09:40:50","date_gmt":"2025-05-21T07:40:50","guid":{"rendered":"https:\/\/myspainfood.com\/producto\/oua-amestecate-extra-900-gr-chicon\/"},"modified":"2026-01-29T13:04:30","modified_gmt":"2026-01-29T12:04:30","slug":"oua-amestecate-extra-900-gr-chicon","status":"publish","type":"product","link":"https:\/\/myspainfood.com\/ro\/producto\/oua-amestecate-extra-900-gr-chicon\/","title":{"rendered":"Ou\u0103 amestecate Extra 900 gr Chic\u00f3n"},"content":{"rendered":"<p>Ou\u0103le noastre omlet\u0103 extra cu m\u0103sline \u0219i mur\u0103turi sunt compuse din <a href=\"https:\/\/aceitunaschiconlebron.com\/catalogo\/revuelto-extra-aceitunas-encurtidos\/\" target=\"_blank\" rel=\"noopener noreferrer nofollow\">m\u0103sline<\/a> manzanilla, castravete, ceap\u0103 \u0219i morcov.<\/p>\n<p>Aceast\u0103 combina\u021bie de m\u0103sline \u0219i mur\u0103turi face posibil\u0103 savurarea unei arome de neegalat \u00een tapas sau aperitive.<\/p>\n<p>Este o completare foarte s\u0103n\u0103toas\u0103 a dietei noastre tradi\u021bionale mediteraneene nutritive.<\/p>\n<p>Mur\u0103turile au trecut de la o tehnic\u0103 veche de conservare a alimentelor \u00een \u00eentreaga lume la una dintre cele mai populare tapas sau aperitive din gastronomia spaniol\u0103.<\/p>\n<h3><strong>Beneficiile produsului Scrambled Extra<\/strong><\/h3>\n<p>\u0218tia\u021bi care sunt beneficiile Revuelto Extra \u0219i ale mur\u0103turilor \u00een general? Iat\u0103 o list\u0103 a celor mai importante: <\/p>\n<ul>\n<li>Bogat \u00een probiotice.<\/li>\n<li>Acestea ajut\u0103 la digestie.<\/li>\n<li>Ele \u00eent\u0103resc sistemul imunitar.<\/li>\n<li>Acestea reduc pofta de zah\u0103r.<\/li>\n<li>Favorabil pentru vezica biliar\u0103.<\/li>\n<\/ul>\n<p>Dac\u0103 dori\u021bi s\u0103 cump\u0103ra\u021bi m\u0103sline sau orice alt tip de <a href=\"https:\/\/latiendadesami.com\/categoria-producto\/encurtidos\/\" rel=\"noopener noreferrer nofollow\" target=\"_blank\">mur\u0103turi<\/a>, nu ezita\u021bi s\u0103 arunca\u021bi o privire la catalogul nostru online pentru a vedea varietatea larg\u0103 de <a href=\"https:\/\/latiendadesami.com\/categoria-producto\/encurtidos\/aceitunas\/\" target=\"_blank\" rel=\"noopener noreferrer nofollow\">m\u0103sline<\/a> pe care o avem.<\/p>\n","protected":false},"excerpt":{"rendered":"<p>Ou\u0103le noastre omlet\u0103 extra cu m\u0103sline \u0219i mur\u0103turi sunt compuse din m\u0103sline manzanilla, castravete, ceap\u0103 \u0219i morcov. Aceast\u0103 combina\u021bie de m\u0103sline \u0219i mur\u0103turi face posibil\u0103 savurarea unei arome de neegalat \u00een tapas sau aperitive. Este o completare foarte s\u0103n\u0103toas\u0103 a dietei noastre tradi\u021bionale mediteraneene nutritive. Mur\u0103turile au trecut de la o tehnic\u0103 veche de conservare [&hellip;]<\/p>\n","protected":false},"featured_media":50834,"template":"","meta":{"_et_pb_use_builder":"","_et_pb_old_content":"","_et_gb_content_width":""},"product_brand":[1036],"product_cat":[1600,1598],"product_tag":[8110],"class_list":{"0":"post-51143","1":"product","2":"type-product","3":"status-publish","4":"has-post-thumbnail","6":"product_brand-chicon","7":"product_cat-masline","8":"product_cat-muraturi","9":"product_tag-oua-amestecate","11":"first","12":"instock","13":"taxable","14":"shipping-taxable","15":"purchasable","16":"product-type-variable"},"_links":{"self":[{"href":"https:\/\/myspainfood.com\/ro\/wp-json\/wp\/v2\/product\/51143","targetHints":{"allow":["GET"]}}],"collection":[{"href":"https:\/\/myspainfood.com\/ro\/wp-json\/wp\/v2\/product"}],"about":[{"href":"https:\/\/myspainfood.com\/ro\/wp-json\/wp\/v2\/types\/product"}],"wp:featuredmedia":[{"embeddable":true,"href":"https:\/\/myspainfood.com\/ro\/wp-json\/wp\/v2\/media\/50834"}],"wp:attachment":[{"href":"https:\/\/myspainfood.com\/ro\/wp-json\/wp\/v2\/media?parent=51143"}],"wp:term":[{"taxonomy":"product_brand","embeddable":true,"href":"https:\/\/myspainfood.com\/ro\/wp-json\/wp\/v2\/product_brand?post=51143"},{"taxonomy":"product_cat","embeddable":true,"href":"https:\/\/myspainfood.com\/ro\/wp-json\/wp\/v2\/product_cat?post=51143"},{"taxonomy":"product_tag","embeddable":true,"href":"https:\/\/myspainfood.com\/ro\/wp-json\/wp\/v2\/product_tag?post=51143"}],"curies":[{"name":"wp","href":"https:\/\/api.w.org\/{rel}","templated":true}]}}