{"id":51391,"date":"2025-05-21T10:50:34","date_gmt":"2025-05-21T08:50:34","guid":{"rendered":"https:\/\/myspainfood.com\/producto\/secretul-bunicii\/"},"modified":"2026-01-29T13:10:57","modified_gmt":"2026-01-29T12:10:57","slug":"secretul-bunicii","status":"publish","type":"product","link":"https:\/\/myspainfood.com\/ro\/producto\/secretul-bunicii\/","title":{"rendered":"Secretul bunicii"},"content":{"rendered":"<p>Olives Secreto de la Abuela este o combina\u021bie de m\u0103sline gordal f\u0103r\u0103 s\u00e2mburi, usturoi alb, capere \u0219i buc\u0103\u021bi de vinete.<\/p>\n<p>Pansamentul este propriu lui <a href=\"https:\/\/aceitunaschiconlebron.com\/\" target=\"_blank\" rel=\"noopener noreferrer nofollow\">Chic\u00f3n<\/a>.<\/p>\n<h3><strong>Beneficiile m\u0103slinelor Secreto de la Abuela<\/strong><\/h3>\n<p>\u0218tia\u021bi care sunt beneficiile acestui tip de m\u0103sline \u0219i ale mur\u0103turilor \u00een general? Iat\u0103 o list\u0103 cu cele mai importante: <\/p>\n<ul>\n<li>Bogat \u00een probiotice.<\/li>\n<li>Acestea ajut\u0103 la digestie.<\/li>\n<li>Ele \u00eent\u0103resc sistemul imunitar.<\/li>\n<li>Acestea reduc pofta de zah\u0103r.<\/li>\n<li>Favorabil pentru vezica biliar\u0103.<\/li>\n<\/ul>\n<p>&nbsp;<\/p>\n<p>Dac\u0103 dori\u021bi s\u0103 cump\u0103ra\u021bi m\u0103sline sau orice alt tip de <a href=\"https:\/\/latiendadesami.com\/categoria-producto\/encurtidos\/\" rel=\"noopener noreferrer nofollow\" target=\"_blank\">mur\u0103turi<\/a>, nu ezita\u021bi s\u0103 arunca\u021bi o privire la catalogul nostru online pentru a vedea varietatea larg\u0103 de <a href=\"https:\/\/latiendadesami.com\/categoria-producto\/encurtidos\/aceitunas\/\" target=\"_blank\" rel=\"noopener noreferrer nofollow\">m\u0103sline<\/a> pe care o avem.<\/p>\n","protected":false},"excerpt":{"rendered":"<p>Olives Secreto de la Abuela este o combina\u021bie de m\u0103sline gordal f\u0103r\u0103 s\u00e2mburi, usturoi alb, capere \u0219i buc\u0103\u021bi de vinete. Pansamentul este propriu lui Chic\u00f3n. Beneficiile m\u0103slinelor Secreto de la Abuela \u0218tia\u021bi care sunt beneficiile acestui tip de m\u0103sline \u0219i ale mur\u0103turilor \u00een general? Iat\u0103 o list\u0103 cu cele mai importante: Bogat \u00een probiotice. Acestea [&hellip;]<\/p>\n","protected":false},"featured_media":51215,"template":"","meta":{"_et_pb_use_builder":"","_et_pb_old_content":"","_et_gb_content_width":""},"product_brand":[1036],"product_cat":[1600,1598],"product_tag":[1623,10128],"class_list":{"0":"post-51391","1":"product","2":"type-product","3":"status-publish","4":"has-post-thumbnail","6":"product_brand-chicon","7":"product_cat-masline","8":"product_cat-muraturi","9":"product_tag-bunica","10":"product_tag-secret-ro","12":"first","13":"outofstock","14":"taxable","15":"shipping-taxable","16":"product-type-variable"},"_links":{"self":[{"href":"https:\/\/myspainfood.com\/ro\/wp-json\/wp\/v2\/product\/51391","targetHints":{"allow":["GET"]}}],"collection":[{"href":"https:\/\/myspainfood.com\/ro\/wp-json\/wp\/v2\/product"}],"about":[{"href":"https:\/\/myspainfood.com\/ro\/wp-json\/wp\/v2\/types\/product"}],"wp:featuredmedia":[{"embeddable":true,"href":"https:\/\/myspainfood.com\/ro\/wp-json\/wp\/v2\/media\/51215"}],"wp:attachment":[{"href":"https:\/\/myspainfood.com\/ro\/wp-json\/wp\/v2\/media?parent=51391"}],"wp:term":[{"taxonomy":"product_brand","embeddable":true,"href":"https:\/\/myspainfood.com\/ro\/wp-json\/wp\/v2\/product_brand?post=51391"},{"taxonomy":"product_cat","embeddable":true,"href":"https:\/\/myspainfood.com\/ro\/wp-json\/wp\/v2\/product_cat?post=51391"},{"taxonomy":"product_tag","embeddable":true,"href":"https:\/\/myspainfood.com\/ro\/wp-json\/wp\/v2\/product_tag?post=51391"}],"curies":[{"name":"wp","href":"https:\/\/api.w.org\/{rel}","templated":true}]}}