{"id":52406,"date":"2025-05-23T12:58:14","date_gmt":"2025-05-23T10:58:14","guid":{"rendered":"https:\/\/myspainfood.com\/producto\/baton-de-ciocolata-cu-fistic-alyan-dubai-100-grame\/"},"modified":"2026-01-29T13:16:20","modified_gmt":"2026-01-29T12:16:20","slug":"baton-de-ciocolata-cu-fistic-alyan-dubai-100-grame","status":"publish","type":"product","link":"https:\/\/myspainfood.com\/ro\/producto\/baton-de-ciocolata-cu-fistic-alyan-dubai-100-grame\/","title":{"rendered":"Baton de ciocolat\u0103 cu fistic Alyan Dubai 100 grame"},"content":{"rendered":"<p>Ciocolat\u0103 cu lapte umplut\u0103 cu fistic \u0219i kunafa. Ingrediente: <\/p>\n<p>Past\u0103 de fistic 45% [zah\u0103r, fistic (30%), ulei vegetal (ulei de palmier, de bumbac \u0219i de floarea soarelui complet hidrogenat), lapte degresat, emulgator (lecitin\u0103 de floarea soarelui), arome (lapte, vanilin\u0103)],<\/p>\n<p>Ciocolat\u0103 cu lapte 45% [zah\u0103r, unt de cacao, lapte praf integral, mas\u0103 de cacao, lapte praf degresat, zer praf, emulgator (fosfatide de amoniu, poliglicerol poliricinoleat, lecitin\u0103 de floarea soarelui), arom\u0103 (vanilin\u0103)],<\/p>\n<p>Kunafa 10% [gr\u00e2u (con\u021bine gluten), ap\u0103], conservan\u021bi (sorbat de potasiu, propionat de calciu).<\/p>\n<p>Alergeni: lapte, gr\u00e2u \u0219i fistic. Poate con\u021bine urme de alte nuci, arahide \u0219i ou\u0103. <\/p>\n","protected":false},"excerpt":{"rendered":"<p>Ciocolat\u0103 cu lapte umplut\u0103 cu fistic \u0219i kunafa. Ingrediente: Past\u0103 de fistic 45% [zah\u0103r, fistic (30%), ulei vegetal (ulei de palmier, de bumbac \u0219i de floarea soarelui complet hidrogenat), lapte degresat, emulgator (lecitin\u0103 de floarea soarelui), arome (lapte, vanilin\u0103)], Ciocolat\u0103 cu lapte 45% [zah\u0103r, unt de cacao, lapte praf integral, mas\u0103 de cacao, lapte praf [&hellip;]<\/p>\n","protected":false},"featured_media":52375,"template":"","meta":{"_et_pb_use_builder":"","_et_pb_old_content":"","_et_gb_content_width":""},"product_brand":[],"product_cat":[1975],"product_tag":[],"class_list":{"0":"post-52406","1":"product","2":"type-product","3":"status-publish","4":"has-post-thumbnail","6":"product_cat-conserve-ro","8":"first","9":"instock","10":"featured","11":"taxable","12":"shipping-taxable","13":"purchasable","14":"product-type-variable"},"_links":{"self":[{"href":"https:\/\/myspainfood.com\/ro\/wp-json\/wp\/v2\/product\/52406","targetHints":{"allow":["GET"]}}],"collection":[{"href":"https:\/\/myspainfood.com\/ro\/wp-json\/wp\/v2\/product"}],"about":[{"href":"https:\/\/myspainfood.com\/ro\/wp-json\/wp\/v2\/types\/product"}],"wp:featuredmedia":[{"embeddable":true,"href":"https:\/\/myspainfood.com\/ro\/wp-json\/wp\/v2\/media\/52375"}],"wp:attachment":[{"href":"https:\/\/myspainfood.com\/ro\/wp-json\/wp\/v2\/media?parent=52406"}],"wp:term":[{"taxonomy":"product_brand","embeddable":true,"href":"https:\/\/myspainfood.com\/ro\/wp-json\/wp\/v2\/product_brand?post=52406"},{"taxonomy":"product_cat","embeddable":true,"href":"https:\/\/myspainfood.com\/ro\/wp-json\/wp\/v2\/product_cat?post=52406"},{"taxonomy":"product_tag","embeddable":true,"href":"https:\/\/myspainfood.com\/ro\/wp-json\/wp\/v2\/product_tag?post=52406"}],"curies":[{"name":"wp","href":"https:\/\/api.w.org\/{rel}","templated":true}]}}