{"id":62847,"date":"2025-10-10T12:25:50","date_gmt":"2025-10-10T10:25:50","guid":{"rendered":"https:\/\/myspainfood.com\/producto\/sardinillas-in-ulei-de-masline-organic-20-25-bucati-rias-baixas-115-gr\/"},"modified":"2025-10-10T12:25:50","modified_gmt":"2025-10-10T10:25:50","slug":"sardinillas-in-ulei-de-masline-organic-20-25-bucati-rias-baixas-115-gr","status":"publish","type":"product","link":"https:\/\/myspainfood.com\/ro\/producto\/sardinillas-in-ulei-de-masline-organic-20-25-bucati-rias-baixas-115-gr\/","title":{"rendered":"Sardinillas \u00een ulei de m\u0103sline organic 20\/25 buc\u0103\u021bi Rias Baixas 115 gr"},"content":{"rendered":"<p>Conservele noastre de sardine sunt delicioase; cu mirosul lor, gustul intens, aspectul argintiu \u0219i pozi\u021bionarea \u0219i prezentarea perfect\u0103 \u00een conserv\u0103. Punctul de plecare este \u00eentotdeauna selectarea celor mai bune, mai proaspete \u0219i mai mici sardine de la pia\u021ba de pe\u0219te (ve\u021bi g\u0103si \u00eentre 12 \u0219i 16 sardine \u00een fiecare conserv\u0103). <\/p>\n<p>\u00cen fabrica noastr\u0103 din Moa\u00f1a (Pontevedra), m\u00e2inile experte ale personalului nostru de produc\u021bie \u00eendep\u0103rteaz\u0103 capul \u0219i eviscereaz\u0103 fiecare pe\u0219te unul c\u00e2te unul. Acestea sunt apoi pr\u0103jite la abur \u0219i ambalate cu grij\u0103 \u0219i precizie pentru a ob\u021bine cel mai atractiv aspect posibil atunci c\u00e2nd deschide\u021bi cutia. Cirea\u0219a de pe tort este ad\u0103ugarea de <strong>ulei de m\u0103sline extravirgin organic*.<\/strong> Rezultatul este spectaculos \u0219i acum pute\u021bi vedea cu ochii vo\u0219tri.  <\/p>\n<p>Re\u021bine\u021bi c\u0103 timpul de maturare, care poate dura de la c\u00e2teva luni la c\u00e2\u021biva ani, este crucial, deoarece aroma sardinelor se \u00eembun\u0103t\u0103\u021be\u0219te pe m\u0103sur\u0103 ce uleiul p\u0103trunde \u00een pe\u0219te. \u00centoarcerea regulat\u0103 a cutiilor asigur\u0103 o arom\u0103 rafinat\u0103 \u0219i uniform\u0103 care va satisface cele mai exigente gusturi. <\/p>\n<p>\u00cen ultimii ani, conservele de sardine au c\u00e2\u0219tigat o mare faim\u0103 ca aliment cu valoare nutritiv\u0103 ridicat\u0103. Am putea spune c\u0103, din punct de vedere nutri\u021bional, sardinele iau medalia de aur. Acestea con\u021bin o concentra\u021bie ridicat\u0103 de vitamina B12, pe l\u00e2ng\u0103 vitaminele A, D, K \u0219i E. De asemenea, sunt o surs\u0103 important\u0103 de proteine, sodiu, fosfor, iod \u0219i calciu. \u0218i bogate \u00een Omega 3 \u0219i acid oleic, ce a\u021bi putea cere mai mult?    <\/p>\n","protected":false},"excerpt":{"rendered":"<p>Conservele noastre de sardine sunt delicioase; cu mirosul lor, gustul intens, aspectul argintiu \u0219i pozi\u021bionarea \u0219i prezentarea perfect\u0103 \u00een conserv\u0103. Punctul de plecare este \u00eentotdeauna selectarea celor mai bune, mai proaspete \u0219i mai mici sardine de la pia\u021ba de pe\u0219te (ve\u021bi g\u0103si \u00eentre 12 \u0219i 16 sardine \u00een fiecare conserv\u0103). \u00cen fabrica noastr\u0103 din Moa\u00f1a [&hellip;]<\/p>\n","protected":false},"featured_media":59425,"template":"","meta":{"_et_pb_use_builder":"","_et_pb_old_content":"","_et_gb_content_width":""},"product_brand":[11014],"product_cat":[1975,11026,3762],"product_tag":[],"class_list":{"0":"post-62847","1":"product","2":"type-product","3":"status-publish","4":"has-post-thumbnail","6":"product_brand-rias-baixas","7":"product_cat-conserve-ro","8":"product_cat-nou","9":"product_cat-sardinillas-ro","11":"first","12":"instock","13":"featured","14":"taxable","15":"shipping-taxable","16":"purchasable","17":"product-type-variable"},"_links":{"self":[{"href":"https:\/\/myspainfood.com\/ro\/wp-json\/wp\/v2\/product\/62847","targetHints":{"allow":["GET"]}}],"collection":[{"href":"https:\/\/myspainfood.com\/ro\/wp-json\/wp\/v2\/product"}],"about":[{"href":"https:\/\/myspainfood.com\/ro\/wp-json\/wp\/v2\/types\/product"}],"wp:featuredmedia":[{"embeddable":true,"href":"https:\/\/myspainfood.com\/ro\/wp-json\/wp\/v2\/media\/59425"}],"wp:attachment":[{"href":"https:\/\/myspainfood.com\/ro\/wp-json\/wp\/v2\/media?parent=62847"}],"wp:term":[{"taxonomy":"product_brand","embeddable":true,"href":"https:\/\/myspainfood.com\/ro\/wp-json\/wp\/v2\/product_brand?post=62847"},{"taxonomy":"product_cat","embeddable":true,"href":"https:\/\/myspainfood.com\/ro\/wp-json\/wp\/v2\/product_cat?post=62847"},{"taxonomy":"product_tag","embeddable":true,"href":"https:\/\/myspainfood.com\/ro\/wp-json\/wp\/v2\/product_tag?post=62847"}],"curies":[{"name":"wp","href":"https:\/\/api.w.org\/{rel}","templated":true}]}}