{"id":62973,"date":"2025-10-10T12:25:49","date_gmt":"2025-10-10T10:25:49","guid":{"rendered":"https:\/\/myspainfood.com\/producto\/scoici-razor-din-finisterre-in-rias-baixas-ulei-de-masline-organic-115-g\/"},"modified":"2025-10-10T12:25:49","modified_gmt":"2025-10-10T10:25:49","slug":"scoici-razor-din-finisterre-in-rias-baixas-ulei-de-masline-organic-115-g","status":"publish","type":"product","link":"https:\/\/myspainfood.com\/ro\/producto\/scoici-razor-din-finisterre-in-rias-baixas-ulei-de-masline-organic-115-g\/","title":{"rendered":"Scoici Razor din Finisterre \u00een Rias Baixas ulei de m\u0103sline organic 115 g"},"content":{"rendered":"<p>Scoicile sunt extrase \u00een multe locuri din frumoasele noastre Rias, dar dintre toate acestea exist\u0103 unul \u00een care scoicile \u0219i longueirones ating cea mai \u00eenalt\u0103 calitate: Finisterre (Fisterra). \u0218i cum nu se putea altfel, la CONSERVAS R\u00cdAS BAIXAS 1907 cump\u0103r\u0103m numai scoici din aceste plaje paradisiace \u0219i numai cele care sunt capturate una c\u00e2te una de scafandri liberi pentru a asigura conservarea mediului natural, astfel \u00eenc\u00e2t \u0219i genera\u021biile viitoare s\u0103 se poat\u0103 bucura de aceast\u0103 delicates\u0103. <\/p>\n<p>Lama de ras proasp\u0103t\u0103 este purificat\u0103 \u00een ap\u0103 s\u0103rat\u0103 pentru a \u00eendep\u0103rta orice rest de nisip \u0219i apoi ambalat\u0103 cu grij\u0103 la sediul nostru din Moa\u00f1a.<\/p>\n<p>\u0218i de\u0219i scoicile Finisterre sunt o delicates\u0103 \u00een sine, am ales s\u0103 le prezent\u0103m \u00een ulei de m\u0103sline extravirgin bio*. Rezultatul este spectaculos \u0219i v\u0103 invit\u0103m s\u0103 \u00eel \u00eencerca\u021bi. <\/p>\n<p>\u00cen plus, scoicile sunt foarte s\u0103race \u00een calorii \u0219i lipide. Pe de alt\u0103 parte, scoicile sunt bogate \u00een acizi gra\u0219i polinesatura\u021bi OMEGA 3, motiv pentru care consumul lor este foarte recomandat. <\/p>\n","protected":false},"excerpt":{"rendered":"<p>Scoicile sunt extrase \u00een multe locuri din frumoasele noastre Rias, dar dintre toate acestea exist\u0103 unul \u00een care scoicile \u0219i longueirones ating cea mai \u00eenalt\u0103 calitate: Finisterre (Fisterra). \u0218i cum nu se putea altfel, la CONSERVAS R\u00cdAS BAIXAS 1907 cump\u0103r\u0103m numai scoici din aceste plaje paradisiace \u0219i numai cele care sunt capturate una c\u00e2te una [&hellip;]<\/p>\n","protected":false},"featured_media":59303,"template":"","meta":{"_et_pb_use_builder":"","_et_pb_old_content":"","_et_gb_content_width":""},"product_brand":[11014],"product_cat":[7586,1975,11026],"product_tag":[],"class_list":{"0":"post-62973","1":"product","2":"type-product","3":"status-publish","4":"has-post-thumbnail","6":"product_brand-rias-baixas","7":"product_cat-aparate-de-ras","8":"product_cat-conserve-ro","9":"product_cat-nou","11":"first","12":"instock","13":"taxable","14":"shipping-taxable","15":"purchasable","16":"product-type-variable"},"_links":{"self":[{"href":"https:\/\/myspainfood.com\/ro\/wp-json\/wp\/v2\/product\/62973","targetHints":{"allow":["GET"]}}],"collection":[{"href":"https:\/\/myspainfood.com\/ro\/wp-json\/wp\/v2\/product"}],"about":[{"href":"https:\/\/myspainfood.com\/ro\/wp-json\/wp\/v2\/types\/product"}],"wp:featuredmedia":[{"embeddable":true,"href":"https:\/\/myspainfood.com\/ro\/wp-json\/wp\/v2\/media\/59303"}],"wp:attachment":[{"href":"https:\/\/myspainfood.com\/ro\/wp-json\/wp\/v2\/media?parent=62973"}],"wp:term":[{"taxonomy":"product_brand","embeddable":true,"href":"https:\/\/myspainfood.com\/ro\/wp-json\/wp\/v2\/product_brand?post=62973"},{"taxonomy":"product_cat","embeddable":true,"href":"https:\/\/myspainfood.com\/ro\/wp-json\/wp\/v2\/product_cat?post=62973"},{"taxonomy":"product_tag","embeddable":true,"href":"https:\/\/myspainfood.com\/ro\/wp-json\/wp\/v2\/product_tag?post=62973"}],"curies":[{"name":"wp","href":"https:\/\/api.w.org\/{rel}","templated":true}]}}