{"id":63098,"date":"2025-10-10T12:25:49","date_gmt":"2025-10-10T10:25:49","guid":{"rendered":"https:\/\/myspainfood.com\/producto\/anghila-mica-in-ulei-de-masline-organic-rias-baixas-110-g\/"},"modified":"2026-01-29T11:17:45","modified_gmt":"2026-01-29T10:17:45","slug":"anghila-mica-in-ulei-de-masline-organic-rias-baixas-110-g","status":"publish","type":"product","link":"https:\/\/myspainfood.com\/ro\/producto\/anghila-mica-in-ulei-de-masline-organic-rias-baixas-110-g\/","title":{"rendered":"Anghil\u0103 mic\u0103 \u00een ulei de m\u0103sline organic Rias Baixas 110 g"},"content":{"rendered":"<p>Dup\u0103 cum probabil \u0219ti\u021bi, anghila de sticl\u0103 este puiul de anghil\u0103. Aventura lor \u00eencepe \u00een Marea Sargaselor, \u00een mijlocul Caraibelor, unde anghilele se reproduc \u0219i \u00ee\u0219i clocesc ou\u0103le, care \u00een urm\u0103torii trei ani se vor deplasa de-a lungul Curentului Golfului p\u00e2n\u0103 ajung \u00een r\u00e2urile europene. Anghilele de sticl\u0103 se adun\u0103 \u00een mase mari la gurile r\u00e2urilor \u0219i \u00eenoat\u0103 \u00een amonte p\u00e2n\u0103 devin adul\u021bi. \u0218i cel mai curios lucru este c\u0103 fiecare elan ajunge \u00een acela\u0219i r\u00e2u din care au ie\u0219it p\u0103rin\u021bii s\u0103i. C\u00e2nd este prins, fiecare exemplar c\u00e2nt\u0103re\u0219te de obicei 1 g \u0219i m\u0103soar\u0103 pu\u021bin sub 8 cm.     <\/p>\n<p>Este de la sine \u00een\u021beles c\u0103 un pe\u0219te at\u00e2t de fragil \u0219i de valoros este tratat cu cea mai mare grij\u0103 \u0219i delicate\u021be \u00een timpul transportului c\u0103tre fabric\u0103, \u00een procesul de g\u0103tit \u0219i \u00een cel de conservare. \u00cel prezent\u0103m dup\u0103 re\u021beta tradi\u021bional\u0103 pentru aceast\u0103 delicates\u0103, cu o not\u0103 picant\u0103 generoas\u0103 dat\u0103 de un ardei iute natural \u0219i sc\u0103ldat \u00een ulei de m\u0103sline extravirgin bio*. <\/p>\n<p>Pe l\u00e2ng\u0103 aroma sa, care pentru mul\u021bi exper\u021bi este imbatabil\u0103, somnul este un produs cu o valoare nutritiv\u0103 foarte ridicat\u0103. De fapt, este cel mai gras pe\u0219te gras cunoscut \u0219i are o cantitate mare de proteine (16,3 g. la 100 g.). De asemenea, furnizeaz\u0103 cantit\u0103\u021bi interesante ale unor minerale precum fosforul \u0219i potasiul, favoriz\u00e2ndu-ne s\u0103n\u0103tatea renal\u0103 \u0219i sistemul nervos. Dar cea mai notabil\u0103 caracteristic\u0103 a sa este propor\u021bia foarte mare de vitamina A, care are printre virtu\u021bile sale pe aceea de a ne favoriza s\u0103n\u0103tatea ochilor \u0219i a vederii.   <\/p>\n","protected":false},"excerpt":{"rendered":"<p>Dup\u0103 cum probabil \u0219ti\u021bi, anghila de sticl\u0103 este puiul de anghil\u0103. Aventura lor \u00eencepe \u00een Marea Sargaselor, \u00een mijlocul Caraibelor, unde anghilele se reproduc \u0219i \u00ee\u0219i clocesc ou\u0103le, care \u00een urm\u0103torii trei ani se vor deplasa de-a lungul Curentului Golfului p\u00e2n\u0103 ajung \u00een r\u00e2urile europene. Anghilele de sticl\u0103 se adun\u0103 \u00een mase mari la gurile [&hellip;]<\/p>\n","protected":false},"featured_media":59157,"template":"","meta":{"_et_pb_use_builder":"","_et_pb_old_content":"","_et_gb_content_width":""},"product_brand":[11014],"product_cat":[1975,11026],"product_tag":[],"class_list":{"0":"post-63098","1":"product","2":"type-product","3":"status-publish","4":"has-post-thumbnail","6":"product_brand-rias-baixas","7":"product_cat-conserve-ro","8":"product_cat-nou","10":"first","11":"instock","12":"taxable","13":"shipping-taxable","14":"purchasable","15":"product-type-variable"},"_links":{"self":[{"href":"https:\/\/myspainfood.com\/ro\/wp-json\/wp\/v2\/product\/63098","targetHints":{"allow":["GET"]}}],"collection":[{"href":"https:\/\/myspainfood.com\/ro\/wp-json\/wp\/v2\/product"}],"about":[{"href":"https:\/\/myspainfood.com\/ro\/wp-json\/wp\/v2\/types\/product"}],"wp:featuredmedia":[{"embeddable":true,"href":"https:\/\/myspainfood.com\/ro\/wp-json\/wp\/v2\/media\/59157"}],"wp:attachment":[{"href":"https:\/\/myspainfood.com\/ro\/wp-json\/wp\/v2\/media?parent=63098"}],"wp:term":[{"taxonomy":"product_brand","embeddable":true,"href":"https:\/\/myspainfood.com\/ro\/wp-json\/wp\/v2\/product_brand?post=63098"},{"taxonomy":"product_cat","embeddable":true,"href":"https:\/\/myspainfood.com\/ro\/wp-json\/wp\/v2\/product_cat?post=63098"},{"taxonomy":"product_tag","embeddable":true,"href":"https:\/\/myspainfood.com\/ro\/wp-json\/wp\/v2\/product_tag?post=63098"}],"curies":[{"name":"wp","href":"https:\/\/api.w.org\/{rel}","templated":true}]}}