{"id":53764,"date":"2025-04-10T12:14:06","date_gmt":"2025-04-10T10:14:06","guid":{"rendered":"https:\/\/myspainfood.com\/producto\/olympos-%d0%b6%d0%b5%d0%bb%d1%82%d0%be%d0%bf%d0%b5%d1%80%d1%8b%d0%b9-%d1%82%d1%83%d0%bd%d0%b5%d1%86-%d0%b2-%d0%bc%d0%b0%d1%80%d0%b8%d0%bd%d0%be%d0%b2%d0%b0%d0%bd%d0%bd%d0%be%d0%bc-%d1%81%d0%be%d1%83\/"},"modified":"2025-06-02T10:34:43","modified_gmt":"2025-06-02T08:34:43","slug":"olympos-%d0%b6%d0%b5%d0%bb%d1%82%d0%be%d0%bf%d0%b5%d1%80%d1%8b%d0%b9-%d1%82%d1%83%d0%bd%d0%b5%d1%86-%d0%b2-%d0%bc%d0%b0%d1%80%d0%b8%d0%bd%d0%be%d0%b2%d0%b0%d0%bd%d0%bd%d0%be%d0%bc-%d1%81%d0%be%d1%83","status":"publish","type":"product","link":"https:\/\/myspainfood.com\/ru\/producto\/olympos-%d0%b6%d0%b5%d0%bb%d1%82%d0%be%d0%bf%d0%b5%d1%80%d1%8b%d0%b9-%d1%82%d1%83%d0%bd%d0%b5%d1%86-%d0%b2-%d0%bc%d0%b0%d1%80%d0%b8%d0%bd%d0%be%d0%b2%d0%b0%d0%bd%d0%bd%d0%be%d0%bc-%d1%81%d0%be%d1%83\/","title":{"rendered":"Olympos \u0416\u0435\u043b\u0442\u043e\u043f\u0435\u0440\u044b\u0439 \u0442\u0443\u043d\u0435\u0446 \u0432 \u043c\u0430\u0440\u0438\u043d\u043e\u0432\u0430\u043d\u043d\u043e\u043c \u0441\u043e\u0443\u0441\u0435 1,8 \u043a\u0433"},"content":{"rendered":"<article class=\"4ever-article\" data-clipboard-cangjie=\"[\"root\",{\"copyFrom\":33891801},[\"p\",{\"jc\":\"left\",\"ind\":{},\"spacing\":{}},[\"span\",{\"data-type\":\"text\"},[\"span\",{\"data-type\":\"leaf\"},\"Descubre la excelencia del \"],[\"span\",{\"bold\":true,\"data-type\":\"leaf\"},\"At\u00fan Claro en Escabeche Olympos\"],[\"span\",{\"data-type\":\"leaf\"},\", una delicia gourmet que eleva tus comidas cotidianas. Seleccionado cuidadosamente y preparado con los m\u00e1s altos est\u00e1ndares de calidad, este at\u00fan claro ofrece un sabor aut\u00e9ntico y una textura suave que deleitar\u00e1 a tu paladar.\"]]],[\"p\",{\"jc\":\"left\",\"ind\":{},\"spacing\":{}},[\"span\",{\"data-type\":\"text\"},[\"span\",{\"data-type\":\"leaf\"},\"\"]]],[\"p\",{\"jc\":\"left\",\"ind\":{},\"spacing\":{}},[\"span\",{\"data-type\":\"text\"},[\"span\",{\"bold\":true,\"data-type\":\"leaf\"},\"Beneficios:\"]]],[\"p\",{\"list\":{\"listId\":\"ca7ejz8ee1c\",\"isOrdered\":false,\"level\":0},\"jc\":\"left\",\"spacing\":{}},[\"span\",{\"data-type\":\"text\"},[\"span\",{\"bold\":true,\"data-type\":\"leaf\"},\"F\u00e1cil de Usar:\"],[\"span\",{\"data-type\":\"leaf\"},\" Abre la lata y disfruta de su delicioso sabor directamente o como ingrediente principal en tus recetas favoritas.\"]]],[\"p\",{\"list\":{\"listId\":\"ca7ejz8ee1c\",\"isOrdered\":false,\"level\":0},\"jc\":\"left\",\"spacing\":{}},[\"span\",{\"data-type\":\"text\"},[\"span\",{\"bold\":true,\"data-type\":\"leaf\"},\"Saludable:\"],[\"span\",{\"data-type\":\"leaf\"},\" Bajo en grasas saturadas y libre de conservantes artificiales, es una opci\u00f3n nutritiva para toda la familia.\"]]],[\"p\",{\"list\":{\"listId\":\"ca7ejz8ee1c\",\"isOrdered\":false,\"level\":0},\"jc\":\"left\",\"spacing\":{}},[\"span\",{\"data-type\":\"text\"},[\"span\",{\"bold\":true,\"data-type\":\"leaf\"},\"Sabor Aut\u00e9ntico:\"],[\"span\",{\"data-type\":\"leaf\"},\" La preparaci\u00f3n en escabeche realza el sabor natural del at\u00fan, ofreci\u00e9ndote una experiencia gastron\u00f3mica \u00fanica.\"]]],[\"p\",{\"jc\":\"left\",\"ind\":{},\"spacing\":{}},[\"span\",{\"data-type\":\"text\"},[\"span\",{\"data-type\":\"leaf\"},\"\"]]],[\"p\",{\"jc\":\"left\",\"ind\":{},\"spacing\":{}},[\"span\",{\"data-type\":\"text\"},[\"span\",{\"bold\":true,\"data-type\":\"leaf\"},\"Recomendaciones de Uso:\"]]],[\"p\",{\"list\":{\"listId\":\"wuep2lhyiif\",\"isOrdered\":false,\"level\":0},\"jc\":\"left\",\"spacing\":{}},[\"span\",{\"data-type\":\"text\"},[\"span\",{\"bold\":true,\"data-type\":\"leaf\"},\"Ensaladas:\"],[\"span\",{\"data-type\":\"leaf\"},\" Comb\u00ednalo con vegetales frescos y un aderezo ligero para una ensalada nutritiva.\"]]],[\"p\",{\"list\":{\"listId\":\"wuep2lhyiif\",\"isOrdered\":false,\"level\":0},\"jc\":\"left\",\"spacing\":{}},[\"span\",{\"data-type\":\"text\"},[\"span\",{\"bold\":true,\"data-type\":\"leaf\"},\"Tapas:\"],[\"span\",{\"data-type\":\"leaf\"},\" \u00dasalo como ingrediente principal en tapas espa\u00f1olas, junto con pimientos, aceitunas y pan crujiente.\"]]],[\"p\",{\"list\":{\"listId\":\"wuep2lhyiif\",\"isOrdered\":false,\"level\":0},\"jc\":\"left\",\"spacing\":{}},[\"span\",{\"data-type\":\"text\"},[\"span\",{\"bold\":true,\"data-type\":\"leaf\"},\"Platos Principales:\"],[\"span\",{\"data-type\":\"leaf\"},\" A\u00f1\u00e1delo a pastas, arroces o guisos para un plato principal lleno de sabor y nutrientes.\"]]],[\"p\",{\"jc\":\"left\",\"ind\":{},\"spacing\":{}},[\"span\",{\"data-type\":\"text\"},[\"span\",{\"data-type\":\"leaf\"},\"\"]]],[\"p\",{\"jc\":\"left\",\"ind\":{},\"spacing\":{}},[\"span\",{\"data-type\":\"text\"},[\"span\",{\"bold\":true,\"data-type\":\"leaf\"},\"Conservaci\u00f3n:\"]]],[\"p\",{\"list\":{\"listId\":\"x5ptcu8sy7j\",\"isOrdered\":false,\"level\":0},\"jc\":\"left\",\"spacing\":{}},[\"span\",{\"data-type\":\"text\"},[\"span\",{\"data-type\":\"leaf\"},\"Almacenar en un lugar fresco y seco.\"]]],[\"p\",{\"list\":{\"listId\":\"x5ptcu8sy7j\",\"isOrdered\":false,\"level\":0},\"jc\":\"left\",\"spacing\":{}},[\"span\",{\"data-type\":\"text\"},[\"span\",{\"data-type\":\"leaf\"},\"Una vez abierto, mantener refrigerado y consumir en los pr\u00f3ximos 2 d\u00edas.\"]]]]\">\u041e\u0442\u043a\u0440\u043e\u0439\u0442\u0435 \u0434\u043b\u044f \u0441\u0435\u0431\u044f \u0441\u043e\u0432\u0435\u0440\u0448\u0435\u043d\u0441\u0442\u0432\u043e \u043c\u0430\u0440\u0438\u043d\u043e\u0432\u0430\u043d\u043d\u043e\u0433\u043e \u0436\u0435\u043b\u0442\u043e\u043f\u0435\u0440\u043e\u0433\u043e \u0442\u0443\u043d\u0446\u0430 Olympos - \u0438\u0437\u044b\u0441\u043a\u0430\u043d\u043d\u043e\u0435 \u043b\u0430\u043a\u043e\u043c\u0441\u0442\u0432\u043e, \u043a\u043e\u0442\u043e\u0440\u043e\u0435 \u0432\u043e\u0437\u0432\u044b\u0441\u0438\u0442 \u0412\u0430\u0448\u0438 \u043f\u043e\u0432\u0441\u0435\u0434\u043d\u0435\u0432\u043d\u044b\u0435 \u0431\u043b\u044e\u0434\u0430. \u0422\u0449\u0430\u0442\u0435\u043b\u044c\u043d\u043e \u043e\u0442\u043e\u0431\u0440\u0430\u043d\u043d\u044b\u0439 \u0438 \u043f\u0440\u0438\u0433\u043e\u0442\u043e\u0432\u043b\u0435\u043d\u043d\u044b\u0439 \u0432 \u0441\u043e\u043e\u0442\u0432\u0435\u0442\u0441\u0442\u0432\u0438\u0438 \u0441 \u0432\u044b\u0441\u043e\u0447\u0430\u0439\u0448\u0438\u043c\u0438 \u0441\u0442\u0430\u043d\u0434\u0430\u0440\u0442\u0430\u043c\u0438 \u043a\u0430\u0447\u0435\u0441\u0442\u0432\u0430, \u044d\u0442\u043e\u0442 \u0441\u0432\u0435\u0442\u043b\u044b\u0439 \u0442\u0443\u043d\u0435\u0446 \u043e\u0431\u043b\u0430\u0434\u0430\u0435\u0442 \u043f\u043e\u0434\u043b\u0438\u043d\u043d\u044b\u043c \u0432\u043a\u0443\u0441\u043e\u043c \u0438 \u0433\u043b\u0430\u0434\u043a\u043e\u0439 \u0442\u0435\u043a\u0441\u0442\u0443\u0440\u043e\u0439, \u043a\u043e\u0442\u043e\u0440\u044b\u0435 \u043f\u043e\u0440\u0430\u0434\u0443\u044e\u0442 \u0412\u0430\u0448 \u0432\u043a\u0443\u0441: <\/p>\n<ul>\n<li>\n<div>\u041f\u0440\u043e\u0441\u0442\u043e\u0442\u0430 \u0438\u0441\u043f\u043e\u043b\u044c\u0437\u043e\u0432\u0430\u043d\u0438\u044f: \u043e\u0442\u043a\u0440\u043e\u0439\u0442\u0435 \u0431\u0430\u043d\u043a\u0443 \u0438 \u043d\u0430\u0441\u043b\u0430\u0436\u0434\u0430\u0439\u0442\u0435\u0441\u044c \u0432\u043e\u0441\u0445\u0438\u0442\u0438\u0442\u0435\u043b\u044c\u043d\u044b\u043c \u0432\u043a\u0443\u0441\u043e\u043c \u043d\u0435\u043f\u043e\u0441\u0440\u0435\u0434\u0441\u0442\u0432\u0435\u043d\u043d\u043e \u0438\u043b\u0438 \u0432 \u043a\u0430\u0447\u0435\u0441\u0442\u0432\u0435 \u043e\u0441\u043d\u043e\u0432\u043d\u043e\u0433\u043e \u0438\u043d\u0433\u0440\u0435\u0434\u0438\u0435\u043d\u0442\u0430 \u0432 \u0412\u0430\u0448\u0438\u0445 \u043b\u044e\u0431\u0438\u043c\u044b\u0445 \u0440\u0435\u0446\u0435\u043f\u0442\u0430\u0445.<\/div>\n<\/li>\n<li>\n<div>\u0417\u0434\u043e\u0440\u043e\u0432\u044b\u0439: \u0421 \u043d\u0438\u0437\u043a\u0438\u043c \u0441\u043e\u0434\u0435\u0440\u0436\u0430\u043d\u0438\u0435\u043c \u043d\u0430\u0441\u044b\u0449\u0435\u043d\u043d\u044b\u0445 \u0436\u0438\u0440\u043e\u0432 \u0438 \u0431\u0435\u0437 \u0438\u0441\u043a\u0443\u0441\u0441\u0442\u0432\u0435\u043d\u043d\u044b\u0445 \u043a\u043e\u043d\u0441\u0435\u0440\u0432\u0430\u043d\u0442\u043e\u0432 - \u043f\u0438\u0442\u0430\u0442\u0435\u043b\u044c\u043d\u044b\u0439 \u0432\u044b\u0431\u043e\u0440 \u0434\u043b\u044f \u0432\u0441\u0435\u0439 \u0441\u0435\u043c\u044c\u0438.<\/div>\n<\/li>\n<li>\n<div>\u0410\u0443\u0442\u0435\u043d\u0442\u0438\u0447\u043d\u044b\u0439 \u0432\u043a\u0443\u0441: \u043c\u0430\u0440\u0438\u043d\u043e\u0432\u0430\u043d\u043d\u044b\u0439 \u043f\u0440\u043e\u0434\u0443\u043a\u0442 \u0443\u0441\u0438\u043b\u0438\u0432\u0430\u0435\u0442 \u0435\u0441\u0442\u0435\u0441\u0442\u0432\u0435\u043d\u043d\u044b\u0439 \u0432\u043a\u0443\u0441 \u0442\u0443\u043d\u0446\u0430, \u043f\u0440\u0435\u0434\u043b\u0430\u0433\u0430\u044f \u0412\u0430\u043c \u0443\u043d\u0438\u043a\u0430\u043b\u044c\u043d\u044b\u0439 \u0433\u0430\u0441\u0442\u0440\u043e\u043d\u043e\u043c\u0438\u0447\u0435\u0441\u043a\u0438\u0439 \u043e\u043f\u044b\u0442.<\/div>\n<\/li>\n<\/ul>\n<p>&nbsp;<\/p>\n<p>\u0420\u0435\u043a\u043e\u043c\u0435\u043d\u0434\u0430\u0446\u0438\u0438 \u043f\u043e \u043f\u0440\u0438\u043c\u0435\u043d\u0435\u043d\u0438\u044e:<\/p>\n<ul>\n<li>\n<div>\u0421\u0430\u043b\u0430\u0442\u044b: \u0421\u043e\u0447\u0435\u0442\u0430\u0439\u0442\u0435 \u0441\u043e \u0441\u0432\u0435\u0436\u0438\u043c\u0438 \u043e\u0432\u043e\u0449\u0430\u043c\u0438 \u0438 \u043b\u0435\u0433\u043a\u043e\u0439 \u0437\u0430\u043f\u0440\u0430\u0432\u043a\u043e\u0439 \u0434\u043b\u044f \u043f\u0440\u0438\u0433\u043e\u0442\u043e\u0432\u043b\u0435\u043d\u0438\u044f \u043f\u0438\u0442\u0430\u0442\u0435\u043b\u044c\u043d\u043e\u0433\u043e \u0441\u0430\u043b\u0430\u0442\u0430.<\/div>\n<\/li>\n<li>\n<div>\u0422\u0430\u043f\u0430\u0441: \u0418\u0441\u043f\u043e\u043b\u044c\u0437\u0443\u0439\u0442\u0435 \u0435\u0433\u043e \u0432 \u043a\u0430\u0447\u0435\u0441\u0442\u0432\u0435 \u043e\u0441\u043d\u043e\u0432\u043d\u043e\u0433\u043e \u0438\u043d\u0433\u0440\u0435\u0434\u0438\u0435\u043d\u0442\u0430 \u0432 \u0438\u0441\u043f\u0430\u043d\u0441\u043a\u0438\u0445 \u0442\u0430\u043f\u0430\u0441, \u0432\u043c\u0435\u0441\u0442\u0435 \u0441 \u043f\u0435\u0440\u0446\u0435\u043c, \u043e\u043b\u0438\u0432\u043a\u0430\u043c\u0438 \u0438 \u043a\u043e\u0440\u043e\u0447\u043a\u043e\u0439 \u0445\u043b\u0435\u0431\u0430.<\/div>\n<\/li>\n<li>\n<div>\u041e\u0441\u043d\u043e\u0432\u043d\u044b\u0435 \u0431\u043b\u044e\u0434\u0430: \u0414\u043e\u0431\u0430\u0432\u044c\u0442\u0435 \u0435\u0433\u043e \u043a \u043c\u0430\u043a\u0430\u0440\u043e\u043d\u0430\u043c, \u0440\u0438\u0441\u043e\u0432\u044b\u043c \u0431\u043b\u044e\u0434\u0430\u043c \u0438\u043b\u0438 \u0442\u0443\u0448\u0435\u043d\u043e\u043c\u0443 \u043c\u044f\u0441\u0443, \u0447\u0442\u043e\u0431\u044b \u043f\u043e\u043b\u0443\u0447\u0438\u0442\u044c \u043e\u0441\u043d\u043e\u0432\u043d\u043e\u0435 \u0431\u043b\u044e\u0434\u043e, \u043f\u043e\u043b\u043d\u043e\u0435 \u0432\u043a\u0443\u0441\u0430 \u0438 \u043f\u0438\u0442\u0430\u0442\u0435\u043b\u044c\u043d\u044b\u0445 \u0432\u0435\u0449\u0435\u0441\u0442\u0432.<\/div>\n<\/li>\n<\/ul>\n<p>&nbsp;<\/p>\n<p>\u0421\u043e\u0445\u0440\u0430\u043d\u0435\u043d\u0438\u0435:<\/p>\n<ul>\n<li>\n<div>\u0425\u0440\u0430\u043d\u0438\u0442\u0435 \u0432 \u043f\u0440\u043e\u0445\u043b\u0430\u0434\u043d\u043e\u043c, \u0441\u0443\u0445\u043e\u043c \u043c\u0435\u0441\u0442\u0435.<\/div>\n<\/li>\n<li>\n<div>\u041f\u043e\u0441\u043b\u0435 \u043e\u0442\u043a\u0440\u044b\u0442\u0438\u044f \u0445\u0440\u0430\u043d\u0438\u0442\u0435 \u0432 \u0445\u043e\u043b\u043e\u0434\u0438\u043b\u044c\u043d\u0438\u043a\u0435 \u0438 \u0443\u043f\u043e\u0442\u0440\u0435\u0431\u0438\u0442\u0435 \u0432 \u0442\u0435\u0447\u0435\u043d\u0438\u0435 2 \u0434\u043d\u0435\u0439.<\/div>\n<\/li>\n<\/ul>\n<\/article>\n","protected":false},"excerpt":{"rendered":"<p>\u041e\u0442\u043a\u0440\u043e\u0439\u0442\u0435 \u0434\u043b\u044f \u0441\u0435\u0431\u044f \u0441\u043e\u0432\u0435\u0440\u0448\u0435\u043d\u0441\u0442\u0432\u043e \u043c\u0430\u0440\u0438\u043d\u043e\u0432\u0430\u043d\u043d\u043e\u0433\u043e \u0436\u0435\u043b\u0442\u043e\u043f\u0435\u0440\u043e\u0433\u043e \u0442\u0443\u043d\u0446\u0430 Olympos - \u0438\u0437\u044b\u0441\u043a\u0430\u043d\u043d\u043e\u0435 \u043b\u0430\u043a\u043e\u043c\u0441\u0442\u0432\u043e, \u043a\u043e\u0442\u043e\u0440\u043e\u0435 \u0432\u043e\u0437\u0432\u044b\u0441\u0438\u0442 \u0412\u0430\u0448\u0438 \u043f\u043e\u0432\u0441\u0435\u0434\u043d\u0435\u0432\u043d\u044b\u0435 \u0431\u043b\u044e\u0434\u0430. \u0422\u0449\u0430\u0442\u0435\u043b\u044c\u043d\u043e \u043e\u0442\u043e\u0431\u0440\u0430\u043d\u043d\u044b\u0439 \u0438 \u043f\u0440\u0438\u0433\u043e\u0442\u043e\u0432\u043b\u0435\u043d\u043d\u044b\u0439 \u0432 \u0441\u043e\u043e\u0442\u0432\u0435\u0442\u0441\u0442\u0432\u0438\u0438 \u0441 \u0432\u044b\u0441\u043e\u0447\u0430\u0439\u0448\u0438\u043c\u0438 \u0441\u0442\u0430\u043d\u0434\u0430\u0440\u0442\u0430\u043c\u0438 \u043a\u0430\u0447\u0435\u0441\u0442\u0432\u0430, \u044d\u0442\u043e\u0442 \u0441\u0432\u0435\u0442\u043b\u044b\u0439 \u0442\u0443\u043d\u0435\u0446 \u043e\u0431\u043b\u0430\u0434\u0430\u0435\u0442 \u043f\u043e\u0434\u043b\u0438\u043d\u043d\u044b\u043c \u0432\u043a\u0443\u0441\u043e\u043c \u0438 \u0433\u043b\u0430\u0434\u043a\u043e\u0439 \u0442\u0435\u043a\u0441\u0442\u0443\u0440\u043e\u0439, \u043a\u043e\u0442\u043e\u0440\u044b\u0435 \u043f\u043e\u0440\u0430\u0434\u0443\u044e\u0442 \u0412\u0430\u0448 \u0432\u043a\u0443\u0441: \u041f\u0440\u043e\u0441\u0442\u043e\u0442\u0430 \u0438\u0441\u043f\u043e\u043b\u044c\u0437\u043e\u0432\u0430\u043d\u0438\u044f: \u043e\u0442\u043a\u0440\u043e\u0439\u0442\u0435 \u0431\u0430\u043d\u043a\u0443 \u0438 \u043d\u0430\u0441\u043b\u0430\u0436\u0434\u0430\u0439\u0442\u0435\u0441\u044c \u0432\u043e\u0441\u0445\u0438\u0442\u0438\u0442\u0435\u043b\u044c\u043d\u044b\u043c \u0432\u043a\u0443\u0441\u043e\u043c \u043d\u0435\u043f\u043e\u0441\u0440\u0435\u0434\u0441\u0442\u0432\u0435\u043d\u043d\u043e \u0438\u043b\u0438 \u0432 \u043a\u0430\u0447\u0435\u0441\u0442\u0432\u0435 \u043e\u0441\u043d\u043e\u0432\u043d\u043e\u0433\u043e \u0438\u043d\u0433\u0440\u0435\u0434\u0438\u0435\u043d\u0442\u0430 \u0432 \u0412\u0430\u0448\u0438\u0445 [&hellip;]<\/p>\n","protected":false},"featured_media":53767,"template":"","meta":{"_et_pb_use_builder":"","_et_pb_old_content":"","_et_gb_content_width":""},"product_brand":[1248],"product_cat":[10194,10211],"product_tag":[],"class_list":{"0":"post-53764","1":"product","2":"type-product","3":"status-publish","4":"has-post-thumbnail","6":"product_brand-olympos","7":"product_cat-10194","8":"product_cat-10211","10":"first","11":"outofstock","12":"taxable","13":"shipping-taxable","14":"product-type-variable"},"_links":{"self":[{"href":"https:\/\/myspainfood.com\/ru\/wp-json\/wp\/v2\/product\/53764","targetHints":{"allow":["GET"]}}],"collection":[{"href":"https:\/\/myspainfood.com\/ru\/wp-json\/wp\/v2\/product"}],"about":[{"href":"https:\/\/myspainfood.com\/ru\/wp-json\/wp\/v2\/types\/product"}],"wp:featuredmedia":[{"embeddable":true,"href":"https:\/\/myspainfood.com\/ru\/wp-json\/wp\/v2\/media\/53767"}],"wp:attachment":[{"href":"https:\/\/myspainfood.com\/ru\/wp-json\/wp\/v2\/media?parent=53764"}],"wp:term":[{"taxonomy":"product_brand","embeddable":true,"href":"https:\/\/myspainfood.com\/ru\/wp-json\/wp\/v2\/product_brand?post=53764"},{"taxonomy":"product_cat","embeddable":true,"href":"https:\/\/myspainfood.com\/ru\/wp-json\/wp\/v2\/product_cat?post=53764"},{"taxonomy":"product_tag","embeddable":true,"href":"https:\/\/myspainfood.com\/ru\/wp-json\/wp\/v2\/product_tag?post=53764"}],"curies":[{"name":"wp","href":"https:\/\/api.w.org\/{rel}","templated":true}]}}