{"id":53774,"date":"2025-04-10T12:14:06","date_gmt":"2025-04-10T10:14:06","guid":{"rendered":"https:\/\/myspainfood.com\/producto\/a-inigo-garbanzos-primera-400-%d0%b3\/"},"modified":"2025-06-02T10:34:29","modified_gmt":"2025-06-02T08:34:29","slug":"a-inigo-garbanzos-primera-400-%d0%b3","status":"publish","type":"product","link":"https:\/\/myspainfood.com\/ru\/producto\/a-inigo-garbanzos-primera-400-%d0%b3\/","title":{"rendered":"A.I\u00f1igo Garbanzos Primera 400 \u0433"},"content":{"rendered":"<article class=\"4ever-article\" data-clipboard-cangjie=\"[\"root\",{\"copyFrom\":33891801},[\"p\",{\"jc\":\"left\",\"ind\":{},\"spacing\":{}},[\"span\",{\"data-type\":\"text\"},[\"span\",{\"data-type\":\"leaf\"},\"Descubre los exquisitos \"],[\"span\",{\"bold\":true,\"data-type\":\"leaf\"},\"Garbanzos A. I\u00f1igo\"],[\"span\",{\"data-type\":\"leaf\"},\", una joya de la cocina mediterr\u00e1nea que aporta calidad, sabor y nutrici\u00f3n a tus recetas. Seleccionados y envasados con el m\u00e1ximo cuidado, estos garbanzos ofrecen la textura y el gusto perfectos para una amplia variedad de platos.\"]]],[\"p\",{\"jc\":\"left\",\"ind\":{},\"spacing\":{}},[\"span\",{\"data-type\":\"text\"},[\"span\",{\"data-type\":\"leaf\"},\"\"]]],[\"p\",{\"jc\":\"left\",\"ind\":{},\"spacing\":{}},[\"span\",{\"data-type\":\"text\"},[\"span\",{\"bold\":true,\"data-type\":\"leaf\"},\"Beneficios:\"]]],[\"p\",{\"list\":{\"listId\":\"h0fotp7xcpd\",\"isOrdered\":false,\"level\":0},\"jc\":\"left\",\"spacing\":{}},[\"span\",{\"data-type\":\"text\"},[\"span\",{\"bold\":true,\"data-type\":\"leaf\"},\"Nutritivos:\"],[\"span\",{\"data-type\":\"leaf\"},\" Alto contenido en fibra y prote\u00ednas, lo que ayuda a mantener una dieta saludable y equilibrada.\"]]],[\"p\",{\"list\":{\"listId\":\"h0fotp7xcpd\",\"isOrdered\":false,\"level\":0},\"jc\":\"left\",\"spacing\":{}},[\"span\",{\"data-type\":\"text\"},[\"span\",{\"bold\":true,\"data-type\":\"leaf\"},\"Energ\u00e9ticos:\"],[\"span\",{\"data-type\":\"leaf\"},\" Perfectos para aportar energ\u00eda y saciedad, ideales para cualquier comida del d\u00eda.\"]]],[\"p\",{\"list\":{\"listId\":\"h0fotp7xcpd\",\"isOrdered\":false,\"level\":0},\"jc\":\"left\",\"spacing\":{}},[\"span\",{\"data-type\":\"text\"},[\"span\",{\"bold\":true,\"data-type\":\"leaf\"},\"Versatilidad en la Cocina:\"],[\"span\",{\"data-type\":\"leaf\"},\" Se adaptan a una gran variedad de recetas, tanto tradicionales como modernas, permitiendo crear platos deliciosos y nutritivos.\"]]],[\"p\",{\"jc\":\"left\",\"ind\":{},\"spacing\":{}},[\"span\",{\"data-type\":\"text\"},[\"span\",{\"data-type\":\"leaf\"},\"\"]]],[\"p\",{\"jc\":\"left\",\"ind\":{},\"spacing\":{}},[\"span\",{\"data-type\":\"text\"},[\"span\",{\"bold\":true,\"data-type\":\"leaf\"},\"Recomendaciones de Uso:\"]]],[\"p\",{\"list\":{\"listId\":\"5afgnbs3dm6\",\"isOrdered\":false,\"level\":0},\"jc\":\"left\",\"spacing\":{}},[\"span\",{\"data-type\":\"text\"},[\"span\",{\"bold\":true,\"data-type\":\"leaf\"},\"Ensaladas:\"],[\"span\",{\"data-type\":\"leaf\"},\" A\u00f1\u00e1delos a tus ensaladas para un toque de textura y nutrici\u00f3n.\"]]],[\"p\",{\"list\":{\"listId\":\"5afgnbs3dm6\",\"isOrdered\":false,\"level\":0},\"jc\":\"left\",\"spacing\":{}},[\"span\",{\"data-type\":\"text\"},[\"span\",{\"bold\":true,\"data-type\":\"leaf\"},\"Guisos y Sopas:\"],[\"span\",{\"data-type\":\"leaf\"},\" Perfectos para enriquecer guisos de carne, pollo o vegetales, as\u00ed como sopas reconfortantes.\"]]],[\"p\",{\"list\":{\"listId\":\"5afgnbs3dm6\",\"isOrdered\":false,\"level\":0},\"jc\":\"left\",\"spacing\":{}},[\"span\",{\"data-type\":\"text\"},[\"span\",{\"bold\":true,\"data-type\":\"leaf\"},\"Hummus:\"],[\"span\",{\"data-type\":\"leaf\"},\" Util\u00edzalos para preparar un hummus casero, a\u00f1adiendo tahini, lim\u00f3n, ajo y aceite de oliva.\"]]],[\"p\",{\"list\":{\"listId\":\"5afgnbs3dm6\",\"isOrdered\":false,\"level\":0},\"jc\":\"left\",\"spacing\":{}},[\"span\",{\"data-type\":\"text\"},[\"span\",{\"bold\":true,\"data-type\":\"leaf\"},\"Platos Tradicionales:\"],[\"span\",{\"data-type\":\"leaf\"},\" Ideales para potajes, cocidos y otras recetas tradicionales espa\u00f1olas.\"]]],[\"p\",{\"jc\":\"left\",\"ind\":{},\"spacing\":{}},[\"span\",{\"data-type\":\"text\"},[\"span\",{\"data-type\":\"leaf\"},\"\"]]],[\"p\",{\"jc\":\"left\",\"ind\":{},\"spacing\":{}},[\"span\",{\"data-type\":\"text\"},[\"span\",{\"bold\":true,\"data-type\":\"leaf\"},\"Conservaci\u00f3n:\"]]],[\"p\",{\"list\":{\"listId\":\"lsg57fnjb5\",\"isOrdered\":false,\"level\":0},\"jc\":\"left\",\"spacing\":{}},[\"span\",{\"data-type\":\"text\"},[\"span\",{\"data-type\":\"leaf\"},\"Almacenar en un lugar fresco y seco.\"]]],[\"p\",{\"list\":{\"listId\":\"lsg57fnjb5\",\"isOrdered\":false,\"level\":0},\"jc\":\"left\",\"spacing\":{}},[\"span\",{\"data-type\":\"text\"},[\"span\",{\"data-type\":\"leaf\"},\"Mantener el envase bien cerrado para preservar la frescura.\"]]]]\">\u041e\u0442\u043a\u0440\u043e\u0439\u0442\u0435 \u0434\u043b\u044f \u0441\u0435\u0431\u044f \u0438\u0437\u044b\u0441\u043a\u0430\u043d\u043d\u044b\u0439 \u043d\u0443\u0442 A. I\u00f1igo - \u0436\u0435\u043c\u0447\u0443\u0436\u0438\u043d\u0443 \u0441\u0440\u0435\u0434\u0438\u0437\u0435\u043c\u043d\u043e\u043c\u043e\u0440\u0441\u043a\u043e\u0439 \u043a\u0443\u0445\u043d\u0438, \u043a\u043e\u0442\u043e\u0440\u0430\u044f \u043f\u0440\u0438\u0432\u043d\u0435\u0441\u0435\u0442 \u043a\u0430\u0447\u0435\u0441\u0442\u0432\u043e, \u0432\u043a\u0443\u0441 \u0438 \u043f\u0438\u0442\u0430\u0442\u0435\u043b\u044c\u043d\u043e\u0441\u0442\u044c \u0432 \u0412\u0430\u0448\u0438 \u0440\u0435\u0446\u0435\u043f\u0442\u044b. \u041e\u0442\u043e\u0431\u0440\u0430\u043d\u043d\u044b\u0439 \u0438 \u0443\u043f\u0430\u043a\u043e\u0432\u0430\u043d\u043d\u044b\u0439 \u0441 \u043e\u0441\u043e\u0431\u043e\u0439 \u0442\u0449\u0430\u0442\u0435\u043b\u044c\u043d\u043e\u0441\u0442\u044c\u044e, \u044d\u0442\u043e\u0442 \u043d\u0443\u0442 \u043f\u0440\u0435\u0434\u043b\u0430\u0433\u0430\u0435\u0442 \u0438\u0434\u0435\u0430\u043b\u044c\u043d\u0443\u044e \u0442\u0435\u043a\u0441\u0442\u0443\u0440\u0443 \u0438 \u0432\u043a\u0443\u0441 \u0434\u043b\u044f \u0441\u0430\u043c\u044b\u0445 \u0440\u0430\u0437\u043d\u044b\u0445 \u0431\u043b\u044e\u0434.\u041f\u0440\u0435\u0438\u043c\u0443\u0449\u0435\u0441\u0442\u0432\u0430: <\/p>\n<ul>\n<li>\n<div>\u041f\u0438\u0442\u0430\u0442\u0435\u043b\u044c\u043d\u043e\u0441\u0442\u044c: \u0432\u044b\u0441\u043e\u043a\u043e\u0435 \u0441\u043e\u0434\u0435\u0440\u0436\u0430\u043d\u0438\u0435 \u043a\u043b\u0435\u0442\u0447\u0430\u0442\u043a\u0438 \u0438 \u0431\u0435\u043b\u043a\u0430, \u0447\u0442\u043e \u043f\u043e\u043c\u043e\u0433\u0430\u0435\u0442 \u043f\u043e\u0434\u0434\u0435\u0440\u0436\u0438\u0432\u0430\u0442\u044c \u0437\u0434\u043e\u0440\u043e\u0432\u0443\u044e \u0438 \u0441\u0431\u0430\u043b\u0430\u043d\u0441\u0438\u0440\u043e\u0432\u0430\u043d\u043d\u0443\u044e \u0434\u0438\u0435\u0442\u0443.<\/div>\n<\/li>\n<li>\n<div>\u042d\u043d\u0435\u0440\u0433\u0438\u0447\u043d\u044b\u0439: \u041f\u0440\u0435\u043a\u0440\u0430\u0441\u043d\u043e \u0437\u0430\u0440\u044f\u0436\u0430\u0435\u0442 \u044d\u043d\u0435\u0440\u0433\u0438\u0435\u0439 \u0438 \u043d\u0430\u0441\u044b\u0449\u0430\u0435\u0442, \u0438\u0434\u0435\u0430\u043b\u044c\u043d\u043e \u043f\u043e\u0434\u0445\u043e\u0434\u0438\u0442 \u0434\u043b\u044f \u043b\u044e\u0431\u043e\u0433\u043e \u043f\u0440\u0438\u0435\u043c\u0430 \u043f\u0438\u0449\u0438 \u0432 \u0442\u0435\u0447\u0435\u043d\u0438\u0435 \u0434\u043d\u044f.<\/div>\n<\/li>\n<li>\n<div>\u0423\u043d\u0438\u0432\u0435\u0440\u0441\u0430\u043b\u044c\u043d\u043e\u0441\u0442\u044c \u043d\u0430 \u043a\u0443\u0445\u043d\u0435: \u041e\u043d\u0438 \u043f\u043e\u0434\u0445\u043e\u0434\u044f\u0442 \u0434\u043b\u044f \u0441\u0430\u043c\u044b\u0445 \u0440\u0430\u0437\u043d\u044b\u0445 \u0440\u0435\u0446\u0435\u043f\u0442\u043e\u0432, \u043a\u0430\u043a \u0442\u0440\u0430\u0434\u0438\u0446\u0438\u043e\u043d\u043d\u044b\u0445, \u0442\u0430\u043a \u0438 \u0441\u043e\u0432\u0440\u0435\u043c\u0435\u043d\u043d\u044b\u0445, \u043f\u043e\u0437\u0432\u043e\u043b\u044f\u044f \u0412\u0430\u043c \u0441\u043e\u0437\u0434\u0430\u0432\u0430\u0442\u044c \u0432\u043a\u0443\u0441\u043d\u044b\u0435 \u0438 \u043f\u0438\u0442\u0430\u0442\u0435\u043b\u044c\u043d\u044b\u0435 \u0431\u043b\u044e\u0434\u0430.<\/div>\n<\/li>\n<\/ul>\n<p>&nbsp;<\/p>\n<p>\u0420\u0435\u043a\u043e\u043c\u0435\u043d\u0434\u0430\u0446\u0438\u0438 \u043f\u043e \u043f\u0440\u0438\u043c\u0435\u043d\u0435\u043d\u0438\u044e:<\/p>\n<ul>\n<li>\n<div>\u0421\u0430\u043b\u0430\u0442\u044b: \u0414\u043e\u0431\u0430\u0432\u044c\u0442\u0435 \u0438\u0445 \u0432 \u0441\u0432\u043e\u0438 \u0441\u0430\u043b\u0430\u0442\u044b, \u0447\u0442\u043e\u0431\u044b \u043f\u0440\u0438\u0434\u0430\u0442\u044c \u0438\u043c \u0442\u0435\u043a\u0441\u0442\u0443\u0440\u0443 \u0438 \u043f\u0438\u0442\u0430\u0442\u0435\u043b\u044c\u043d\u043e\u0441\u0442\u044c.<\/div>\n<\/li>\n<li>\n<div>\u0422\u0443\u0448\u0435\u043d\u043e\u0435 \u043c\u044f\u0441\u043e \u0438 \u0441\u0443\u043f\u044b: \u0418\u0434\u0435\u0430\u043b\u044c\u043d\u043e \u043f\u043e\u0434\u0445\u043e\u0434\u0438\u0442 \u0434\u043b\u044f \u043e\u0431\u043e\u0433\u0430\u0449\u0435\u043d\u0438\u044f \u0442\u0443\u0448\u0435\u043d\u043e\u0433\u043e \u043c\u044f\u0441\u0430, \u043f\u0442\u0438\u0446\u044b \u0438\u043b\u0438 \u043e\u0432\u043e\u0449\u0435\u0439, \u0430 \u0442\u0430\u043a\u0436\u0435 \u0434\u043b\u044f \u043f\u0440\u0438\u0433\u043e\u0442\u043e\u0432\u043b\u0435\u043d\u0438\u044f \u0443\u0441\u043f\u043e\u043a\u0430\u0438\u0432\u0430\u044e\u0449\u0438\u0445 \u0441\u0443\u043f\u043e\u0432.<\/div>\n<\/li>\n<li>\n<div>\u0425\u0443\u043c\u043c\u0443\u0441: \u0418\u0441\u043f\u043e\u043b\u044c\u0437\u0443\u0439\u0442\u0435 \u0438\u0445 \u0434\u043b\u044f \u043f\u0440\u0438\u0433\u043e\u0442\u043e\u0432\u043b\u0435\u043d\u0438\u044f \u0434\u043e\u043c\u0430\u0448\u043d\u0435\u0433\u043e \u0445\u0443\u043c\u0443\u0441\u0430, \u0434\u043e\u0431\u0430\u0432\u0438\u0432 \u0442\u0430\u0445\u0438\u043d\u0438, \u043b\u0438\u043c\u043e\u043d, \u0447\u0435\u0441\u043d\u043e\u043a \u0438 \u043e\u043b\u0438\u0432\u043a\u043e\u0432\u043e\u0435 \u043c\u0430\u0441\u043b\u043e.<\/div>\n<\/li>\n<li>\n<div>\u0422\u0440\u0430\u0434\u0438\u0446\u0438\u043e\u043d\u043d\u044b\u0435 \u0431\u043b\u044e\u0434\u0430: \u0418\u0434\u0435\u0430\u043b\u044c\u043d\u043e \u043f\u043e\u0434\u0445\u043e\u0434\u0438\u0442 \u0434\u043b\u044f \u0442\u0443\u0448\u0435\u043d\u044b\u0445 \u0431\u043b\u044e\u0434, \u0437\u0430\u043f\u0435\u043a\u0430\u043d\u043e\u043a \u0438 \u0434\u0440\u0443\u0433\u0438\u0445 \u0442\u0440\u0430\u0434\u0438\u0446\u0438\u043e\u043d\u043d\u044b\u0445 \u0438\u0441\u043f\u0430\u043d\u0441\u043a\u0438\u0445 \u0440\u0435\u0446\u0435\u043f\u0442\u043e\u0432.<\/div>\n<\/li>\n<\/ul>\n<p>&nbsp;<\/p>\n<p>\u0421\u043e\u0445\u0440\u0430\u043d\u0435\u043d\u0438\u0435:<\/p>\n<ul>\n<li>\n<div>\u0425\u0440\u0430\u043d\u0438\u0442\u0435 \u0432 \u043f\u0440\u043e\u0445\u043b\u0430\u0434\u043d\u043e\u043c, \u0441\u0443\u0445\u043e\u043c \u043c\u0435\u0441\u0442\u0435.<\/div>\n<\/li>\n<li>\n<div>\u0414\u0435\u0440\u0436\u0438\u0442\u0435 \u043a\u043e\u043d\u0442\u0435\u0439\u043d\u0435\u0440 \u043f\u043b\u043e\u0442\u043d\u043e \u0437\u0430\u043a\u0440\u044b\u0442\u044b\u043c, \u0447\u0442\u043e\u0431\u044b \u0441\u043e\u0445\u0440\u0430\u043d\u0438\u0442\u044c \u0441\u0432\u0435\u0436\u0435\u0441\u0442\u044c.<\/div>\n<\/li>\n<\/ul>\n<\/article>\n","protected":false},"excerpt":{"rendered":"<p>\u041e\u0442\u043a\u0440\u043e\u0439\u0442\u0435 \u0434\u043b\u044f \u0441\u0435\u0431\u044f \u0438\u0437\u044b\u0441\u043a\u0430\u043d\u043d\u044b\u0439 \u043d\u0443\u0442 A. I\u00f1igo - \u0436\u0435\u043c\u0447\u0443\u0436\u0438\u043d\u0443 \u0441\u0440\u0435\u0434\u0438\u0437\u0435\u043c\u043d\u043e\u043c\u043e\u0440\u0441\u043a\u043e\u0439 \u043a\u0443\u0445\u043d\u0438, \u043a\u043e\u0442\u043e\u0440\u0430\u044f \u043f\u0440\u0438\u0432\u043d\u0435\u0441\u0435\u0442 \u043a\u0430\u0447\u0435\u0441\u0442\u0432\u043e, \u0432\u043a\u0443\u0441 \u0438 \u043f\u0438\u0442\u0430\u0442\u0435\u043b\u044c\u043d\u043e\u0441\u0442\u044c \u0432 \u0412\u0430\u0448\u0438 \u0440\u0435\u0446\u0435\u043f\u0442\u044b. \u041e\u0442\u043e\u0431\u0440\u0430\u043d\u043d\u044b\u0439 \u0438 \u0443\u043f\u0430\u043a\u043e\u0432\u0430\u043d\u043d\u044b\u0439 \u0441 \u043e\u0441\u043e\u0431\u043e\u0439 \u0442\u0449\u0430\u0442\u0435\u043b\u044c\u043d\u043e\u0441\u0442\u044c\u044e, \u044d\u0442\u043e\u0442 \u043d\u0443\u0442 \u043f\u0440\u0435\u0434\u043b\u0430\u0433\u0430\u0435\u0442 \u0438\u0434\u0435\u0430\u043b\u044c\u043d\u0443\u044e \u0442\u0435\u043a\u0441\u0442\u0443\u0440\u0443 \u0438 \u0432\u043a\u0443\u0441 \u0434\u043b\u044f \u0441\u0430\u043c\u044b\u0445 \u0440\u0430\u0437\u043d\u044b\u0445 \u0431\u043b\u044e\u0434.\u041f\u0440\u0435\u0438\u043c\u0443\u0449\u0435\u0441\u0442\u0432\u0430: \u041f\u0438\u0442\u0430\u0442\u0435\u043b\u044c\u043d\u043e\u0441\u0442\u044c: \u0432\u044b\u0441\u043e\u043a\u043e\u0435 \u0441\u043e\u0434\u0435\u0440\u0436\u0430\u043d\u0438\u0435 \u043a\u043b\u0435\u0442\u0447\u0430\u0442\u043a\u0438 \u0438 \u0431\u0435\u043b\u043a\u0430, \u0447\u0442\u043e \u043f\u043e\u043c\u043e\u0433\u0430\u0435\u0442 \u043f\u043e\u0434\u0434\u0435\u0440\u0436\u0438\u0432\u0430\u0442\u044c \u0437\u0434\u043e\u0440\u043e\u0432\u0443\u044e \u0438 \u0441\u0431\u0430\u043b\u0430\u043d\u0441\u0438\u0440\u043e\u0432\u0430\u043d\u043d\u0443\u044e \u0434\u0438\u0435\u0442\u0443. \u042d\u043d\u0435\u0440\u0433\u0438\u0447\u043d\u044b\u0439: \u041f\u0440\u0435\u043a\u0440\u0430\u0441\u043d\u043e \u0437\u0430\u0440\u044f\u0436\u0430\u0435\u0442 \u044d\u043d\u0435\u0440\u0433\u0438\u0435\u0439 \u0438 [&hellip;]<\/p>\n","protected":false},"featured_media":53787,"template":"","meta":{"_et_pb_use_builder":"","_et_pb_old_content":"","_et_gb_content_width":""},"product_brand":[1461],"product_cat":[10194],"product_tag":[],"class_list":{"0":"post-53774","1":"product","2":"type-product","3":"status-publish","4":"has-post-thumbnail","6":"product_brand-a-inigo","7":"product_cat-10194","9":"first","10":"outofstock","11":"taxable","12":"shipping-taxable","13":"purchasable","14":"product-type-variable"},"_links":{"self":[{"href":"https:\/\/myspainfood.com\/ru\/wp-json\/wp\/v2\/product\/53774","targetHints":{"allow":["GET"]}}],"collection":[{"href":"https:\/\/myspainfood.com\/ru\/wp-json\/wp\/v2\/product"}],"about":[{"href":"https:\/\/myspainfood.com\/ru\/wp-json\/wp\/v2\/types\/product"}],"wp:featuredmedia":[{"embeddable":true,"href":"https:\/\/myspainfood.com\/ru\/wp-json\/wp\/v2\/media\/53787"}],"wp:attachment":[{"href":"https:\/\/myspainfood.com\/ru\/wp-json\/wp\/v2\/media?parent=53774"}],"wp:term":[{"taxonomy":"product_brand","embeddable":true,"href":"https:\/\/myspainfood.com\/ru\/wp-json\/wp\/v2\/product_brand?post=53774"},{"taxonomy":"product_cat","embeddable":true,"href":"https:\/\/myspainfood.com\/ru\/wp-json\/wp\/v2\/product_cat?post=53774"},{"taxonomy":"product_tag","embeddable":true,"href":"https:\/\/myspainfood.com\/ru\/wp-json\/wp\/v2\/product_tag?post=53774"}],"curies":[{"name":"wp","href":"https:\/\/api.w.org\/{rel}","templated":true}]}}