{"id":18502,"date":"2025-04-08T08:43:07","date_gmt":"2025-04-08T06:43:07","guid":{"rendered":"https:\/\/myspainfood.com\/zasady-ochrany-osobnych-udajov\/"},"modified":"2025-05-08T09:59:13","modified_gmt":"2025-05-08T07:59:13","slug":"zasady-ochrany-osobnych-udajov","status":"publish","type":"page","link":"https:\/\/myspainfood.com\/sk\/zasady-ochrany-osobnych-udajov\/","title":{"rendered":"Z\u00e1sady ochrany osobn\u00fdch \u00fadajov"},"content":{"rendered":"\n<p>Vitajte na str\u00e1nke https:\/\/myspainfood.com (\u010falej len &#8222;str\u00e1nka&#8220;). Ch\u00e1peme, \u017ee s\u00fakromie online je pre pou\u017e\u00edvate\u013eov na\u0161ich str\u00e1nok d\u00f4le\u017eit\u00e9, najm\u00e4 pri obchodovan\u00ed. Toto vyhl\u00e1senie upravuje na\u0161e z\u00e1sady ochrany osobn\u00fdch \u00fadajov vo vz\u0165ahu k pou\u017e\u00edvate\u013eom str\u00e1nky (&#8222;n\u00e1v\u0161tevn\u00edci&#8220;), ktor\u00ed ju nav\u0161t\u00edvia bez obchodnej transakcie, a k n\u00e1v\u0161tevn\u00edkom, ktor\u00ed sa zaregistruj\u00fa na obchodn\u00fa transakciu na str\u00e1nke a vyu\u017e\u00edvaj\u00fa r\u00f4zne slu\u017eby pon\u00fakan\u00e9 spolo\u010dnos\u0165ou SUMINISTROS HOSTELEROS, S. L. (\u010falej spolo\u010dne len &#8222;slu\u017eby&#8220;) (&#8222;opr\u00e1vnen\u00ed z\u00e1kazn\u00edci&#8220;).  <\/p>\n\n<p><strong>&#8222;Osobne identifikovate\u013en\u00e9 inform\u00e1cie<\/strong><\/p>\n\n<p>znamen\u00e1 ak\u00e9ko\u013evek inform\u00e1cie, ktor\u00e9 identifikuj\u00fa alebo m\u00f4\u017eu by\u0165 pou\u017eit\u00e9 na identifik\u00e1ciu, kontaktovanie alebo lokaliz\u00e1ciu osoby, ktorej sa tieto inform\u00e1cie t\u00fdkaj\u00fa, vr\u00e1tane, ale nielen, mena, adresy, telef\u00f3nneho \u010d\u00edsla, faxov\u00e9ho \u010d\u00edsla, e-mailovej adresy, finan\u010dn\u00fdch profilov, \u010d\u00edsla soci\u00e1lneho poistenia a inform\u00e1ci\u00ed o kreditnej karte. Osobne identifikovate\u013en\u00e9 inform\u00e1cie nezah\u0155\u0148aj\u00fa inform\u00e1cie, ktor\u00e9 sa zhroma\u017e\u010fuj\u00fa anonymne (t. j. bez identifik\u00e1cie konkr\u00e9tneho pou\u017e\u00edvate\u013ea), ani demografick\u00e9 inform\u00e1cie, ktor\u00e9 nie s\u00fa spojen\u00e9 s identifikovanou osobou. <\/p>\n\n<p><strong>Ak\u00e9 osobn\u00e9 \u00fadaje sa zhroma\u017e\u010fuj\u00fa?<\/strong><\/p>\n\n<p>Od v\u0161etk\u00fdch na\u0161ich n\u00e1v\u0161tevn\u00edkov m\u00f4\u017eeme zhroma\u017e\u010fova\u0165 z\u00e1kladn\u00e9 inform\u00e1cie o pou\u017e\u00edvate\u013eskom profile. Od na\u0161ich autorizovan\u00fdch z\u00e1kazn\u00edkov zhroma\u017e\u010fujeme tieto \u010fal\u0161ie inform\u00e1cie: men\u00e1, adresy, telef\u00f3nne \u010d\u00edsla a e-mailov\u00e9 adresy autorizovan\u00fdch z\u00e1kazn\u00edkov, charakter a ve\u013ekos\u0165 podniku a charakter a ve\u013ekos\u0165 reklamn\u00e9ho invent\u00e1ra, ktor\u00fd autorizovan\u00fd z\u00e1kazn\u00edk zam\u00fd\u0161\u013ea k\u00fapi\u0165 alebo preda\u0165. <\/p>\n\n<p><strong>Ktor\u00e9 organiz\u00e1cie zhroma\u017e\u010fuj\u00fa inform\u00e1cie?<\/strong><\/p>\n\n<p>Okrem n\u00e1\u0161ho priameho zhroma\u017e\u010fovania inform\u00e1ci\u00ed m\u00f4\u017eu tieto inform\u00e1cie od na\u0161ich n\u00e1v\u0161tevn\u00edkov a autorizovan\u00fdch z\u00e1kazn\u00edkov zhroma\u017e\u010fova\u0165 aj na\u0161i poskytovatelia slu\u017eieb tret\u00edch str\u00e1n (napr\u00edklad spolo\u010dnosti vyd\u00e1vaj\u00face kreditn\u00e9 karty, z\u00fa\u010dtovacie centr\u00e1 a banky), ktor\u00ed m\u00f4\u017eu poskytova\u0165 slu\u017eby, ako s\u00fa \u00faverov\u00e9, poistn\u00e9 a depozitn\u00e9 slu\u017eby. Nem\u00e1me kontrolu nad t\u00fdm, ako tieto tretie strany pou\u017e\u00edvaj\u00fa tieto inform\u00e1cie, ale \u017eiadame ich, aby zverejnili, ako pou\u017e\u00edvaj\u00fa osobn\u00e9 \u00fadaje, ktor\u00e9 im poskytli N\u00e1v\u0161tevn\u00edci a Opr\u00e1vnen\u00ed z\u00e1kazn\u00edci. Niektor\u00e9 z t\u00fdchto tret\u00edch str\u00e1n m\u00f4\u017eu by\u0165 sprostredkovate\u013emi, ktor\u00ed p\u00f4sobia len ako \u010dl\u00e1nky distribu\u010dn\u00e9ho re\u0165azca a poskytnut\u00e9 inform\u00e1cie neukladaj\u00fa, neuchov\u00e1vaj\u00fa ani nepou\u017e\u00edvaj\u00fa.  <\/p>\n\n<p><strong>Ako webov\u00e1 lokalita pou\u017e\u00edva osobn\u00e9 \u00fadaje?<\/strong><\/p>\n\n<p>Osobn\u00e9 \u00fadaje pou\u017e\u00edvame na personaliz\u00e1ciu str\u00e1nky, poskytovanie pr\u00edslu\u0161n\u00fdch slu\u017eieb a plnenie po\u017eiadaviek na n\u00e1kup a predaj na str\u00e1nke. N\u00e1v\u0161tevn\u00edkom a autorizovan\u00fdm z\u00e1kazn\u00edkom m\u00f4\u017eeme zasiela\u0165 e-maily o mo\u017enostiach v\u00fdskumu alebo n\u00e1kupu a predaja na Webovej lokalite alebo inform\u00e1cie t\u00fdkaj\u00face sa predmetu Webovej lokality. Osobn\u00e9 \u00fadaje m\u00f4\u017eeme pou\u017ei\u0165 aj na kontaktovanie N\u00e1v\u0161tevn\u00edkov a Autorizovan\u00fdch z\u00e1kazn\u00edkov v reakcii na konkr\u00e9tne ot\u00e1zky alebo na poskytnutie po\u017eadovan\u00fdch inform\u00e1ci\u00ed.  <\/p>\n\n<p><strong>S k\u00fdm mo\u017eno zdie\u013ea\u0165 inform\u00e1cie?<\/strong><\/p>\n\n<p>Osobn\u00e9 \u00fadaje autorizovan\u00fdch z\u00e1kazn\u00edkov m\u00f4\u017eu by\u0165 poskytnut\u00e9 in\u00fdm autorizovan\u00fdm z\u00e1kazn\u00edkom, ktor\u00ed chc\u00fa vyhodnoti\u0165 potenci\u00e1lne transakcie s in\u00fdmi autorizovan\u00fdmi z\u00e1kazn\u00edkmi. S\u00fahrnn\u00e9 inform\u00e1cie o na\u0161ich n\u00e1v\u0161tevn\u00edkoch vr\u00e1tane demografick\u00fdch \u00fadajov o na\u0161ich n\u00e1v\u0161tevn\u00edkoch a autorizovan\u00fdch z\u00e1kazn\u00edkoch m\u00f4\u017eeme zdie\u013ea\u0165 s na\u0161imi pridru\u017een\u00fdmi agent\u00farami a dod\u00e1vate\u013emi tret\u00edch str\u00e1n. Pon\u00fakame tie\u017e mo\u017enos\u0165 &#8222;odmietnu\u0165&#8220; prij\u00edmanie inform\u00e1ci\u00ed alebo kontaktovanie nami alebo akouko\u013evek agent\u00farou konaj\u00facou v na\u0161om mene.  <\/p>\n\n<p><strong>Ako sa uchov\u00e1vaj\u00fa osobn\u00e9 \u00fadaje?<\/strong><\/p>\n\n<p>Osobne identifikovate\u013en\u00e9 \u00fadaje zhroma\u017eden\u00e9 spolo\u010dnos\u0165ou SUMINISTROS HOSTELEROS, S. L. s\u00fa bezpe\u010dne ulo\u017een\u00e9 a nie s\u00fa pr\u00edstupn\u00e9 tret\u00edm stran\u00e1m ani zamestnancom spolo\u010dnosti SUMINISTROS HOSTELEROS, S. L. s v\u00fdnimkou vy\u0161\u0161ie uveden\u00e9ho pou\u017eitia.<\/p>\n\n<p><strong>Ak\u00e9 mo\u017enosti maj\u00fa n\u00e1v\u0161tevn\u00edci v s\u00favislosti so zhroma\u017e\u010fovan\u00edm, pou\u017e\u00edvan\u00edm a \u0161\u00edren\u00edm inform\u00e1ci\u00ed?<\/strong><\/p>\n\n<p>N\u00e1v\u0161tevn\u00edci a opr\u00e1vnen\u00ed z\u00e1kazn\u00edci m\u00f4\u017eu odmietnu\u0165 prij\u00edmanie nevy\u017eiadan\u00fdch inform\u00e1ci\u00ed alebo kontaktovanie nami a\/alebo na\u0161imi dod\u00e1vate\u013emi a pridru\u017een\u00fdmi agent\u00farami tak, \u017ee odpovedia na e-maily pod\u013ea pokynov alebo n\u00e1s kontaktuj\u00fa na adrese<\/p>\n\n<p><strong>Pou\u017e\u00edvaj\u00fa sa na webovej lokalite s\u00fabory cookie?<\/strong><\/p>\n\n<p>S\u00fabory cookie sa pou\u017e\u00edvaj\u00fa z r\u00f4znych d\u00f4vodov. S\u00fabory cookie pou\u017e\u00edvame na z\u00edskavanie inform\u00e1ci\u00ed o preferenci\u00e1ch na\u0161ich n\u00e1v\u0161tevn\u00edkov a slu\u017eb\u00e1ch, ktor\u00e9 si vyberaj\u00fa. S\u00fabory cookie pou\u017e\u00edvame aj na bezpe\u010dnostn\u00e9 \u00fa\u010dely na ochranu na\u0161ich autorizovan\u00fdch z\u00e1kazn\u00edkov. Ak je napr\u00edklad Autorizovan\u00fd z\u00e1kazn\u00edk prihl\u00e1sen\u00fd a str\u00e1nku nepou\u017e\u00edva dlh\u0161ie ako 10 min\u00fat, automaticky ho odhl\u00e1si.   <\/p>\n\n<p><strong>Ako spolo\u010dnos\u0165 SUMINISTROS HOSTELEROS, S. L. pou\u017e\u00edva pr\u00edstupov\u00e9 \u00fadaje?<\/strong><\/p>\n\n<p>Spolo\u010dnos\u0165 SUMINISTROS HOSTELEROS, S. L. pou\u017e\u00edva inform\u00e1cie o pr\u00edstupe vr\u00e1tane, ale bez obmedzenia, IP adries, poskytovate\u013eov internetov\u00fdch slu\u017eieb a typov prehliada\u010dov na anal\u00fdzu trendov, spr\u00e1vu lokality, sledovanie pohybu a pou\u017e\u00edvania pou\u017e\u00edvate\u013ea a zhroma\u017e\u010fovanie rozsiahlych demografick\u00fdch inform\u00e1ci\u00ed.<\/p>\n\n<p><strong>Ktor\u00ed partneri alebo poskytovatelia slu\u017eieb maj\u00fa pr\u00edstup k osobn\u00fdm \u00fadajom n\u00e1v\u0161tevn\u00edkov a\/alebo autorizovan\u00fdch z\u00e1kazn\u00edkov na str\u00e1nke?<\/strong><\/p>\n\n<p>Spolo\u010dnos\u0165 SUMINISTROS HOSTELEROS, S. L. uzavrela a bude na\u010falej uzatv\u00e1ra\u0165 dohody o spolupr\u00e1ci a in\u00e9 pridru\u017eenia s viacer\u00fdmi dod\u00e1vate\u013emi, ktor\u00ed m\u00f4\u017eu ma\u0165 pr\u00edstup k ur\u010dit\u00fdm osobn\u00fdm \u00fadajom na \u00fa\u010dely pos\u00fadenia vhodnosti autorizovan\u00fdch z\u00e1kazn\u00edkov pre slu\u017ebu. Na\u0161e z\u00e1sady ochrany osobn\u00fdch \u00fadajov sa nevz\u0165ahuj\u00fa na zhroma\u017e\u010fovanie alebo pou\u017e\u00edvanie t\u00fdchto \u00fadajov. Zverej\u0148ovanie Osobn\u00fdch \u00fadajov na \u00fa\u010dely dodr\u017eiavania z\u00e1kona. Osobne identifikovate\u013en\u00e9 \u00fadaje zverejn\u00edme, aby sme vyhoveli s\u00fadnemu pr\u00edkazu alebo predvolaniu alebo \u017eiadosti org\u00e1nu \u010dinn\u00e9ho v trestnom konan\u00ed o zverejnenie inform\u00e1ci\u00ed. Osobne identifikovate\u013en\u00e9 inform\u00e1cie zverejn\u00edme aj vtedy, ak je to primerane potrebn\u00e9 na ochranu bezpe\u010dnosti na\u0161ich n\u00e1v\u0161tevn\u00edkov a opr\u00e1vnen\u00fdch z\u00e1kazn\u00edkov.    <\/p>\n\n<p><strong>Ako str\u00e1nka chr\u00e1ni osobn\u00e9 \u00fadaje?<\/strong><\/p>\n\n<p>V\u0161etci na\u0161i zamestnanci s\u00fa obozn\u00e1men\u00ed s na\u0161imi bezpe\u010dnostn\u00fdmi z\u00e1sadami a postupmi. K osobn\u00fdm \u00fadajom na\u0161ich n\u00e1v\u0161tevn\u00edkov a opr\u00e1vnen\u00fdch z\u00e1kazn\u00edkov m\u00e1 pr\u00edstup len obmedzen\u00fd po\u010det kvalifikovan\u00fdch zamestnancov, ktor\u00ed maj\u00fa k dispoz\u00edcii heslo na pr\u00edstup k t\u00fdmto inform\u00e1ci\u00e1m. Vykon\u00e1vame pravideln\u00e9 audity na\u0161ich bezpe\u010dnostn\u00fdch syst\u00e9mov a procesov. Citliv\u00e9 inform\u00e1cie, ako s\u00fa \u010d\u00edsla kreditn\u00fdch kariet alebo \u010d\u00edsla soci\u00e1lneho zabezpe\u010denia, s\u00fa chr\u00e1nen\u00e9 \u0161ifrovac\u00edmi protokolmi, ktor\u00e9 boli zaveden\u00e9 na ochranu inform\u00e1ci\u00ed odosielan\u00fdch cez internet. Hoci prij\u00edmame komer\u010dne primeran\u00e9 opatrenia na udr\u017eiavanie bezpe\u010dnej str\u00e1nky, elektronick\u00e1 komunik\u00e1cia a datab\u00e1zy s\u00fa vystaven\u00e9 chyb\u00e1m, neopr\u00e1vnen\u00fdm z\u00e1sahom a vl\u00e1maniu, pri\u010dom nem\u00f4\u017eeme zaru\u010di\u0165 ani garantova\u0165, \u017ee k tak\u00fdmto udalostiam ned\u00f4jde, a nenesieme zodpovednos\u0165 vo\u010di N\u00e1v\u0161tevn\u00edkom alebo Autorizovan\u00fdm z\u00e1kazn\u00edkom za tak\u00e9to udalosti.    <\/p>\n\n<p><strong>Ako m\u00f4\u017eu n\u00e1v\u0161tevn\u00edci opravi\u0165 nepresnosti v osobne identifikovate\u013en\u00fdch \u00fadajoch?<\/strong><\/p>\n\n<p>N\u00e1v\u0161tevn\u00edci a opr\u00e1vnen\u00ed z\u00e1kazn\u00edci n\u00e1s m\u00f4\u017eu kontaktova\u0165 a aktualizova\u0165 svoje osobn\u00e9 \u00fadaje alebo opravi\u0165 ak\u00e9ko\u013evek nepresnosti prostredn\u00edctvom e-mailu na adrese hola@myspainfood.com.<\/p>\n\n<p><strong>M\u00f4\u017ee n\u00e1v\u0161tevn\u00edk vymaza\u0165 alebo deaktivova\u0165 osobn\u00e9 \u00fadaje zhroma\u017eden\u00e9 na str\u00e1nke?<\/strong><\/p>\n\n<p>N\u00e1v\u0161tevn\u00edkom a opr\u00e1vnen\u00fdm z\u00e1kazn\u00edkom poskytujeme mechanizmus na odstr\u00e1nenie\/deaktiv\u00e1ciu osobn\u00fdch \u00fadajov z datab\u00e1zy lokality kontaktovan\u00edm . Kv\u00f4li z\u00e1lohovaniu a z\u00e1znamom o vymazan\u00ed v\u0161ak m\u00f4\u017ee by\u0165 nemo\u017en\u00e9 vymaza\u0165 z\u00e1znam N\u00e1v\u0161tevn\u00edka bez toho, aby sa zachovali niektor\u00e9 zvy\u0161n\u00e9 inform\u00e1cie. Ak jednotlivec po\u017eiada o deaktiv\u00e1ciu svojich Osobne identifikovate\u013en\u00fdch \u00fadajov, bud\u00fa funk\u010dne vymazan\u00e9 a my nebudeme v bud\u00facnosti pred\u00e1va\u0165, pren\u00e1\u0161a\u0165 ani pou\u017e\u00edva\u0165 Osobne identifikovate\u013en\u00e9 \u00fadaje t\u00fdkaj\u00face sa tohto jednotlivca \u017eiadnym sp\u00f4sobom.  <\/p>\n\n<p><strong>\u010co sa stane, ak sa zmenia z\u00e1sady ochrany osobn\u00fdch \u00fadajov?<\/strong><\/p>\n\n<p>Na\u0161ich n\u00e1v\u0161tevn\u00edkov a autorizovan\u00fdch z\u00e1kazn\u00edkov budeme informova\u0165 o zmen\u00e1ch na\u0161ich z\u00e1sad ochrany osobn\u00fdch \u00fadajov zverejnen\u00edm tak\u00fdchto zmien na webovej lokalite. Ak v\u0161ak zmen\u00edme na\u0161e z\u00e1sady ochrany osobn\u00fdch \u00fadajov sp\u00f4sobom, ktor\u00fd m\u00f4\u017ee sp\u00f4sobi\u0165 zverejnenie Osobn\u00fdch \u00fadajov, o ktor\u00fdch zverejnenie N\u00e1v\u0161tevn\u00edk alebo Opr\u00e1vnen\u00fd z\u00e1kazn\u00edk predt\u00fdm po\u017eiadal, kontaktujeme tak\u00e9hoto N\u00e1v\u0161tevn\u00edka alebo Opr\u00e1vnen\u00e9ho z\u00e1kazn\u00edka, aby sme mu umo\u017enili zabr\u00e1ni\u0165 tak\u00e9muto zverejneniu. <\/p>\n\n<p><strong>Z\u00e1sady vr\u00e1tenia tovaru?<\/strong><\/p>\n\n<p>Nasleduj\u00face podmienky vr\u00e1tenia na\u0161ich v\u00fdrobkov sa neuplat\u0148uj\u00fa v pr\u00edpade uplatnenia pr\u00e1va na odst\u00fapenie od zmluvy. Vr\u00e1tenie alebo v\u00fdmena v\u00fdrobkov bude akceptovan\u00e1 len v pr\u00edpade v\u00fdrobn\u00fdch ch\u00fdb, po\u0161kodenia pri preprave alebo chyby pri dodan\u00ed. V ka\u017edom pr\u00edpade nesmie uplyn\u00fa\u0165 viac ako 14 dn\u00ed od prevzatia v\u00fdrobku a mus\u00ed by\u0165 prilo\u017een\u00fd obal a pr\u00edslu\u0161enstvo. Predt\u00fdm sa mus\u00ed skontrolova\u0165, \u010di ide o v\u00fdrobn\u00fa alebo obalov\u00fa chybu alebo anom\u00e1liu, a nie o chybu sp\u00f4soben\u00fa nespr\u00e1vnym alebo nedbal\u00fdm pou\u017e\u00edvan\u00edm, manipul\u00e1ciou alebo skladovan\u00edm. V\u017edy k nim mus\u00ed by\u0165 prilo\u017een\u00fd pr\u00edslu\u0161n\u00fd dodac\u00ed list alebo fakt\u00fara. V pr\u00edpade vr\u00e1tenia z d\u00f4vodu v\u00fdrobnej alebo obalovej chyby, ako aj v pr\u00edpade chyby v objedn\u00e1vke bude Z\u00c1KAZN\u00cdKOVI pon\u00faknut\u00e1, ak je to mo\u017en\u00e9, jeho v\u00fdmena za in\u00fa alternat\u00edvu bez dodato\u010dn\u00fdch n\u00e1kladov a bez n\u00e1roku Z\u00c1KAZN\u00cdKA na ak\u00fdko\u013evek druh kompenz\u00e1cie. Spolo\u010dnos\u0165 MySpainFood zodpoved\u00e1 za n\u00e1klady vzniknut\u00e9 v s\u00favislosti so zaslan\u00edm objedn\u00e1vky. V ka\u017edom pr\u00edpade je vr\u00e1tenie v\u017edy podmienen\u00e9 predch\u00e1dzaj\u00facim presk\u00faman\u00edm stavu vr\u00e1ten\u00e9ho v\u00fdrobku spolo\u010dnos\u0165ou MySpainFood a overen\u00edm, \u010di boli splnen\u00e9 po\u017eiadavky t\u00fdchto podmienok predaja. Po prijat\u00ed vr\u00e1tenia a v pr\u00edpade potreby vr\u00e1time \u00fa\u010dtovan\u00fa sumu najnesk\u00f4r do 30 dn\u00ed a za rovnak\u00fdch podmienok, ak\u00e9 boli pou\u017eit\u00e9 pri platbe. Spolo\u010dnos\u0165 MySpainFood si vyhradzuje pr\u00e1vo odmietnu\u0165 vr\u00e1tenie tovaru ozn\u00e1men\u00e9 alebo odoslan\u00e9 po uplynut\u00ed lehoty alebo v\u00fdrobky, ktor\u00e9 nie s\u00fa v rovnakom stave, v akom boli prijat\u00e9. Vr\u00e1tenie sa vybavuje zaslan\u00edm e-mailu na adresu info@latiendadesami.com s popisom d\u00f4vodov a uveden\u00edm d\u00f4vodov vr\u00e1tenia. Bude tie\u017e potrebn\u00e9 uvies\u0165 meno a priezvisko a referen\u010dn\u00e9 \u010d\u00edslo objedn\u00e1vky. Po prijat\u00ed \u017eiadosti ju v\u010das spracujeme.            <\/p>\n\n<p><strong>Odkazy:<\/strong><\/p>\n\n<p>https:\/\/myspainfood.com obsahuje odkazy na in\u00e9 webov\u00e9 str\u00e1nky. Upozor\u0148ujeme, \u017ee po kliknut\u00ed na niektor\u00fd z t\u00fdchto odkazov prejdete na in\u00fa webov\u00fa str\u00e1nku. Odpor\u00fa\u010dame v\u00e1m, aby ste si pre\u010d\u00edtali vyhl\u00e1senia o ochrane osobn\u00fdch \u00fadajov na t\u00fdchto prepojen\u00fdch webov\u00fdch str\u00e1nkach, preto\u017ee ich z\u00e1sady ochrany osobn\u00fdch \u00fadajov sa m\u00f4\u017eu l\u00ed\u0161i\u0165 od na\u0161ich.  <\/p>\n","protected":false},"excerpt":{"rendered":"<p>Vitajte na str\u00e1nke https:\/\/myspainfood.com (\u010falej len &#8222;str\u00e1nka&#8220;). Ch\u00e1peme, \u017ee s\u00fakromie online je pre pou\u017e\u00edvate\u013eov na\u0161ich str\u00e1nok d\u00f4le\u017eit\u00e9, najm\u00e4 pri obchodovan\u00ed. Toto vyhl\u00e1senie upravuje na\u0161e z\u00e1sady ochrany osobn\u00fdch \u00fadajov vo vz\u0165ahu k pou\u017e\u00edvate\u013eom str\u00e1nky (&#8222;n\u00e1v\u0161tevn\u00edci&#8220;), ktor\u00ed ju nav\u0161t\u00edvia bez obchodnej transakcie, a k n\u00e1v\u0161tevn\u00edkom, ktor\u00ed sa zaregistruj\u00fa na obchodn\u00fa transakciu na str\u00e1nke a vyu\u017e\u00edvaj\u00fa r\u00f4zne slu\u017eby [&hellip;]<\/p>\n","protected":false},"author":1,"featured_media":0,"parent":0,"menu_order":0,"comment_status":"closed","ping_status":"closed","template":"","meta":{"_et_pb_use_builder":"","_et_pb_old_content":"","_et_gb_content_width":"","footnotes":""},"class_list":["post-18502","page","type-page","status-publish","hentry"],"_links":{"self":[{"href":"https:\/\/myspainfood.com\/sk\/wp-json\/wp\/v2\/pages\/18502","targetHints":{"allow":["GET"]}}],"collection":[{"href":"https:\/\/myspainfood.com\/sk\/wp-json\/wp\/v2\/pages"}],"about":[{"href":"https:\/\/myspainfood.com\/sk\/wp-json\/wp\/v2\/types\/page"}],"author":[{"embeddable":true,"href":"https:\/\/myspainfood.com\/sk\/wp-json\/wp\/v2\/users\/1"}],"replies":[{"embeddable":true,"href":"https:\/\/myspainfood.com\/sk\/wp-json\/wp\/v2\/comments?post=18502"}],"version-history":[{"count":1,"href":"https:\/\/myspainfood.com\/sk\/wp-json\/wp\/v2\/pages\/18502\/revisions"}],"predecessor-version":[{"id":18504,"href":"https:\/\/myspainfood.com\/sk\/wp-json\/wp\/v2\/pages\/18502\/revisions\/18504"}],"wp:attachment":[{"href":"https:\/\/myspainfood.com\/sk\/wp-json\/wp\/v2\/media?parent=18502"}],"curies":[{"name":"wp","href":"https:\/\/api.w.org\/{rel}","templated":true}]}}