{"id":17545,"date":"2025-04-10T12:08:06","date_gmt":"2025-04-10T10:08:06","guid":{"rendered":"https:\/\/myspainfood.com\/producto\/piparras-so-sardelou-z-kantabrijskeho-mora-80-jednotiek\/"},"modified":"2026-04-24T07:45:04","modified_gmt":"2026-04-24T05:45:04","slug":"piparras-so-sardelou-z-kantabrijskeho-mora-80-jednotiek","status":"publish","type":"product","link":"https:\/\/myspainfood.com\/sk\/producto\/piparras-so-sardelou-z-kantabrijskeho-mora-80-jednotiek\/","title":{"rendered":"Piparras so sardelou z Kant\u00e1brijsk\u00e9ho mora 80 jednotiek"},"content":{"rendered":"<p>Olej (85 % slne\u010dnicov\u00fd, 15 % olivov\u00fd), olivy plnen\u00e9 <strong>sardelou<\/strong>, fil\u00e9 z <strong>kantabrijskej sardely<\/strong> a piparra.<\/p>\n","protected":false},"excerpt":{"rendered":"<p>Olej (85 % slne\u010dnicov\u00fd, 15 % olivov\u00fd), olivy plnen\u00e9 sardelou, fil\u00e9 z kantabrijskej sardely a piparra.<\/p>\n","protected":false},"featured_media":17547,"template":"","meta":{"_et_pb_use_builder":"","_et_pb_old_content":"","_et_gb_content_width":""},"product_brand":[],"product_cat":[1822,1730,1825,1820,1728],"product_tag":[],"class_list":{"0":"post-17545","1":"product","2":"type-product","3":"status-publish","4":"has-post-thumbnail","6":"product_cat-ancovicky","7":"product_cat-olivy","8":"product_cat-pintxos-sk","9":"product_cat-studena","10":"product_cat-uhorky","11":"product_shipping_class-zasielka-za-studena","13":"first","14":"instock","15":"taxable","16":"shipping-taxable","17":"purchasable","18":"product-type-simple"},"_links":{"self":[{"href":"https:\/\/myspainfood.com\/sk\/wp-json\/wp\/v2\/product\/17545","targetHints":{"allow":["GET"]}}],"collection":[{"href":"https:\/\/myspainfood.com\/sk\/wp-json\/wp\/v2\/product"}],"about":[{"href":"https:\/\/myspainfood.com\/sk\/wp-json\/wp\/v2\/types\/product"}],"wp:featuredmedia":[{"embeddable":true,"href":"https:\/\/myspainfood.com\/sk\/wp-json\/wp\/v2\/media\/17547"}],"wp:attachment":[{"href":"https:\/\/myspainfood.com\/sk\/wp-json\/wp\/v2\/media?parent=17545"}],"wp:term":[{"taxonomy":"product_brand","embeddable":true,"href":"https:\/\/myspainfood.com\/sk\/wp-json\/wp\/v2\/product_brand?post=17545"},{"taxonomy":"product_cat","embeddable":true,"href":"https:\/\/myspainfood.com\/sk\/wp-json\/wp\/v2\/product_cat?post=17545"},{"taxonomy":"product_tag","embeddable":true,"href":"https:\/\/myspainfood.com\/sk\/wp-json\/wp\/v2\/product_tag?post=17545"}],"curies":[{"name":"wp","href":"https:\/\/api.w.org\/{rel}","templated":true}]}}