{"id":17759,"date":"2025-04-10T12:09:26","date_gmt":"2025-04-10T10:09:26","guid":{"rendered":"https:\/\/myspainfood.com\/producto\/plnene-ancovicky-70-jednotiek\/"},"modified":"2026-04-24T07:35:50","modified_gmt":"2026-04-24T05:35:50","slug":"plnene-ancovicky-70-jednotiek","status":"publish","type":"product","link":"https:\/\/myspainfood.com\/sk\/producto\/plnene-ancovicky-70-jednotiek\/","title":{"rendered":"Plnen\u00e9 an\u010dovi\u010dky 70 jednotiek"},"content":{"rendered":"<p>Olej (85% slne\u010dnicov\u00fd, 15% olivov\u00fd), olivy plnen\u00e9 sardelou, sardely v octe, \u010derven\u00e1 paprika, petr\u017elenov\u00e1 v\u0148a\u0165 a cesnak.<\/p>\n","protected":false},"excerpt":{"rendered":"<p>Olej (85% slne\u010dnicov\u00fd, 15% olivov\u00fd), olivy plnen\u00e9 sardelou, sardely v octe, \u010derven\u00e1 paprika, petr\u017elenov\u00e1 v\u0148a\u0165 a cesnak.<\/p>\n","protected":false},"featured_media":17763,"template":"","meta":{"_et_pb_use_builder":"","_et_pb_old_content":"","_et_gb_content_width":""},"product_brand":[],"product_cat":[1905,1730,1825,1820,1728],"product_tag":[],"class_list":{"0":"post-17759","1":"product","2":"type-product","3":"status-publish","4":"has-post-thumbnail","6":"product_cat-ancovicky-sk","7":"product_cat-olivy","8":"product_cat-pintxos-sk","9":"product_cat-studena","10":"product_cat-uhorky","11":"product_shipping_class-zasielka-za-studena","13":"first","14":"instock","15":"taxable","16":"shipping-taxable","17":"purchasable","18":"product-type-simple"},"_links":{"self":[{"href":"https:\/\/myspainfood.com\/sk\/wp-json\/wp\/v2\/product\/17759","targetHints":{"allow":["GET"]}}],"collection":[{"href":"https:\/\/myspainfood.com\/sk\/wp-json\/wp\/v2\/product"}],"about":[{"href":"https:\/\/myspainfood.com\/sk\/wp-json\/wp\/v2\/types\/product"}],"wp:featuredmedia":[{"embeddable":true,"href":"https:\/\/myspainfood.com\/sk\/wp-json\/wp\/v2\/media\/17763"}],"wp:attachment":[{"href":"https:\/\/myspainfood.com\/sk\/wp-json\/wp\/v2\/media?parent=17759"}],"wp:term":[{"taxonomy":"product_brand","embeddable":true,"href":"https:\/\/myspainfood.com\/sk\/wp-json\/wp\/v2\/product_brand?post=17759"},{"taxonomy":"product_cat","embeddable":true,"href":"https:\/\/myspainfood.com\/sk\/wp-json\/wp\/v2\/product_cat?post=17759"},{"taxonomy":"product_tag","embeddable":true,"href":"https:\/\/myspainfood.com\/sk\/wp-json\/wp\/v2\/product_tag?post=17759"}],"curies":[{"name":"wp","href":"https:\/\/api.w.org\/{rel}","templated":true}]}}