{"id":17973,"date":"2025-04-10T12:14:40","date_gmt":"2025-04-10T10:14:40","guid":{"rendered":"https:\/\/myspainfood.com\/producto\/almejon-morske-mandle-prirodny-estela-do-mar-111-gr\/"},"modified":"2026-01-20T13:35:45","modified_gmt":"2026-01-20T12:35:45","slug":"almejon-morske-mandle-prirodny-estela-do-mar-111-gr","status":"publish","type":"product","link":"https:\/\/myspainfood.com\/sk\/producto\/almejon-morske-mandle-prirodny-estela-do-mar-111-gr\/","title":{"rendered":"Almej\u00f3n (morsk\u00e9 mandle) pr\u00edrodn\u00fd Estela do Mar 111 gr"},"content":{"rendered":"<p>Objavte autentick\u00fa morsk\u00fa chu\u0165 s <strong>Estela do Mar Natural Almej\u00f3n<\/strong>. T\u00e1to 111 gramov\u00e1 morsk\u00e1 mand\u013ea v konzerve zachyt\u00e1va v\u0161etku \u010derstvos\u0165 a \u010distotu najlep\u0161\u00edch mu\u0161l\u00ed bez ak\u00fdchko\u013evek pr\u00edsad a konzerva\u010dn\u00fdch l\u00e1tok. T\u00e1to mu\u0161\u013ea je ide\u00e1lna pre t\u00fdch, ktor\u00ed h\u013eadaj\u00fa pr\u00edrodn\u00e9 a vysoko kvalitn\u00e9 morsk\u00e9 plody, je ide\u00e1lna na vychutn\u00e1vanie samostatne alebo vo va\u0161ich ob\u013e\u00faben\u00fdch receptoch, preto\u017ee poskytuje jemn\u00fa \u0161trukt\u00faru a intenz\u00edvnu chu\u0165.  <\/p>\n<p><strong>Pr\u00edrodn\u00e1 mu\u0161\u013ea Estela do Mar<\/strong>, bohat\u00e1 na bielkoviny, omega-3 a d\u00f4le\u017eit\u00e9 miner\u00e1ly, je v\u00fd\u017eivnou vo\u013ebou pre ka\u017ed\u00fa di\u00e9tu. Dodajte svojim jedl\u00e1m gurm\u00e1nsky a zdrav\u00fd n\u00e1dych a presk\u00famajte \u010fal\u0161ie mo\u017enosti v na\u0161ej <a target=\"_new\" rel=\"noopener\">sekcii morsk\u00fdch plodov<\/a> alebo si pozrite v\u00fdhody \u010derstv\u00fdch morsk\u00fdch plodov na referen\u010dn\u00fdch str\u00e1nkach, ako je napr\u00edklad <a href=\"https:\/\/www.fen.org.es\" target=\"_new\" rel=\"noopener noreferrer nofollow\" target=\"_blank\">\u0160panielska nad\u00e1cia pre v\u00fd\u017eivu<\/a>. <\/p>\n<p>Pridajte do svojich jed\u00e1l mu\u0161le Estela do Mar a vychutnajte si gurm\u00e1nsky z\u00e1\u017eitok!<\/p>\n<p><span class=\"BxUVEf ILfuVd\" lang=\"es\"><span class=\"hgKElc\"> <\/span><\/span><\/p>\n","protected":false},"excerpt":{"rendered":"<p>Objavte autentick\u00fa morsk\u00fa chu\u0165 s Estela do Mar Natural Almej\u00f3n. T\u00e1to 111 gramov\u00e1 morsk\u00e1 mand\u013ea v konzerve zachyt\u00e1va v\u0161etku \u010derstvos\u0165 a \u010distotu najlep\u0161\u00edch mu\u0161l\u00ed bez ak\u00fdchko\u013evek pr\u00edsad a konzerva\u010dn\u00fdch l\u00e1tok. T\u00e1to mu\u0161\u013ea je ide\u00e1lna pre t\u00fdch, ktor\u00ed h\u013eadaj\u00fa pr\u00edrodn\u00e9 a vysoko kvalitn\u00e9 morsk\u00e9 plody, je ide\u00e1lna na vychutn\u00e1vanie samostatne alebo vo va\u0161ich ob\u013e\u00faben\u00fdch receptoch, preto\u017ee [&hellip;]<\/p>\n","protected":false},"featured_media":17977,"template":"","meta":{"_et_pb_use_builder":"","_et_pb_old_content":"","_et_gb_content_width":""},"product_brand":[1469],"product_cat":[1980,1979],"product_tag":[],"class_list":{"0":"post-17973","1":"product","2":"type-product","3":"status-publish","4":"has-post-thumbnail","6":"product_brand-estela-do-mar","7":"product_cat-musle-sk","8":"product_cat-zachovava-sk","10":"first","11":"outofstock","12":"taxable","13":"shipping-taxable","14":"product-type-variable"},"_links":{"self":[{"href":"https:\/\/myspainfood.com\/sk\/wp-json\/wp\/v2\/product\/17973","targetHints":{"allow":["GET"]}}],"collection":[{"href":"https:\/\/myspainfood.com\/sk\/wp-json\/wp\/v2\/product"}],"about":[{"href":"https:\/\/myspainfood.com\/sk\/wp-json\/wp\/v2\/types\/product"}],"wp:featuredmedia":[{"embeddable":true,"href":"https:\/\/myspainfood.com\/sk\/wp-json\/wp\/v2\/media\/17977"}],"wp:attachment":[{"href":"https:\/\/myspainfood.com\/sk\/wp-json\/wp\/v2\/media?parent=17973"}],"wp:term":[{"taxonomy":"product_brand","embeddable":true,"href":"https:\/\/myspainfood.com\/sk\/wp-json\/wp\/v2\/product_brand?post=17973"},{"taxonomy":"product_cat","embeddable":true,"href":"https:\/\/myspainfood.com\/sk\/wp-json\/wp\/v2\/product_cat?post=17973"},{"taxonomy":"product_tag","embeddable":true,"href":"https:\/\/myspainfood.com\/sk\/wp-json\/wp\/v2\/product_tag?post=17973"}],"curies":[{"name":"wp","href":"https:\/\/api.w.org\/{rel}","templated":true}]}}