{"id":18031,"date":"2025-04-10T12:05:44","date_gmt":"2025-04-10T10:05:44","guid":{"rendered":"https:\/\/myspainfood.com\/producto\/uhorka-plnena-harmancekom-38-kg-kimbitos\/"},"modified":"2025-04-10T12:05:44","modified_gmt":"2025-04-10T10:05:44","slug":"uhorka-plnena-harmancekom-38-kg-kimbitos","status":"publish","type":"product","link":"https:\/\/myspainfood.com\/sk\/producto\/uhorka-plnena-harmancekom-38-kg-kimbitos\/","title":{"rendered":"Uhorka plnen\u00e1 harman\u010dekom 3,8 kg Kimbitos"},"content":{"rendered":"<p>Manzanilla plnen\u00e1 uhorka 3,8 kg Kimbitos je ob\u010derstvenie, v ktorom n\u00e1jdeme tradi\u010dn\u00e9 olivy <a href=\"https:\/\/www.laencajera.es\/encurtidos-de-almagro\" target=\"_blank\" rel=\"noopener noreferrer nofollow\">manzanilla<\/a> plnen\u00e9 uhorkou.<\/p>\n<p>Ide\u00e1lny doplnok k tradi\u010dn\u00fdm jedl\u00e1m.<\/p>\n<p>Kimbitos je n\u00e1zov, pod ktor\u00fdm v niektor\u00fdch \u010dastiach \u0160panielska pozn\u00e1me vyk\u00f4stkovan\u00e9 olivy manzanilla s nakladan\u00fdmi uhorkami.<\/p>\n<p>Je ru\u010dne vyroben\u00fd, aby vytvoril toto spojenie.<\/p>\n<h3>V\u00fdhody uhorky plnenej harman\u010dekom 3,8 kg Kimbitos<\/h3>\n<p>Vedeli ste, \u017ee tieto olivy maj\u00fa viacero v\u00fdhod? S\u00fa ve\u013emi \u00fa\u010dinn\u00e9 pri prevencii srdcov\u00fdch a obehov\u00fdch ochoren\u00ed vo v\u0161eobecnosti. <\/p>\n<p>Je to sp\u00f4soben\u00e9 vysok\u00fdm obsahom nenas\u00fdten\u00fdch tukov. Okrem toho je to potravina, ktor\u00e1 obsahuje ve\u013ea \u017eeleza a vl\u00e1kniny a je ve\u013emi s\u00fdta, \u010do z nej rob\u00ed ide\u00e1lnu desiatu. <\/p>\n<p>Ak si chcete k\u00fapi\u0165 olivy alebo in\u00fd druh <a href=\"https:\/\/latiendadesami.com\/categoria-producto\/encurtidos\/\" rel=\"noopener noreferrer nofollow\" target=\"_blank\">uhoriek<\/a>, nev\u00e1hajte a pozrite si n\u00e1\u0161 online katal\u00f3g, v ktorom n\u00e1jdete \u0161irok\u00fa ponuku <a href=\"https:\/\/latiendadesami.com\/categoria-producto\/encurtidos\/aceitunas\/\" target=\"_blank\" rel=\"noopener noreferrer nofollow\">ol\u00edv<\/a>.<\/p>\n<p>P\u00f4vod: Castilla la Mancha.<\/p>\n<p>Zlo\u017eenie: Olivy, uhorky, voda, so\u013e, okys\u013euj\u00faca l\u00e1tka (E-330), konzerva\u010dn\u00e9 l\u00e1tky (E211, E-202, E-260), zv\u00fdraz\u0148ova\u010de chuti (E-621, E-631, E-627), antioxidanty (E-300) a pr\u00edrodn\u00e9 ar\u00f3my. M\u00f4\u017ee obsahova\u0165 stopy siri\u010ditanov. <\/p>\n<h3>V\u00fd\u017eivov\u00e9 inform\u00e1cie<\/h3>\n<p>Energetick\u00e1 hodnota 132 kcal\/ 553 kj Tuky 13,4 g, z toho nas\u00fdten\u00e9 1,7 g Sacharidy 0,8 g, z toho cukor 0,09 g Vl\u00e1knina 0,5 g Bielkoviny 2,6 g So\u013e 2,0 g<\/p>\n","protected":false},"excerpt":{"rendered":"<p>Manzanilla plnen\u00e1 uhorka 3,8 kg Kimbitos je ob\u010derstvenie, v ktorom n\u00e1jdeme tradi\u010dn\u00e9 olivy manzanilla plnen\u00e9 uhorkou. Ide\u00e1lny doplnok k tradi\u010dn\u00fdm jedl\u00e1m. Kimbitos je n\u00e1zov, pod ktor\u00fdm v niektor\u00fdch \u010dastiach \u0160panielska pozn\u00e1me vyk\u00f4stkovan\u00e9 olivy manzanilla s nakladan\u00fdmi uhorkami. Je ru\u010dne vyroben\u00fd, aby vytvoril toto spojenie. V\u00fdhody uhorky plnenej harman\u010dekom 3,8 kg Kimbitos Vedeli ste, \u017ee tieto [&hellip;]<\/p>\n","protected":false},"featured_media":18032,"template":"","meta":{"_et_pb_use_builder":"","_et_pb_old_content":"","_et_gb_content_width":""},"product_brand":[],"product_cat":[1730,2012,1728],"product_tag":[2013],"class_list":{"0":"post-18031","1":"product","2":"type-product","3":"status-publish","4":"has-post-thumbnail","6":"product_cat-olivy","7":"product_cat-uhorky-sk","8":"product_cat-uhorky","9":"product_tag-kimbo-sk","11":"first","12":"instock","13":"taxable","14":"shipping-taxable","15":"purchasable","16":"product-type-simple"},"_links":{"self":[{"href":"https:\/\/myspainfood.com\/sk\/wp-json\/wp\/v2\/product\/18031","targetHints":{"allow":["GET"]}}],"collection":[{"href":"https:\/\/myspainfood.com\/sk\/wp-json\/wp\/v2\/product"}],"about":[{"href":"https:\/\/myspainfood.com\/sk\/wp-json\/wp\/v2\/types\/product"}],"wp:featuredmedia":[{"embeddable":true,"href":"https:\/\/myspainfood.com\/sk\/wp-json\/wp\/v2\/media\/18032"}],"wp:attachment":[{"href":"https:\/\/myspainfood.com\/sk\/wp-json\/wp\/v2\/media?parent=18031"}],"wp:term":[{"taxonomy":"product_brand","embeddable":true,"href":"https:\/\/myspainfood.com\/sk\/wp-json\/wp\/v2\/product_brand?post=18031"},{"taxonomy":"product_cat","embeddable":true,"href":"https:\/\/myspainfood.com\/sk\/wp-json\/wp\/v2\/product_cat?post=18031"},{"taxonomy":"product_tag","embeddable":true,"href":"https:\/\/myspainfood.com\/sk\/wp-json\/wp\/v2\/product_tag?post=18031"}],"curies":[{"name":"wp","href":"https:\/\/api.w.org\/{rel}","templated":true}]}}