{"id":18132,"date":"2025-04-10T12:10:57","date_gmt":"2025-04-10T10:10:57","guid":{"rendered":"https:\/\/myspainfood.com\/producto\/olive-chupadedos-aguedo-2-kg-cistej-hmotnosti\/"},"modified":"2025-04-10T12:10:57","modified_gmt":"2025-04-10T10:10:57","slug":"olive-chupadedos-aguedo-2-kg-cistej-hmotnosti","status":"publish","type":"product","link":"https:\/\/myspainfood.com\/sk\/producto\/olive-chupadedos-aguedo-2-kg-cistej-hmotnosti\/","title":{"rendered":"Olive Chupadedos Aguedo 2 kg \u010distej hmotnosti"},"content":{"rendered":"<div>\n<p>V spolo\u010dnosti ACEITUNAS AGUEDO zaru\u010dujeme dokonalos\u0165 na\u0161ich v\u00fdrobkov, ktor\u00e9 sp\u00e1jaj\u00fa trad\u00edciu a nov\u00e9 technol\u00f3gie. Pon\u00fakame profesionalitu rodinnej firmy, ktor\u00e1 neust\u00e1le rastie a ktorej jedin\u00fdm cie\u013eom je spokojnos\u0165 na\u0161ich z\u00e1kazn\u00edkov. <\/p>\n<p>Na v\u0161etky v\u00fdrobn\u00e9 procesy dohliadame od za\u010diatku a\u017e do konca, len tak dosiahneme MAXIM\u00c1LNE v\u00fdrobky.<\/p>\n<\/div>\n<div class=\"leo_camara_desc\">Na\u0161im z\u00e1kazn\u00edkom pon\u00fakame najzdrav\u0161ie a najprirodzenej\u0161ie ob\u010derstvenie s nezamenite\u013enou chu\u0165ou a najvy\u0161\u0161ou kvalitou.<\/div>\n","protected":false},"excerpt":{"rendered":"<p>V spolo\u010dnosti ACEITUNAS AGUEDO zaru\u010dujeme dokonalos\u0165 na\u0161ich v\u00fdrobkov, ktor\u00e9 sp\u00e1jaj\u00fa trad\u00edciu a nov\u00e9 technol\u00f3gie. Pon\u00fakame profesionalitu rodinnej firmy, ktor\u00e1 neust\u00e1le rastie a ktorej jedin\u00fdm cie\u013eom je spokojnos\u0165 na\u0161ich z\u00e1kazn\u00edkov. Na v\u0161etky v\u00fdrobn\u00e9 procesy dohliadame od za\u010diatku a\u017e do konca, len tak dosiahneme MAXIM\u00c1LNE v\u00fdrobky. Na\u0161im z\u00e1kazn\u00edkom pon\u00fakame najzdrav\u0161ie a najprirodzenej\u0161ie ob\u010derstvenie s nezamenite\u013enou chu\u0165ou a [&hellip;]<\/p>\n","protected":false},"featured_media":18134,"template":"","meta":{"_et_pb_use_builder":"","_et_pb_old_content":"","_et_gb_content_width":""},"product_brand":[1397],"product_cat":[1730,1728],"product_tag":[2054],"class_list":{"0":"post-18132","1":"product","2":"type-product","3":"status-publish","4":"has-post-thumbnail","6":"product_brand-aguedo","7":"product_cat-olivy","8":"product_cat-uhorky","9":"product_tag-harmancek","11":"first","12":"outofstock","13":"taxable","14":"shipping-taxable","15":"purchasable","16":"product-type-simple"},"_links":{"self":[{"href":"https:\/\/myspainfood.com\/sk\/wp-json\/wp\/v2\/product\/18132","targetHints":{"allow":["GET"]}}],"collection":[{"href":"https:\/\/myspainfood.com\/sk\/wp-json\/wp\/v2\/product"}],"about":[{"href":"https:\/\/myspainfood.com\/sk\/wp-json\/wp\/v2\/types\/product"}],"wp:featuredmedia":[{"embeddable":true,"href":"https:\/\/myspainfood.com\/sk\/wp-json\/wp\/v2\/media\/18134"}],"wp:attachment":[{"href":"https:\/\/myspainfood.com\/sk\/wp-json\/wp\/v2\/media?parent=18132"}],"wp:term":[{"taxonomy":"product_brand","embeddable":true,"href":"https:\/\/myspainfood.com\/sk\/wp-json\/wp\/v2\/product_brand?post=18132"},{"taxonomy":"product_cat","embeddable":true,"href":"https:\/\/myspainfood.com\/sk\/wp-json\/wp\/v2\/product_cat?post=18132"},{"taxonomy":"product_tag","embeddable":true,"href":"https:\/\/myspainfood.com\/sk\/wp-json\/wp\/v2\/product_tag?post=18132"}],"curies":[{"name":"wp","href":"https:\/\/api.w.org\/{rel}","templated":true}]}}